{"id":4631,"date":"2024-07-25T22:06:48","date_gmt":"2024-07-25T20:06:48","guid":{"rendered":"https:\/\/www.chaper.es\/?page_id=4631"},"modified":"2025-03-08T11:46:56","modified_gmt":"2025-03-08T10:46:56","slug":"elementos-urbanos","status":"publish","type":"page","link":"https:\/\/www.chaper.es\/es\/elementos-urbanos\/","title":{"rendered":"ELEMENTOS URBANOS"},"content":{"rendered":"<h1>\n<\/h1>\n<div>\n<p><style>\n        body {\n            font-family: 'Arial', sans-serif;\n            margin: 0;\n            padding: 0;\n            background-color: #f4f4f4;\n            color: #333;\n            line-height: 1.6;\n        }\n        .container {\n            width: 80%;\n            margin: 0 auto;\n            overflow: hidden;\n            padding: 20px;\n            background: #fff;\n            box-shadow: 0 0 10px rgba(0, 0, 0, 0.1);\n        }\n        h1 {\n            color: #2c3e50;\n            text-align: center;\n            margin-bottom: 20px;\n        }\n        p {\n            margin: 20px 0;\n        }\n        .highlight {\n            color: #e74c3c;\n            font-weight: bold;\n        }\n        .intro {\n            background: url('urban-background.jpg') no-repeat center center\/cover;\n            color: #fff;\n            padding: 40px;\n            text-align: center;\n        }\n        .intro h1 {\n            color: #fff;\n            text-shadow: 2px 2px 4px rgba(0, 0, 0, 0.5);\n        }\n        .list {\n            margin: 20px 0;\n            padding-left: 20px;\n        }\n        .list li {\n            margin-bottom: 10px;\n        }\n    <\/style>\n<\/p>\n<div class=\"intro\">\n<h1>Elementos Urbanos<\/h1>\n<p>Per un entorn de m\u00e9s qualitat<\/p>\n<\/div>\n<div class=\"container\">\n<p>En Chaper podemos ofrecerle variedad de elementos de mobiliario como bancos, papeleras, jardineras, fitones, barandillas y mesas. Tambi\u00e9n tenemos todo tipo de complementos como:<\/p>\n<ul class=\"list\">\n<li>Carteleras con aberturas laterales o frontales<\/li>\n<li>Paneles publicitarios (el\u00edpticos, electorales)<\/li>\n<li>Elementos para el transporte urbano (marquesinas, se\u00f1ales paradas de bus)<\/li>\n<li>Carteles de obras<br \/>Promociones de viviendas<\/li>\n<\/ul>\n<\/div>\n<\/div>\n<h1>\n<p style=\"color: white;\">ITEMS RELACIONADOS<\/p>\n<\/p>\n<\/h1>\n<ul>\n<li>\n<p>        <img decoding=\"async\" src=\"\/wp-content\/uploads\/2024\/07\/17935_w.png\" alt=\"\"><\/p>\n<\/li>\n<li>\n<p>        <img decoding=\"async\" src=\"\/wp-content\/uploads\/2024\/07\/17935_w.png\" alt=\"\"><\/p>\n<\/li>\n<li>\n<p>        <img decoding=\"async\" src=\"\/wp-content\/uploads\/2024\/07\/17935_w.png\" alt=\"\"><\/p>\n<\/li>\n<\/ul>\n<div>\n<p style=\"color:red\">Ver otras categor\u00edas<\/p>\n<\/div>\n<p><!--more--><br \/>\n<!-- {\"type\":\"layout\",\"children\":[{\"type\":\"section\",\"props\":{\"height\":\"viewport\",\"height_viewport\":80,\"image\":\"wp-content\\\/uploads\\\/2024\\\/07\\\/EM_Banc_03.jpg\",\"image_position\":\"center-center\",\"image_size\":\"cover\",\"media_visibility\":\"l\",\"style\":\"default\",\"title_breakpoint\":\"xl\",\"title_position\":\"top-left\",\"title_rotation\":\"left\",\"vertical_align\":\"middle\",\"width\":\"xlarge\"},\"children\":[{\"type\":\"row\",\"children\":[{\"type\":\"column\",\"props\":{\"image_position\":\"center-center\",\"position_sticky_breakpoint\":\"m\"},\"children\":[{\"type\":\"headline\",\"props\":{\"content\":\"\n\n<p><\\\/p>\",\"title_element\":\"h1\"}}]}]}]},{\"type\":\"section\",\"props\":{\"image_position\":\"center-center\",\"style\":\"default\",\"title_breakpoint\":\"xl\",\"title_position\":\"top-left\",\"title_rotation\":\"left\",\"vertical_align\":\"middle\",\"width\":\"default\"},\"children\":[{\"type\":\"row\",\"children\":[{\"type\":\"column\",\"props\":{\"image_position\":\"center-center\",\"position_sticky_breakpoint\":\"m\"},\"children\":[{\"type\":\"text\",\"props\":{\"column_breakpoint\":\"m\",\"content\":\"\n\n<p><\\\/p>\\n\n\n<p>\n\n<style>\\n        body {\\n            font-family: 'Arial', sans-serif;\\n            margin: 0;\\n            padding: 0;\\n            background-color: #f4f4f4;\\n            color: #333;\\n            line-height: 1.6;\\n        }\\n        .container {\\n            width: 80%;\\n            margin: 0 auto;\\n            overflow: hidden;\\n            padding: 20px;\\n            background: #fff;\\n            box-shadow: 0 0 10px rgba(0, 0, 0, 0.1);\\n        }\\n        h1 {\\n            color: #2c3e50;\\n            text-align: center;\\n            margin-bottom: 20px;\\n        }\\n        p {\\n            margin: 20px 0;\\n        }\\n        .highlight {\\n            color: #e74c3c;\\n            font-weight: bold;\\n        }\\n        .intro {\\n            background: url('urban-background.jpg') no-repeat center center\\\/cover;\\n            color: #fff;\\n            padding: 40px;\\n            text-align: center;\\n        }\\n        .intro h1 {\\n            color: #fff;\\n            text-shadow: 2px 2px 4px rgba(0, 0, 0, 0.5);\\n        }\\n        .list {\\n            margin: 20px 0;\\n            padding-left: 20px;\\n        }\\n        .list li {\\n            margin-bottom: 10px;\\n        }\\n    <\\\/style><\\\/p>\\n\n\n<div class=\\\"intro\\\">\\n\n\n<h1>Elementos Urbanos<\\\/h1>\\n\n\n<p>Per un entorn de m\\u00e9s qualitat<\\\/p>\\n<\\\/div>\\n\n\n<div class=\\\"container\\\">\\n\n\n<p>En Chaper podemos ofrecerle variedad de elementos de mobiliario como bancos, papeleras, jardineras, fitones, barandillas y mesas. Tambi\\u00e9n tenemos todo tipo de complementos como:<\\\/p>\\n\n\n<ul class=\\\"list\\\">\\n\n\n<li>Carteleras con aberturas laterales o frontales<\\\/li>\\n\n\n<li>Paneles publicitarios (el\\u00edpticos, electorales)<\\\/li>\\n\n\n<li>Elementos para el transporte urbano (marquesinas, se\\u00f1ales paradas de bus)<\\\/li>\\n\n\n<li>Carteles de obras<br \\\/>Promociones de viviendas<\\\/li>\\n<\\\/ul>\\n<\\\/div>\",\"margin\":\"default\"}}]}]}]},{\"type\":\"section\",\"props\":{\"image_position\":\"center-center\",\"style\":\"default\",\"title_breakpoint\":\"xl\",\"title_position\":\"top-left\",\"title_rotation\":\"left\",\"vertical_align\":\"middle\",\"width\":\"default\"},\"children\":[{\"type\":\"row\",\"children\":[{\"type\":\"column\",\"props\":{\"image_position\":\"center-center\",\"position_sticky_breakpoint\":\"m\"},\"children\":[{\"type\":\"headline\",\"props\":{\"content\":\"\n\n<p style=\\\"color: white;\\\">ITEMS RELACIONADOS<\\\/p>\\n\n\n<p><\\\/p>\",\"text_align\":\"center\",\"title_element\":\"h1\"}},{\"type\":\"panel-slider\",\"props\":{\"content_column_breakpoint\":\"m\",\"icon_width\":80,\"image_align\":\"top\",\"image_grid_breakpoint\":\"m\",\"image_grid_width\":\"1-2\",\"image_height\":\"400\",\"image_svg_color\":\"emphasis\",\"image_width\":\"400\",\"link_style\":\"default\",\"link_text\":\"+INFO\",\"margin\":\"default\",\"meta_align\":\"below-title\",\"meta_element\":\"div\",\"meta_style\":\"text-meta\",\"nav\":\"dotnav\",\"nav_align\":\"center\",\"nav_breakpoint\":\"s\",\"panel_match\":true,\"show_content\":true,\"show_hover_image\":true,\"show_hover_video\":true,\"show_image\":true,\"show_link\":true,\"show_meta\":true,\"show_title\":true,\"show_video\":true,\"slidenav\":\"outside\",\"slidenav_breakpoint\":\"xl\",\"slidenav_margin\":\"medium\",\"slidenav_outside_breakpoint\":\"xl\",\"slider_autoplay_pause\":true,\"slider_gap\":\"default\",\"slider_width\":\"fixed\",\"slider_width_default\":\"1-1\",\"slider_width_medium\":\"1-3\",\"title_align\":\"top\",\"title_element\":\"h3\",\"title_grid_breakpoint\":\"m\",\"title_grid_width\":\"1-2\",\"title_hover_style\":\"reset\"},\"children\":[{\"type\":\"panel-slider_item\",\"props\":{\"image\":\"wp-content\\\/uploads\\\/2024\\\/07\\\/17935_w.png\"}},{\"type\":\"panel-slider_item\",\"props\":{\"image\":\"wp-content\\\/uploads\\\/2024\\\/07\\\/17935_w.png\"}},{\"type\":\"panel-slider_item\",\"props\":{\"image\":\"wp-content\\\/uploads\\\/2024\\\/07\\\/17935_w.png\"}}]},{\"type\":\"text\",\"props\":{\"column_breakpoint\":\"m\",\"content\":\"\n\n<p style=\\\"color:red\\\">Ver otras categor\\u00edas<\\\/p>\",\"margin\":\"default\"}},{\"type\":\"module\",\"props\":{\"menu_image_align\":\"center\",\"menu_image_margin\":true,\"menu_style\":\"default\",\"menu_type\":\"nav\",\"type\":\"categories\",\"widget\":\"categories-2\"}}]}]}]}],\"version\":\"4.5.9\"} --><\/p>\n","protected":false},"excerpt":{"rendered":"<p>Elementos Urbanos Per un entorn de m\u00e9s qualitat En Chaper podemos ofrecerle variedad de elementos de mobiliario como bancos, papeleras, jardineras, fitones, barandillas y mesas. Tambi\u00e9n tenemos todo tipo de complementos como: Carteleras con aberturas laterales o frontales Paneles publicitarios (el\u00edpticos, electorales) Elementos para el transporte urbano (marquesinas, se\u00f1ales paradas de bus) Carteles de obrasPromociones [&hellip;]<\/p>\n","protected":false},"author":3,"featured_media":0,"parent":0,"menu_order":0,"comment_status":"closed","ping_status":"closed","template":"","meta":{"footnotes":""},"categories":[93,92],"tags":[],"class_list":["post-4631","page","type-page","status-publish","hentry","category-elementos-urbanos-es","category-entorno-es"],"_links":{"self":[{"href":"https:\/\/www.chaper.es\/es\/wp-json\/wp\/v2\/pages\/4631","targetHints":{"allow":["GET"]}}],"collection":[{"href":"https:\/\/www.chaper.es\/es\/wp-json\/wp\/v2\/pages"}],"about":[{"href":"https:\/\/www.chaper.es\/es\/wp-json\/wp\/v2\/types\/page"}],"author":[{"embeddable":true,"href":"https:\/\/www.chaper.es\/es\/wp-json\/wp\/v2\/users\/3"}],"replies":[{"embeddable":true,"href":"https:\/\/www.chaper.es\/es\/wp-json\/wp\/v2\/comments?post=4631"}],"version-history":[{"count":4,"href":"https:\/\/www.chaper.es\/es\/wp-json\/wp\/v2\/pages\/4631\/revisions"}],"predecessor-version":[{"id":4636,"href":"https:\/\/www.chaper.es\/es\/wp-json\/wp\/v2\/pages\/4631\/revisions\/4636"}],"wp:attachment":[{"href":"https:\/\/www.chaper.es\/es\/wp-json\/wp\/v2\/media?parent=4631"}],"wp:term":[{"taxonomy":"category","embeddable":true,"href":"https:\/\/www.chaper.es\/es\/wp-json\/wp\/v2\/categories?post=4631"},{"taxonomy":"post_tag","embeddable":true,"href":"https:\/\/www.chaper.es\/es\/wp-json\/wp\/v2\/tags?post=4631"}],"curies":[{"name":"wp","href":"https:\/\/api.w.org\/{rel}","templated":true}]}}