{"id":4645,"date":"2024-07-27T14:06:28","date_gmt":"2024-07-27T12:06:28","guid":{"rendered":"https:\/\/www.chaper.es\/?page_id=4645"},"modified":"2025-03-16T10:15:03","modified_gmt":"2025-03-16T09:15:03","slug":"carteleras-y-plafones-informativos","status":"publish","type":"page","link":"https:\/\/www.chaper.es\/es\/carteleras-y-plafones-informativos\/","title":{"rendered":"CARTELERAS Y PLAFONES INFORMATIVOS"},"content":{"rendered":"<h1>CARTELERAS Y PLAFONES INFORMATIVOS<\/h1>\n<div>\n<p>    <a class=\"uk-button uk-button-default\" href=\"javascript:history.back()\"><span uk-icon=arrow-left><\/span><\/a>\n<\/div>\n<div>PRODUCTOS RELACIONADOS<\/div>\n<ul>\n<li>\n<p>        <img decoding=\"async\" src=\"\/wp-content\/uploads\/2024\/11\/Cartellera-Mediambiental-Teulada-scaled.jpg\" alt=\"\"><\/p>\n<h3>dav<\/h3>\n<\/li>\n<li>\n<p>        <img decoding=\"async\" src=\"\/wp-content\/uploads\/2024\/11\/Cartellera_Urus.jpg\" alt=\"\"><\/p>\n<h3>Cartelera Ur\u00fas<\/h3>\n<\/li>\n<li>\n<p>        <img decoding=\"async\" src=\"\/wp-content\/uploads\/2024\/11\/Cartellera_St.-Joan-Abadesses.jpg\" alt=\"\"><\/p>\n<h3>bty<\/h3>\n<\/li>\n<li>\n<p>        <img decoding=\"async\" src=\"\/wp-content\/uploads\/2024\/11\/Cartellera_St.-Cebria-de-Vallalta.jpg\" alt=\"\"><\/p>\n<h3>Cartelera St. Cebri\u00e0 de Vallalta<\/h3>\n<\/li>\n<li>\n<p>        <img decoding=\"async\" src=\"\/wp-content\/uploads\/2024\/11\/Cartellera_senders.jpg\" alt=\"\"><\/p>\n<h3>Cartelera senderos<\/h3>\n<\/li>\n<li>\n<p>        <img decoding=\"async\" src=\"\/wp-content\/uploads\/2024\/11\/Cartellera_obres.jpg\" alt=\"\"><\/p>\n<h3>Cartelera obras<\/h3>\n<\/li>\n<li>\n<p>        <img decoding=\"async\" src=\"\/wp-content\/uploads\/2024\/11\/Cartellera_Mediambiental-1-scaled.jpg\" alt=\"\"><\/p>\n<h3>Cartelera Medioambiental<\/h3>\n<\/li>\n<li>\n<p>        <img decoding=\"async\" src=\"\/wp-content\/uploads\/2024\/11\/Cartellera_Itinerania-scaled.jpg\" alt=\"\"><\/p>\n<h3>Cartelera Itinerania<\/h3>\n<\/li>\n<li>\n<p>        <img decoding=\"async\" src=\"\/wp-content\/uploads\/2024\/11\/Cartellera_Espai-interes-natural.jpg\" alt=\"\"><\/p>\n<h3>Cartelera Espacio inter\u00e9s natural<\/h3>\n<\/li>\n<li>\n<p>        <img decoding=\"async\" src=\"\/wp-content\/uploads\/2024\/11\/Cartellera_Consorci-del-Ter-scaled.jpg\" alt=\"\"><\/p>\n<h3>Cartelera Consorcio del Ter<\/h3>\n<\/li>\n<li>\n<p>        <img decoding=\"async\" src=\"\/wp-content\/uploads\/2024\/11\/Cartellera_Campelles.jpg\" alt=\"\"><\/p>\n<h3>Cartelera Campelles<\/h3>\n<\/li>\n<li>\n<p>        <img decoding=\"async\" src=\"\/wp-content\/uploads\/2024\/11\/Cartellera_Baix-LLobregat.jpg\" alt=\"\"><\/p>\n<h3>Cartelera Baix LLobregat<\/h3>\n<\/li>\n<li>\n<p>        <img decoding=\"async\" src=\"\/wp-content\/uploads\/2024\/11\/CARTELLERA-XARXA-CARRIL-BICI-scaled.jpg\" alt=\"\"><\/p>\n<h3>Cartelera red carrill bici<\/h3>\n<\/li>\n<li>\n<p>        <img decoding=\"async\" src=\"\/wp-content\/uploads\/2024\/11\/Cartellera-Teulada-amb-Vitrina.jpg\" alt=\"\"><\/p>\n<h3>dav<\/h3>\n<\/li>\n<li>\n<p>        <img decoding=\"async\" src=\"\/wp-content\/uploads\/2024\/11\/Cartellera-Normativa-i-bones-practiques.jpg\" alt=\"\"><\/p>\n<h3>Cartelera Normativa y buenas pr\u00e1cticas<\/h3>\n<\/li>\n<li>\n<p>        <img decoding=\"async\" src=\"\/wp-content\/uploads\/2024\/11\/Cartellera_Vilamos-scaled.jpg\" alt=\"\"><\/p>\n<h3>Cartelera Vilam\u00f3s<\/h3>\n<\/li>\n<li>\n<p>        <img decoding=\"async\" src=\"\/wp-content\/uploads\/2024\/12\/CARTELLERA-PUBLICITARIA-scaled.jpg\" alt=\"\"><\/p>\n<h3>Cartelera publicitaria<\/h3>\n<\/li>\n<li>\n<p>        <img decoding=\"async\" src=\"\/wp-content\/uploads\/2024\/12\/PLAFONS-PUBLICITARIS-ELIPTICS.jpg\" alt=\"\"><\/p>\n<h3>OLYMPUS DIGITAL CAMERA<\/h3>\n<\/li>\n<\/ul>\n<p><!--more--><br \/>\n<!-- {\"type\":\"layout\",\"children\":[{\"type\":\"section\",\"props\":{\"image_position\":\"center-center\",\"style\":\"default\",\"title_breakpoint\":\"xl\",\"title_position\":\"top-left\",\"title_rotation\":\"left\",\"vertical_align\":\"middle\",\"width\":\"default\"},\"children\":[{\"type\":\"row\",\"children\":[{\"type\":\"column\",\"props\":{\"image_position\":\"center-center\",\"position_sticky_breakpoint\":\"m\"},\"children\":[{\"type\":\"headline\",\"props\":{\"content\":\"CARTELERAS Y PLAFONES INFORMATIVOS\",\"title_element\":\"h1\"}}]}]}]},{\"type\":\"section\",\"props\":{\"image_position\":\"center-center\",\"style\":\"default\",\"title_breakpoint\":\"xl\",\"title_position\":\"top-left\",\"title_rotation\":\"left\",\"vertical_align\":\"middle\",\"width\":\"default\"},\"children\":[{\"type\":\"row\",\"children\":[{\"type\":\"column\",\"props\":{\"image_position\":\"center-center\",\"position_sticky_breakpoint\":\"m\"},\"children\":[{\"type\":\"html\",\"props\":{\"content\":\"<a class=\\\"uk-button uk-button-default\\\" href=\\\"javascript:history.back()\\\"><span uk-icon=arrow-left><\\\/span><\\\/a>\"}}]}]}]},{\"type\":\"section\",\"props\":{\"image_position\":\"center-center\",\"style\":\"default\",\"title_breakpoint\":\"xl\",\"title_position\":\"top-left\",\"title_rotation\":\"left\",\"vertical_align\":\"middle\",\"width\":\"default\"},\"children\":[{\"type\":\"row\",\"children\":[{\"type\":\"column\",\"props\":{\"image_position\":\"center-center\",\"position_sticky_breakpoint\":\"m\"},\"children\":[{\"type\":\"text\",\"props\":{\"column_breakpoint\":\"m\",\"content\":\"PRODUCTOS RELACIONADOS\",\"margin\":\"default\"}},{\"type\":\"panel-slider\",\"props\":{\"content_column_breakpoint\":\"m\",\"icon_width\":80,\"image_align\":\"top\",\"image_grid_breakpoint\":\"m\",\"image_grid_width\":\"1-2\",\"image_height\":\"400\",\"image_svg_color\":\"emphasis\",\"image_width\":\"400\",\"link_style\":\"default\",\"link_text\":\"Read more\",\"margin\":\"default\",\"meta_align\":\"below-title\",\"meta_element\":\"div\",\"meta_style\":\"text-meta\",\"nav\":\"dotnav\",\"nav_align\":\"center\",\"nav_breakpoint\":\"s\",\"panel_match\":true,\"show_content\":true,\"show_hover_image\":true,\"show_hover_video\":true,\"show_image\":true,\"show_link\":true,\"show_meta\":true,\"show_title\":true,\"show_video\":true,\"slidenav\":\"outside\",\"slidenav_breakpoint\":\"xl\",\"slidenav_margin\":\"medium\",\"slidenav_outside_breakpoint\":\"xl\",\"slider_autoplay_pause\":true,\"slider_gap\":\"default\",\"slider_width\":\"fixed\",\"slider_width_default\":\"1-1\",\"slider_width_medium\":\"1-3\",\"status\":\"disabled\",\"title_align\":\"top\",\"title_element\":\"h3\",\"title_grid_breakpoint\":\"m\",\"title_grid_width\":\"1-2\",\"title_hover_style\":\"reset\"},\"children\":[{\"type\":\"panel-slider_item\",\"props\":{\"image\":\"wp-content\\\/uploads\\\/2024\\\/11\\\/Cartellera-Mediambiental-Teulada-scaled.jpg\",\"title\":\"dav\"}},{\"type\":\"panel-slider_item\",\"props\":{\"image\":\"wp-content\\\/uploads\\\/2024\\\/11\\\/Cartellera-Normativa-i-bones-practiques.jpg\",\"title\":\"Cartellera Normativa i bones pr\\u00e0ctiques\"}},{\"type\":\"panel-slider_item\",\"props\":{\"image\":\"wp-content\\\/uploads\\\/2024\\\/11\\\/Cartellera-Teulada-amb-Vitrina.jpg\",\"title\":\"dav\"}},{\"type\":\"panel-slider_item\",\"props\":{\"image\":\"wp-content\\\/uploads\\\/2024\\\/11\\\/CARTELLERA-XARXA-CARRIL-BICI-scaled.jpg\",\"title\":\"CARTELLERA XARXA CARRIL BICI\"}},{\"type\":\"panel-slider_item\",\"props\":{\"image\":\"wp-content\\\/uploads\\\/2024\\\/11\\\/Cartellera_Baix-LLobregat.jpg\",\"title\":\"Cartellera_Baix LLobregat\"}},{\"type\":\"panel-slider_item\",\"props\":{\"image\":\"wp-content\\\/uploads\\\/2024\\\/11\\\/Cartellera_Campelles.jpg\",\"title\":\"Cartellera_Campelles\"}},{\"type\":\"panel-slider_item\",\"props\":{\"image\":\"wp-content\\\/uploads\\\/2024\\\/11\\\/Cartellera_Consorci-del-Ter-scaled.jpg\",\"title\":\"Cartellera_Consorci del Ter\"}},{\"type\":\"panel-slider_item\",\"props\":{\"image\":\"wp-content\\\/uploads\\\/2024\\\/11\\\/Cartellera_Espai-interes-natural.jpg\",\"title\":\"Cartellera_Espai inter\\u00e9s natural\"}},{\"type\":\"panel-slider_item\",\"props\":{\"image\":\"wp-content\\\/uploads\\\/2024\\\/11\\\/Cartellera_Itinerania-scaled.jpg\",\"title\":\"Cartellera_Itinerania\"}},{\"type\":\"panel-slider_item\",\"props\":{\"image\":\"wp-content\\\/uploads\\\/2024\\\/11\\\/Cartellera_Mediambiental-1-scaled.jpg\",\"title\":\"Cartellera_Mediambiental\"}},{\"type\":\"panel-slider_item\",\"props\":{\"image\":\"wp-content\\\/uploads\\\/2024\\\/11\\\/Cartellera_obres.jpg\",\"title\":\"Cartellera_obres\"}},{\"type\":\"panel-slider_item\",\"props\":{\"image\":\"wp-content\\\/uploads\\\/2024\\\/11\\\/Cartellera_senders.jpg\",\"title\":\"Cartellera_senders\"}},{\"type\":\"panel-slider_item\",\"props\":{\"image\":\"wp-content\\\/uploads\\\/2024\\\/11\\\/Cartellera_St.-Cebria-de-Vallalta.jpg\",\"title\":\"Cartellera_St. Cebri\\u00e0 de Vallalta\"}},{\"type\":\"panel-slider_item\",\"props\":{\"image\":\"wp-content\\\/uploads\\\/2024\\\/11\\\/Cartellera_St.-Joan-Abadesses.jpg\",\"title\":\"bty\"}},{\"type\":\"panel-slider_item\",\"props\":{\"image\":\"wp-content\\\/uploads\\\/2024\\\/11\\\/Cartellera_Urus.jpg\",\"title\":\"Cartellera_Ur\\u00fas\"}},{\"type\":\"panel-slider_item\",\"props\":{\"image\":\"wp-content\\\/uploads\\\/2024\\\/11\\\/Cartellera_Vilamos-scaled.jpg\",\"title\":\"Cartellera_Vilam\\u00f3s\"}}]},{\"type\":\"gallery\",\"props\":{\"filter_align\":\"left\",\"filter_all\":true,\"filter_grid_breakpoint\":\"m\",\"filter_grid_width\":\"auto\",\"filter_position\":\"top\",\"filter_style\":\"tab\",\"grid_default\":\"1\",\"grid_medium\":\"3\",\"image_height\":\"600\",\"image_width\":\"600\",\"item_animation\":true,\"lightbox_bg_close\":true,\"link_style\":\"default\",\"link_text\":\"Read more\",\"margin\":\"default\",\"meta_align\":\"below-title\",\"meta_element\":\"div\",\"meta_style\":\"text-meta\",\"overlay_hover\":true,\"overlay_mode\":\"cover\",\"overlay_position\":\"center\",\"overlay_style\":\"overlay-primary\",\"overlay_transition\":\"fade\",\"show_content\":true,\"show_hover_image\":true,\"show_hover_video\":true,\"show_link\":true,\"show_meta\":true,\"show_title\":true,\"text_align\":\"center\",\"text_color\":\"light\",\"title_element\":\"h3\",\"title_hover_style\":\"reset\"},\"children\":[{\"type\":\"gallery_item\",\"props\":{\"image\":\"wp-content\\\/uploads\\\/2024\\\/11\\\/Cartellera-Mediambiental-Teulada-scaled.jpg\",\"title\":\"dav\"}},{\"type\":\"gallery_item\",\"props\":{\"image\":\"wp-content\\\/uploads\\\/2024\\\/11\\\/Cartellera_Urus.jpg\",\"title\":\"Cartelera Ur\\u00fas\"}},{\"type\":\"gallery_item\",\"props\":{\"image\":\"wp-content\\\/uploads\\\/2024\\\/11\\\/Cartellera_St.-Joan-Abadesses.jpg\",\"title\":\"bty\"}},{\"type\":\"gallery_item\",\"props\":{\"image\":\"wp-content\\\/uploads\\\/2024\\\/11\\\/Cartellera_St.-Cebria-de-Vallalta.jpg\",\"title\":\"Cartelera St. Cebri\\u00e0 de Vallalta\"}},{\"type\":\"gallery_item\",\"props\":{\"image\":\"wp-content\\\/uploads\\\/2024\\\/11\\\/Cartellera_senders.jpg\",\"title\":\"Cartelera senderos\"}},{\"type\":\"gallery_item\",\"props\":{\"image\":\"wp-content\\\/uploads\\\/2024\\\/11\\\/Cartellera_obres.jpg\",\"title\":\"Cartelera obras\"}},{\"type\":\"gallery_item\",\"props\":{\"image\":\"wp-content\\\/uploads\\\/2024\\\/11\\\/Cartellera_Mediambiental-1-scaled.jpg\",\"title\":\"Cartelera Medioambiental\"}},{\"type\":\"gallery_item\",\"props\":{\"image\":\"wp-content\\\/uploads\\\/2024\\\/11\\\/Cartellera_Itinerania-scaled.jpg\",\"title\":\"Cartelera Itinerania\"}},{\"type\":\"gallery_item\",\"props\":{\"image\":\"wp-content\\\/uploads\\\/2024\\\/11\\\/Cartellera_Espai-interes-natural.jpg\",\"title\":\"Cartelera Espacio inter\\u00e9s natural\"}},{\"type\":\"gallery_item\",\"props\":{\"image\":\"wp-content\\\/uploads\\\/2024\\\/11\\\/Cartellera_Consorci-del-Ter-scaled.jpg\",\"title\":\"Cartelera Consorcio del Ter\"}},{\"type\":\"gallery_item\",\"props\":{\"image\":\"wp-content\\\/uploads\\\/2024\\\/11\\\/Cartellera_Campelles.jpg\",\"title\":\"Cartelera Campelles\"}},{\"type\":\"gallery_item\",\"props\":{\"image\":\"wp-content\\\/uploads\\\/2024\\\/11\\\/Cartellera_Baix-LLobregat.jpg\",\"title\":\"Cartelera Baix LLobregat\"}},{\"type\":\"gallery_item\",\"props\":{\"image\":\"wp-content\\\/uploads\\\/2024\\\/11\\\/CARTELLERA-XARXA-CARRIL-BICI-scaled.jpg\",\"title\":\"Cartelera red carrill bici\"}},{\"type\":\"gallery_item\",\"props\":{\"image\":\"wp-content\\\/uploads\\\/2024\\\/11\\\/Cartellera-Teulada-amb-Vitrina.jpg\",\"title\":\"dav\"}},{\"type\":\"gallery_item\",\"props\":{\"image\":\"wp-content\\\/uploads\\\/2024\\\/11\\\/Cartellera-Normativa-i-bones-practiques.jpg\",\"title\":\"Cartelera Normativa y buenas pr\\u00e1cticas\"}},{\"type\":\"gallery_item\",\"props\":{\"image\":\"wp-content\\\/uploads\\\/2024\\\/11\\\/Cartellera_Vilamos-scaled.jpg\",\"title\":\"Cartelera Vilam\\u00f3s\"}},{\"type\":\"gallery_item\",\"props\":{\"image\":\"wp-content\\\/uploads\\\/2024\\\/12\\\/CARTELLERA-PUBLICITARIA-scaled.jpg\",\"title\":\"Cartelera publicitaria\"}},{\"type\":\"gallery_item\",\"props\":{\"image\":\"wp-content\\\/uploads\\\/2024\\\/12\\\/PLAFONS-PUBLICITARIS-ELIPTICS.jpg\",\"title\":\"OLYMPUS DIGITAL CAMERA\"}}]}]}]}]}],\"version\":\"4.5.10\"} --><\/p>\n","protected":false},"excerpt":{"rendered":"<p>CARTELERAS Y PLAFONES INFORMATIVOS PRODUCTOS RELACIONADOS dav Cartelera Ur\u00fas bty Cartelera St. Cebri\u00e0 de Vallalta Cartelera senderos Cartelera obras Cartelera Medioambiental Cartelera Itinerania Cartelera Espacio inter\u00e9s natural Cartelera Consorcio del Ter Cartelera Campelles Cartelera Baix LLobregat Cartelera red carrill bici dav Cartelera Normativa y buenas pr\u00e1cticas Cartelera Vilam\u00f3s Cartelera publicitaria OLYMPUS DIGITAL CAMERA<\/p>","protected":false},"author":1,"featured_media":0,"parent":0,"menu_order":0,"comment_status":"closed","ping_status":"closed","template":"","meta":{"footnotes":""},"categories":[106,105],"tags":[],"class_list":["post-4645","page","type-page","status-publish","hentry","category-carteleras-y-plafones-informativos-es","category-senalizacion-es"],"_links":{"self":[{"href":"https:\/\/www.chaper.es\/es\/wp-json\/wp\/v2\/pages\/4645","targetHints":{"allow":["GET"]}}],"collection":[{"href":"https:\/\/www.chaper.es\/es\/wp-json\/wp\/v2\/pages"}],"about":[{"href":"https:\/\/www.chaper.es\/es\/wp-json\/wp\/v2\/types\/page"}],"author":[{"embeddable":true,"href":"https:\/\/www.chaper.es\/es\/wp-json\/wp\/v2\/users\/1"}],"replies":[{"embeddable":true,"href":"https:\/\/www.chaper.es\/es\/wp-json\/wp\/v2\/comments?post=4645"}],"version-history":[{"count":5,"href":"https:\/\/www.chaper.es\/es\/wp-json\/wp\/v2\/pages\/4645\/revisions"}],"predecessor-version":[{"id":5166,"href":"https:\/\/www.chaper.es\/es\/wp-json\/wp\/v2\/pages\/4645\/revisions\/5166"}],"wp:attachment":[{"href":"https:\/\/www.chaper.es\/es\/wp-json\/wp\/v2\/media?parent=4645"}],"wp:term":[{"taxonomy":"category","embeddable":true,"href":"https:\/\/www.chaper.es\/es\/wp-json\/wp\/v2\/categories?post=4645"},{"taxonomy":"post_tag","embeddable":true,"href":"https:\/\/www.chaper.es\/es\/wp-json\/wp\/v2\/tags?post=4645"}],"curies":[{"name":"wp","href":"https:\/\/api.w.org\/{rel}","templated":true}]}}