{"id":4728,"date":"2025-03-08T16:08:05","date_gmt":"2025-03-08T15:08:05","guid":{"rendered":"https:\/\/www.chaper.es\/?page_id=4728"},"modified":"2025-03-21T10:47:35","modified_gmt":"2025-03-21T09:47:35","slug":"atriles-modulo-alt-urgell","status":"publish","type":"page","link":"https:\/\/www.chaper.es\/es\/atriles-modulo-alt-urgell\/","title":{"rendered":"ATRILES &#8211; M\u00d3DULO &#8211; ALT URGELL"},"content":{"rendered":"<div>\n<p>    <a class=\"uk-button uk-button-default\" href=\"javascript:history.back()\"><span uk-icon=arrow-left><\/span><\/a>\n<\/div>\n<h1>ALT URGELL<\/h1>\n<p><img decoding=\"async\" src=\"\/wp-content\/uploads\/2024\/07\/FARISTOL-ALT-URGELL-scaled.jpg\" alt=\"\"><\/p>\n<div>\n<p>Nombre: ALT URGELL<\/p>\n<\/div>\n<div>\n<p>Categor\u00eda: SE\u00d1ALIZACI\u00d3N, FARISTOLES, M\u00d3DULO<\/p>\n<\/div>\n<div>\n<p>Descripci\u00f3n: Atril formado por m\u00f3dulo de 900&#215;450 mm de acero galvanizado pintado y rotulado con impresi\u00f3n digital laminada a una cara con doble soporte de madera tratada de \u00d8100&#215;1500 mm. de altura.<\/p>\n<\/div>\n<p><!--more--><br \/>\n<!-- {\"type\":\"layout\",\"children\":[{\"type\":\"section\",\"props\":{\"image_position\":\"center-center\",\"style\":\"default\",\"title_breakpoint\":\"xl\",\"title_position\":\"top-left\",\"title_rotation\":\"left\",\"vertical_align\":\"middle\",\"width\":\"default\"},\"children\":[{\"type\":\"row\",\"children\":[{\"type\":\"column\",\"props\":{\"image_position\":\"center-center\",\"position_sticky_breakpoint\":\"m\"},\"children\":[{\"type\":\"html\",\"props\":{\"content\":\"<a class=\\\"uk-button uk-button-default\\\" href=\\\"javascript:history.back()\\\"><span uk-icon=arrow-left><\\\/span><\\\/a>\"}},{\"type\":\"headline\",\"props\":{\"content\":\"ALT URGELL\",\"title_element\":\"h1\"}}]}]}]},{\"type\":\"section\",\"props\":{\"image_position\":\"center-center\",\"style\":\"default\",\"title_breakpoint\":\"xl\",\"title_position\":\"top-left\",\"title_rotation\":\"left\",\"vertical_align\":\"middle\",\"width\":\"default\"},\"children\":[{\"type\":\"row\",\"children\":[{\"type\":\"column\",\"props\":{\"image_position\":\"center-center\",\"position_sticky_breakpoint\":\"m\",\"width_medium\":\"1-2\"},\"children\":[{\"type\":\"image\",\"props\":{\"image\":\"wp-content\\\/uploads\\\/2024\\\/07\\\/FARISTOL-ALT-URGELL-scaled.jpg\",\"image_svg_color\":\"emphasis\",\"margin\":\"default\"}}]},{\"type\":\"column\",\"props\":{\"image_position\":\"center-center\",\"position_sticky_breakpoint\":\"m\",\"width_medium\":\"1-2\"},\"children\":[{\"type\":\"text\",\"props\":{\"column_breakpoint\":\"m\",\"content\":\"\n\n<p>Nombre: ALT URGELL<\\\/p>\",\"margin\":\"default\"}},{\"type\":\"text\",\"props\":{\"column_breakpoint\":\"m\",\"content\":\"\n\n<p>Categor\\u00eda: SE\\u00d1ALIZACI\\u00d3N, FARISTOLES, M\\u00d3DULO<\\\/p>\",\"margin\":\"default\"}},{\"type\":\"text\",\"props\":{\"column_breakpoint\":\"m\",\"content\":\"\n\n<p>Descripci\\u00f3n: Atril formado por m\\u00f3dulo de 900x450 mm de acero galvanizado pintado y rotulado con impresi\\u00f3n digital laminada a una cara con doble soporte de madera tratada de \\u00d8100x1500 mm. de altura.<\\\/p>\",\"margin\":\"default\"}}]}],\"props\":{\"layout\":\"1-2,1-2\"}}]},{\"type\":\"section\",\"props\":{\"image_position\":\"center-center\",\"status\":\"disabled\",\"style\":\"default\",\"title_breakpoint\":\"xl\",\"title_position\":\"top-left\",\"title_rotation\":\"left\",\"vertical_align\":\"middle\",\"width\":\"default\"},\"children\":[{\"type\":\"row\",\"children\":[{\"type\":\"column\",\"props\":{\"image_position\":\"center-center\",\"position_sticky_breakpoint\":\"m\"},\"children\":[{\"type\":\"text\",\"props\":{\"column_breakpoint\":\"m\",\"content\":\"\n\n<p>PRODUCTOS RELACIONADOS<\\\/p>\",\"margin\":\"default\"}},{\"type\":\"panel-slider\",\"props\":{\"content_column_breakpoint\":\"m\",\"icon_width\":80,\"image_align\":\"top\",\"image_grid_breakpoint\":\"m\",\"image_grid_width\":\"1-2\",\"image_svg_color\":\"emphasis\",\"link_style\":\"default\",\"link_text\":\"Read more\",\"margin\":\"default\",\"meta_align\":\"below-title\",\"meta_element\":\"div\",\"meta_style\":\"text-meta\",\"nav\":\"dotnav\",\"nav_align\":\"center\",\"nav_breakpoint\":\"s\",\"panel_match\":true,\"show_content\":true,\"show_hover_image\":true,\"show_hover_video\":true,\"show_image\":true,\"show_link\":true,\"show_meta\":true,\"show_title\":true,\"show_video\":true,\"slidenav\":\"outside\",\"slidenav_breakpoint\":\"xl\",\"slidenav_margin\":\"medium\",\"slidenav_outside_breakpoint\":\"xl\",\"slider_autoplay_pause\":true,\"slider_gap\":\"default\",\"slider_width\":\"fixed\",\"slider_width_default\":\"1-1\",\"slider_width_medium\":\"1-3\",\"title_align\":\"top\",\"title_element\":\"h3\",\"title_grid_breakpoint\":\"m\",\"title_grid_width\":\"1-2\",\"title_hover_style\":\"reset\"},\"children\":[{\"type\":\"panel-slider_item\",\"props\":{\"image\":\"wp-content\\\/uploads\\\/2024\\\/07\\\/17935_w.png\",\"title\":\"17935_w\"}},{\"type\":\"panel-slider_item\",\"props\":{\"image\":\"wp-content\\\/uploads\\\/2024\\\/07\\\/17935_w.png\",\"title\":\"17935_w\"}},{\"type\":\"panel-slider_item\",\"props\":{\"image\":\"wp-content\\\/uploads\\\/2024\\\/07\\\/17935_w.png\",\"title\":\"17935_w\"}}]}]}]}]}],\"version\":\"4.5.9\"} --><\/p>\n","protected":false},"excerpt":{"rendered":"<p>ALT URGELL Nombre: ALT URGELL Categor\u00eda: SE\u00d1ALIZACI\u00d3N, FARISTOLES, M\u00d3DULO Descripci\u00f3n: Atril formado por m\u00f3dulo de 900&#215;450 mm de acero galvanizado pintado y rotulado con impresi\u00f3n digital laminada a una cara con doble soporte de madera tratada de \u00d8100&#215;1500 mm. de altura.<\/p>","protected":false},"author":3,"featured_media":0,"parent":0,"menu_order":0,"comment_status":"closed","ping_status":"closed","template":"","meta":{"footnotes":""},"categories":[110,113,105],"tags":[],"class_list":["post-4728","page","type-page","status-publish","hentry","category-atriles","category-modulos","category-senalizacion-es"],"_links":{"self":[{"href":"https:\/\/www.chaper.es\/es\/wp-json\/wp\/v2\/pages\/4728","targetHints":{"allow":["GET"]}}],"collection":[{"href":"https:\/\/www.chaper.es\/es\/wp-json\/wp\/v2\/pages"}],"about":[{"href":"https:\/\/www.chaper.es\/es\/wp-json\/wp\/v2\/types\/page"}],"author":[{"embeddable":true,"href":"https:\/\/www.chaper.es\/es\/wp-json\/wp\/v2\/users\/3"}],"replies":[{"embeddable":true,"href":"https:\/\/www.chaper.es\/es\/wp-json\/wp\/v2\/comments?post=4728"}],"version-history":[{"count":4,"href":"https:\/\/www.chaper.es\/es\/wp-json\/wp\/v2\/pages\/4728\/revisions"}],"predecessor-version":[{"id":4808,"href":"https:\/\/www.chaper.es\/es\/wp-json\/wp\/v2\/pages\/4728\/revisions\/4808"}],"wp:attachment":[{"href":"https:\/\/www.chaper.es\/es\/wp-json\/wp\/v2\/media?parent=4728"}],"wp:term":[{"taxonomy":"category","embeddable":true,"href":"https:\/\/www.chaper.es\/es\/wp-json\/wp\/v2\/categories?post=4728"},{"taxonomy":"post_tag","embeddable":true,"href":"https:\/\/www.chaper.es\/es\/wp-json\/wp\/v2\/tags?post=4728"}],"curies":[{"name":"wp","href":"https:\/\/api.w.org\/{rel}","templated":true}]}}