{"id":4864,"date":"2025-03-08T20:39:42","date_gmt":"2025-03-08T19:39:42","guid":{"rendered":"https:\/\/www.chaper.es\/?page_id=4864"},"modified":"2025-03-08T20:42:34","modified_gmt":"2025-03-08T19:42:34","slug":"entorno-turistico","status":"publish","type":"page","link":"https:\/\/www.chaper.es\/es\/entorno-turistico\/","title":{"rendered":"ENTORNO TUR\u00cdSTICO"},"content":{"rendered":"<h1>\n<\/h1>\n<div>\n<\/p>\n<p><style>\n        body {\n            font-family: 'Arial', sans-serif;\n            margin: 0;\n            padding: 0;\n            background-color: #f4f4f4;\n            color: #333;\n            line-height: 1.6;\n        }\n        .container {\n            width: 80%;\n            margin: 0 auto;\n            overflow: hidden;\n            padding: 20px;\n            background: #fff;\n            box-shadow: 0 0 10px rgba(0, 0, 0, 0.1);\n        }\n        h1 {\n            color: #2c3e50;\n            text-align: center;\n            margin-bottom: 20px;\n        }\n        p {\n            margin: 20px 0;\n        }\n        .highlight {\n            color: #e74c3c;\n            font-weight: bold;\n        }\n        .intro {\n            background: url('tourism-background.jpg') no-repeat center center\/cover;\n            color: #fff;\n            padding: 40px;\n            text-align: center;\n        }\n        .intro h1 {\n            color: #fff;\n            text-shadow: 2px 2px 4px rgba(0, 0, 0, 0.5);\n        }\n        .list {\n            margin: 20px 0;\n            padding-left: 20px;\n        }\n        .list li {\n            margin-bottom: 10px;\n        }\n    <\/style>\n<\/p>\n<div class=\"intro\">\n<h1>Entorno Tur\u00edstico<\/h1>\n<p>Una v\u00eda esencial de ocio<\/p>\n<p>El aumento del sector tur\u00edstico es una realidad actual y cada vez son m\u00e1s los municipios que apuestan por promocionarse, reordenar y hacer m\u00e1s accesible el suyo para los visitantes.<\/p>\n<p>Le proporcionamos una serie de productos para satisfacer estas necesidades a trav\u00e9s de diversos elementos para la promoci\u00f3n del municipio, tales como:<\/p>\n<\/div>\n<div class=\"container\">\n<ul class=\"list\">\n<li>Carteleras o t\u00f3tems de entrada a municipio<\/li>\n<li>Se\u00f1alizaci\u00f3n de peatones de itinerarios y recorridos<\/li>\n<li>Puntos de informaci\u00f3n de atracci\u00f3n tur\u00edstica<\/li>\n<li>Atriles<\/li>\n<li>In situs<\/li>\n<li>Elementos para la promoci\u00f3n publicitaria<\/li>\n<\/ul>\n<\/div>\n<\/div>\n<h1>\n<p style=\"color: white;\">ITEMS RELACIONADOS<\/p>\n<\/p>\n<\/h1>\n<ul>\n<li>\n<p>        <img decoding=\"async\" src=\"\/wp-content\/uploads\/2024\/07\/TOTEM-FONTANALS-scaled.jpg\" alt=\"\"><\/p>\n<\/li>\n<li>\n<p>        <img decoding=\"async\" src=\"\/wp-content\/uploads\/2024\/07\/TOTEM-LESCALA-scaled.jpg\" alt=\"\"><\/p>\n<\/li>\n<li>\n<p>        <img decoding=\"async\" src=\"\/wp-content\/uploads\/2024\/07\/FARISTOL-LESCALA.jpg\" alt=\"\"><\/p>\n<\/li>\n<\/ul>\n<div>\n<p style=\"color: red;\">Ver otras categor\u00edas<\/p>\n<div id=\"gtx-trans\" style=\"position: absolute; left: -2px; top: 38px;\">\n<div class=\"gtx-trans-icon\"><\/div>\n<\/div>\n<\/div>\n<p><!--more--><br \/>\n<!-- {\"type\":\"layout\",\"children\":[{\"type\":\"section\",\"props\":{\"height\":\"viewport\",\"height_viewport\":80,\"image\":\"wp-content\\\/uploads\\\/2024\\\/07\\\/FARISTOL-LESCALA.jpg\",\"image_position\":\"center-center\",\"media_visibility\":\"l\",\"style\":\"default\",\"title_breakpoint\":\"xl\",\"title_position\":\"top-left\",\"title_rotation\":\"left\",\"vertical_align\":\"middle\",\"width\":\"xlarge\"},\"children\":[{\"type\":\"row\",\"children\":[{\"type\":\"column\",\"props\":{\"image_position\":\"center-center\",\"position_sticky_breakpoint\":\"m\"},\"children\":[{\"type\":\"headline\",\"props\":{\"content\":\"\n\n<p><\\\/p>\",\"title_element\":\"h1\"}}]}]}]},{\"type\":\"section\",\"props\":{\"image_position\":\"center-center\",\"style\":\"default\",\"title_breakpoint\":\"xl\",\"title_position\":\"top-left\",\"title_rotation\":\"left\",\"vertical_align\":\"middle\",\"width\":\"default\"},\"children\":[{\"type\":\"row\",\"children\":[{\"type\":\"column\",\"props\":{\"image_position\":\"center-center\",\"position_sticky_breakpoint\":\"m\"},\"children\":[{\"type\":\"text\",\"props\":{\"column_breakpoint\":\"m\",\"content\":\"\n\n<p><\\\/p>\\n\n\n<p><\\\/p>\\n\n\n<p>\n\n<style>\\n        body {\\n            font-family: 'Arial', sans-serif;\\n            margin: 0;\\n            padding: 0;\\n            background-color: #f4f4f4;\\n            color: #333;\\n            line-height: 1.6;\\n        }\\n        .container {\\n            width: 80%;\\n            margin: 0 auto;\\n            overflow: hidden;\\n            padding: 20px;\\n            background: #fff;\\n            box-shadow: 0 0 10px rgba(0, 0, 0, 0.1);\\n        }\\n        h1 {\\n            color: #2c3e50;\\n            text-align: center;\\n            margin-bottom: 20px;\\n        }\\n        p {\\n            margin: 20px 0;\\n        }\\n        .highlight {\\n            color: #e74c3c;\\n            font-weight: bold;\\n        }\\n        .intro {\\n            background: url('tourism-background.jpg') no-repeat center center\\\/cover;\\n            color: #fff;\\n            padding: 40px;\\n            text-align: center;\\n        }\\n        .intro h1 {\\n            color: #fff;\\n            text-shadow: 2px 2px 4px rgba(0, 0, 0, 0.5);\\n        }\\n        .list {\\n            margin: 20px 0;\\n            padding-left: 20px;\\n        }\\n        .list li {\\n            margin-bottom: 10px;\\n        }\\n    <\\\/style><\\\/p>\\n\n\n<div class=\\\"intro\\\">\\n\n\n<h1>Entorno Tur\\u00edstico<\\\/h1>\\n\n\n<p>Una v\\u00eda esencial de ocio<\\\/p>\\n\n\n<p>El aumento del sector tur\\u00edstico es una realidad actual y cada vez son m\\u00e1s los municipios que apuestan por promocionarse, reordenar y hacer m\\u00e1s accesible el suyo para los visitantes.<\\\/p>\\n\n\n<p>Le proporcionamos una serie de productos para satisfacer estas necesidades a trav\\u00e9s de diversos elementos para la promoci\\u00f3n del municipio, tales como:<\\\/p>\\n<\\\/div>\\n\n\n<div class=\\\"container\\\">\\n\n\n<ul class=\\\"list\\\">\\n\n\n<li>Carteleras o t\\u00f3tems de entrada a municipio<\\\/li>\\n\n\n<li>Se\\u00f1alizaci\\u00f3n de peatones de itinerarios y recorridos<\\\/li>\\n\n\n<li>Puntos de informaci\\u00f3n de atracci\\u00f3n tur\\u00edstica<\\\/li>\\n\n\n<li>Atriles<\\\/li>\\n\n\n<li>In situs<\\\/li>\\n\n\n<li>Elementos para la promoci\\u00f3n publicitaria<\\\/li>\\n<\\\/ul>\\n<\\\/div>\",\"margin\":\"default\"}}]}]}]},{\"type\":\"section\",\"props\":{\"image_position\":\"center-center\",\"style\":\"default\",\"title_breakpoint\":\"xl\",\"title_position\":\"top-left\",\"title_rotation\":\"left\",\"vertical_align\":\"middle\",\"width\":\"default\"},\"children\":[{\"type\":\"row\",\"children\":[{\"type\":\"column\",\"props\":{\"image_position\":\"center-center\",\"position_sticky_breakpoint\":\"m\"},\"children\":[{\"type\":\"headline\",\"props\":{\"content\":\"\n\n<p style=\\\"color: white;\\\">ITEMS RELACIONADOS<\\\/p>\\n\n\n<p><\\\/p>\",\"text_align\":\"center\",\"title_element\":\"h1\"}},{\"type\":\"panel-slider\",\"props\":{\"content_column_breakpoint\":\"m\",\"icon_width\":80,\"image_align\":\"top\",\"image_grid_breakpoint\":\"m\",\"image_grid_width\":\"1-2\",\"image_height\":\"400\",\"image_svg_color\":\"emphasis\",\"image_width\":\"400\",\"link_style\":\"default\",\"link_text\":\"+INFO\",\"margin\":\"default\",\"meta_align\":\"below-title\",\"meta_element\":\"div\",\"meta_style\":\"text-meta\",\"nav\":\"dotnav\",\"nav_align\":\"center\",\"nav_breakpoint\":\"s\",\"panel_match\":true,\"show_content\":true,\"show_hover_image\":true,\"show_hover_video\":true,\"show_image\":true,\"show_link\":true,\"show_meta\":true,\"show_title\":true,\"show_video\":true,\"slidenav\":\"outside\",\"slidenav_breakpoint\":\"xl\",\"slidenav_margin\":\"medium\",\"slidenav_outside_breakpoint\":\"xl\",\"slider_autoplay_pause\":true,\"slider_gap\":\"default\",\"slider_width\":\"fixed\",\"slider_width_default\":\"1-1\",\"slider_width_medium\":\"1-3\",\"title_align\":\"top\",\"title_element\":\"h3\",\"title_grid_breakpoint\":\"m\",\"title_grid_width\":\"1-2\",\"title_hover_style\":\"reset\"},\"children\":[{\"type\":\"panel-slider_item\",\"props\":{\"image\":\"wp-content\\\/uploads\\\/2024\\\/07\\\/TOTEM-FONTANALS-scaled.jpg\"}},{\"type\":\"panel-slider_item\",\"props\":{\"image\":\"wp-content\\\/uploads\\\/2024\\\/07\\\/TOTEM-LESCALA-scaled.jpg\"}},{\"type\":\"panel-slider_item\",\"props\":{\"image\":\"wp-content\\\/uploads\\\/2024\\\/07\\\/FARISTOL-LESCALA.jpg\"}}]},{\"type\":\"text\",\"props\":{\"column_breakpoint\":\"m\",\"content\":\"\n\n<p style=\\\"color: red;\\\">Ver otras categor\\u00edas<\\\/p>\\n\n\n<div id=\\\"gtx-trans\\\" style=\\\"position: absolute; left: -2px; top: 38px;\\\">\\n\n\n<div class=\\\"gtx-trans-icon\\\"><\\\/div>\\n<\\\/div>\",\"margin\":\"default\"}},{\"type\":\"module\",\"props\":{\"menu_image_align\":\"center\",\"menu_image_margin\":true,\"menu_style\":\"default\",\"menu_type\":\"nav\",\"type\":\"categories\",\"widget\":\"categories-2\"}}]}]}]}],\"version\":\"4.5.9\"} --><\/p>\n","protected":false},"excerpt":{"rendered":"<p>Entorno Tur\u00edstico Una v\u00eda esencial de ocio El aumento del sector tur\u00edstico es una realidad actual y cada vez son m\u00e1s los municipios que apuestan por promocionarse, reordenar y hacer m\u00e1s accesible el suyo para los visitantes. Le proporcionamos una serie de productos para satisfacer estas necesidades a trav\u00e9s de diversos elementos para la promoci\u00f3n [&hellip;]<\/p>\n","protected":false},"author":3,"featured_media":0,"parent":0,"menu_order":0,"comment_status":"closed","ping_status":"closed","template":"","meta":{"footnotes":""},"categories":[92,95],"tags":[],"class_list":["post-4864","page","type-page","status-publish","hentry","category-entorno-es","category-entorno-turistico-es"],"_links":{"self":[{"href":"https:\/\/www.chaper.es\/es\/wp-json\/wp\/v2\/pages\/4864","targetHints":{"allow":["GET"]}}],"collection":[{"href":"https:\/\/www.chaper.es\/es\/wp-json\/wp\/v2\/pages"}],"about":[{"href":"https:\/\/www.chaper.es\/es\/wp-json\/wp\/v2\/types\/page"}],"author":[{"embeddable":true,"href":"https:\/\/www.chaper.es\/es\/wp-json\/wp\/v2\/users\/3"}],"replies":[{"embeddable":true,"href":"https:\/\/www.chaper.es\/es\/wp-json\/wp\/v2\/comments?post=4864"}],"version-history":[{"count":5,"href":"https:\/\/www.chaper.es\/es\/wp-json\/wp\/v2\/pages\/4864\/revisions"}],"predecessor-version":[{"id":4883,"href":"https:\/\/www.chaper.es\/es\/wp-json\/wp\/v2\/pages\/4864\/revisions\/4883"}],"wp:attachment":[{"href":"https:\/\/www.chaper.es\/es\/wp-json\/wp\/v2\/media?parent=4864"}],"wp:term":[{"taxonomy":"category","embeddable":true,"href":"https:\/\/www.chaper.es\/es\/wp-json\/wp\/v2\/categories?post=4864"},{"taxonomy":"post_tag","embeddable":true,"href":"https:\/\/www.chaper.es\/es\/wp-json\/wp\/v2\/tags?post=4864"}],"curies":[{"name":"wp","href":"https:\/\/api.w.org\/{rel}","templated":true}]}}