{"id":4884,"date":"2024-07-25T21:28:30","date_gmt":"2024-07-25T19:28:30","guid":{"rendered":"https:\/\/www.chaper.es\/?page_id=4884"},"modified":"2025-03-21T10:46:05","modified_gmt":"2025-03-21T09:46:05","slug":"entorno-urbano-interurbano","status":"publish","type":"page","link":"https:\/\/www.chaper.es\/es\/entorno-urbano-interurbano\/","title":{"rendered":"ENTORNO URBANO-INTERURBANO"},"content":{"rendered":"<h1>\n<\/h1>\n<div>\n<\/p>\n<p><style>\n        body {\n            font-family: 'Arial', sans-serif;\n            margin: 0;\n            padding: 0;\n            background-color: #f4f4f4;\n            color: #333;\n            line-height: 1.6;\n        }\n        .container {\n            width: 80%;\n            margin: 0 auto;\n            overflow: hidden;\n            padding: 20px;\n            background: #fff;\n            box-shadow: 0 0 10px rgba(0, 0, 0, 0.1);\n        }\n        h1 {\n            color: #2c3e50;\n            text-align: center;\n            margin-bottom: 20px;\n        }\n        p {\n            margin: 20px 0;\n        }\n        blockquote {\n            font-style: italic;\n            background: #ecf0f1;\n            padding: 10px 20px;\n            border-left: 10px solid #3498db;\n            margin: 20px 0;\n            color:black;\n        }\n        .highlight {\n            color: #e74c3c;\n            font-weight: bold;\n        }\n        .intro {\n            background: url('background.jpg') no-repeat center center\/cover;\n            color: #fff;\n            padding: 40px;\n            text-align: center;\n        }\n        .intro h1 {\n            color: #fff;\n            text-shadow: 2px 2px 4px rgba(0, 0, 0, 0.5);\n        }\n    <\/style>\n<\/p>\n<div class=\"intro\">\n<h1>Por una movilidad m\u00e1s sostenible<\/h1>\n<\/div>\n<div class=\"container\">\n<p>La se\u00f1alizaci\u00f3n de un entorno urbano es una necesidad social y econ\u00f3mica. El crecimiento urban\u00edstico y el cambio hacia una cultura del ocio nos han llevado a redise\u00f1ar las infraestructuras viarias.<\/p>\n<p>Hemos creado una red de elementos de se\u00f1alizaci\u00f3n e informaci\u00f3n que ordene y haga segura y sostenible la movilidad de los veh\u00edculos dentro del municipio. La se\u00f1alizaci\u00f3n urbana forma parte del paisaje de la poblaci\u00f3n y se convierte en un elemento con presencia constante, de ah\u00ed que en CHAPER dispongamos de un sistema de se\u00f1alizaci\u00f3n propio (Alucom), hecho con aluminio extruido de alta calidad, que brinda unas caracter\u00edsticas y durabilidad \u00fanicas en el mercado. Con este sistema se pueden elaborar todo tipo de elementos en funci\u00f3n de las necesidades tanto de se\u00f1alizaci\u00f3n in situ como orientativa.<\/p>\n<blockquote><p>\u201cLa se\u00f1alizaci\u00f3n in situ tiene unas caracter\u00edsticas informativas condicionadas por el emplazamiento de los indicadores y por el contenido que se quiere incorporar, con un car\u00e1cter identificador que se puede complementar con informaciones secundarias. La se\u00f1alizaci\u00f3n orientativa del municipio tiene la funci\u00f3n de orientar al visitante o ciudadano hacia los polos de se\u00f1alizaci\u00f3n. Hay que se\u00f1alizar espec\u00edficamente estas zonas ya que tienen la necesidad de ser promocionadas y para que el usuario pueda desplazarse de una manera c\u00f3moda y eficaz.\u201d<\/p><\/blockquote>\n<\/div>\n<\/div>\n<h1>\n<p style=\"color: white;\">\u00cdTEMS RELACIONADOS<\/p>\n<\/p>\n<\/h1>\n<ul>\n<li>\n<p>        <img decoding=\"async\" src=\"\/wp-content\/uploads\/2024\/07\/METACRILAT.jpg\" alt=\"\"><\/p>\n<\/li>\n<li>\n<p>        <img decoding=\"async\" src=\"\/wp-content\/uploads\/2024\/07\/ALUSPAN-VILABERTRAN.jpg\" alt=\"\"><\/p>\n<\/li>\n<li>\n<p>        <img decoding=\"async\" src=\"\/wp-content\/uploads\/2024\/07\/FARISTOL-LESCALA.jpg\" alt=\"\"><\/p>\n<\/li>\n<\/ul>\n<div>\n<p style=\"color:red\">Ver otras categor\u00edas<\/p>\n<\/div>\n<p><!--more--><br \/>\n<!-- {\"type\":\"layout\",\"children\":[{\"type\":\"section\",\"props\":{\"height\":\"viewport\",\"height_viewport\":80,\"image\":\"wp-content\\\/uploads\\\/2024\\\/07\\\/METACRILAT.jpg\",\"image_position\":\"center-center\",\"media_visibility\":\"l\",\"style\":\"default\",\"title_breakpoint\":\"xl\",\"title_position\":\"top-left\",\"title_rotation\":\"left\",\"vertical_align\":\"middle\",\"width\":\"xlarge\"},\"children\":[{\"type\":\"row\",\"children\":[{\"type\":\"column\",\"props\":{\"image_position\":\"center-center\",\"position_sticky_breakpoint\":\"m\"},\"children\":[{\"type\":\"headline\",\"props\":{\"content\":\"\n\n<p><\\\/p>\",\"title_element\":\"h1\"}}]}]}]},{\"type\":\"section\",\"props\":{\"image_position\":\"center-center\",\"style\":\"default\",\"title_breakpoint\":\"xl\",\"title_position\":\"top-left\",\"title_rotation\":\"left\",\"vertical_align\":\"middle\",\"width\":\"default\"},\"children\":[{\"type\":\"row\",\"children\":[{\"type\":\"column\",\"props\":{\"image_position\":\"center-center\",\"position_sticky_breakpoint\":\"m\"},\"children\":[{\"type\":\"text\",\"props\":{\"column_breakpoint\":\"m\",\"content\":\"\n\n<p><\\\/p>\\n\n\n<p><\\\/p>\\n\n\n<p>\n\n<style>\\n        body {\\n            font-family: 'Arial', sans-serif;\\n            margin: 0;\\n            padding: 0;\\n            background-color: #f4f4f4;\\n            color: #333;\\n            line-height: 1.6;\\n        }\\n        .container {\\n            width: 80%;\\n            margin: 0 auto;\\n            overflow: hidden;\\n            padding: 20px;\\n            background: #fff;\\n            box-shadow: 0 0 10px rgba(0, 0, 0, 0.1);\\n        }\\n        h1 {\\n            color: #2c3e50;\\n            text-align: center;\\n            margin-bottom: 20px;\\n        }\\n        p {\\n            margin: 20px 0;\\n        }\\n        blockquote {\\n            font-style: italic;\\n            background: #ecf0f1;\\n            padding: 10px 20px;\\n            border-left: 10px solid #3498db;\\n            margin: 20px 0;\\n            color:black;\\n        }\\n        .highlight {\\n            color: #e74c3c;\\n            font-weight: bold;\\n        }\\n        .intro {\\n            background: url('background.jpg') no-repeat center center\\\/cover;\\n            color: #fff;\\n            padding: 40px;\\n            text-align: center;\\n        }\\n        .intro h1 {\\n            color: #fff;\\n            text-shadow: 2px 2px 4px rgba(0, 0, 0, 0.5);\\n        }\\n    <\\\/style><\\\/p>\\n\n\n<div class=\\\"intro\\\">\\n\n\n<h1><br \\\/>Por una movilidad m\\u00e1s sostenible<\\\/h1>\\n<\\\/div>\\n\n\n<div class=\\\"container\\\">\\n\n\n<p>La se\\u00f1alizaci\\u00f3n de un entorno urbano es una necesidad social y econ\\u00f3mica. El crecimiento urban\\u00edstico y el cambio hacia una cultura del ocio nos han llevado a redise\\u00f1ar las infraestructuras viarias.<\\\/p>\\n\n\n<p>Hemos creado una red de elementos de se\\u00f1alizaci\\u00f3n e informaci\\u00f3n que ordene y haga segura y sostenible la movilidad de los veh\\u00edculos dentro del municipio. La se\\u00f1alizaci\\u00f3n urbana forma parte del paisaje de la poblaci\\u00f3n y se convierte en un elemento con presencia constante, de ah\\u00ed que en CHAPER dispongamos de un sistema de se\\u00f1alizaci\\u00f3n propio (Alucom), hecho con aluminio extruido de alta calidad, que brinda unas caracter\\u00edsticas y durabilidad \\u00fanicas en el mercado. Con este sistema se pueden elaborar todo tipo de elementos en funci\\u00f3n de las necesidades tanto de se\\u00f1alizaci\\u00f3n in situ como orientativa.<\\\/p>\\n\n\n<blockquote>\\u201cLa se\\u00f1alizaci\\u00f3n in situ tiene unas caracter\\u00edsticas informativas condicionadas por el emplazamiento de los indicadores y por el contenido que se quiere incorporar, con un car\\u00e1cter identificador que se puede complementar con informaciones secundarias. La se\\u00f1alizaci\\u00f3n orientativa del municipio tiene la funci\\u00f3n de orientar al visitante o ciudadano hacia los polos de se\\u00f1alizaci\\u00f3n. Hay que se\\u00f1alizar espec\\u00edficamente estas zonas ya que tienen la necesidad de ser promocionadas y para que el usuario pueda desplazarse de una manera c\\u00f3moda y eficaz.\\u201d<\\\/blockquote>\\n<\\\/div>\",\"margin\":\"default\"}}]}]}]},{\"type\":\"section\",\"props\":{\"image_position\":\"center-center\",\"style\":\"default\",\"title_breakpoint\":\"xl\",\"title_position\":\"top-left\",\"title_rotation\":\"left\",\"vertical_align\":\"middle\",\"width\":\"default\"},\"children\":[{\"type\":\"row\",\"children\":[{\"type\":\"column\",\"props\":{\"image_position\":\"center-center\",\"position_sticky_breakpoint\":\"m\"},\"children\":[{\"type\":\"headline\",\"props\":{\"content\":\"\n\n<p style=\\\"color: white;\\\">\\u00cdTEMS RELACIONADOS<\\\/p>\\n\n\n<p><\\\/p>\",\"text_align\":\"center\",\"title_element\":\"h1\"}},{\"type\":\"panel-slider\",\"props\":{\"content_column_breakpoint\":\"m\",\"icon_width\":80,\"image_align\":\"top\",\"image_grid_breakpoint\":\"m\",\"image_grid_width\":\"1-2\",\"image_height\":\"400\",\"image_svg_color\":\"emphasis\",\"image_width\":\"400\",\"link_style\":\"default\",\"link_text\":\"+INFO\",\"margin\":\"default\",\"meta_align\":\"below-title\",\"meta_element\":\"div\",\"meta_style\":\"text-meta\",\"nav\":\"dotnav\",\"nav_align\":\"center\",\"nav_breakpoint\":\"s\",\"panel_match\":true,\"show_content\":true,\"show_hover_image\":true,\"show_hover_video\":true,\"show_image\":true,\"show_link\":true,\"show_meta\":true,\"show_title\":true,\"show_video\":true,\"slidenav\":\"outside\",\"slidenav_breakpoint\":\"xl\",\"slidenav_margin\":\"medium\",\"slidenav_outside_breakpoint\":\"xl\",\"slider_autoplay_pause\":true,\"slider_gap\":\"default\",\"slider_width\":\"fixed\",\"slider_width_default\":\"1-1\",\"slider_width_medium\":\"1-3\",\"title_align\":\"top\",\"title_element\":\"h3\",\"title_grid_breakpoint\":\"m\",\"title_grid_width\":\"1-2\",\"title_hover_style\":\"reset\"},\"children\":[{\"type\":\"panel-slider_item\",\"props\":{\"image\":\"wp-content\\\/uploads\\\/2024\\\/07\\\/METACRILAT.jpg\"}},{\"type\":\"panel-slider_item\",\"props\":{\"image\":\"wp-content\\\/uploads\\\/2024\\\/07\\\/ALUSPAN-VILABERTRAN.jpg\"}},{\"type\":\"panel-slider_item\",\"props\":{\"image\":\"wp-content\\\/uploads\\\/2024\\\/07\\\/FARISTOL-LESCALA.jpg\"}}]},{\"type\":\"text\",\"props\":{\"column_breakpoint\":\"m\",\"content\":\"\n\n<p style=\\\"color:red\\\">Ver otras categor\\u00edas<\\\/p>\",\"margin\":\"default\"}},{\"type\":\"module\",\"props\":{\"menu_image_align\":\"center\",\"menu_image_margin\":true,\"menu_style\":\"default\",\"menu_type\":\"nav\",\"type\":\"categories\",\"widget\":\"categories-2\"}}]}]}]}],\"version\":\"4.5.9\"} --><\/p>\n","protected":false},"excerpt":{"rendered":"<p>Por una movilidad m\u00e1s sostenible La se\u00f1alizaci\u00f3n de un entorno urbano es una necesidad social y econ\u00f3mica. El crecimiento urban\u00edstico y el cambio hacia una cultura del ocio nos han llevado a redise\u00f1ar las infraestructuras viarias. Hemos creado una red de elementos de se\u00f1alizaci\u00f3n e informaci\u00f3n que ordene y haga segura y sostenible la movilidad [&hellip;]<\/p>\n","protected":false},"author":3,"featured_media":0,"parent":0,"menu_order":0,"comment_status":"closed","ping_status":"closed","template":"","meta":{"footnotes":""},"categories":[92,96],"tags":[],"class_list":["post-4884","page","type-page","status-publish","hentry","category-entorno-es","category-entorno-urbano-interurbano-es"],"_links":{"self":[{"href":"https:\/\/www.chaper.es\/es\/wp-json\/wp\/v2\/pages\/4884","targetHints":{"allow":["GET"]}}],"collection":[{"href":"https:\/\/www.chaper.es\/es\/wp-json\/wp\/v2\/pages"}],"about":[{"href":"https:\/\/www.chaper.es\/es\/wp-json\/wp\/v2\/types\/page"}],"author":[{"embeddable":true,"href":"https:\/\/www.chaper.es\/es\/wp-json\/wp\/v2\/users\/3"}],"replies":[{"embeddable":true,"href":"https:\/\/www.chaper.es\/es\/wp-json\/wp\/v2\/comments?post=4884"}],"version-history":[{"count":5,"href":"https:\/\/www.chaper.es\/es\/wp-json\/wp\/v2\/pages\/4884\/revisions"}],"predecessor-version":[{"id":5184,"href":"https:\/\/www.chaper.es\/es\/wp-json\/wp\/v2\/pages\/4884\/revisions\/5184"}],"wp:attachment":[{"href":"https:\/\/www.chaper.es\/es\/wp-json\/wp\/v2\/media?parent=4884"}],"wp:term":[{"taxonomy":"category","embeddable":true,"href":"https:\/\/www.chaper.es\/es\/wp-json\/wp\/v2\/categories?post=4884"},{"taxonomy":"post_tag","embeddable":true,"href":"https:\/\/www.chaper.es\/es\/wp-json\/wp\/v2\/tags?post=4884"}],"curies":[{"name":"wp","href":"https:\/\/api.w.org\/{rel}","templated":true}]}}