{"id":4903,"date":"2024-07-29T13:42:33","date_gmt":"2024-07-29T11:42:33","guid":{"rendered":"https:\/\/www.chaper.es\/?page_id=4903"},"modified":"2025-03-09T17:20:21","modified_gmt":"2025-03-09T16:20:21","slug":"politica-de-cookeis","status":"publish","type":"page","link":"https:\/\/www.chaper.es\/es\/politica-de-cookeis\/","title":{"rendered":"Pol\u00edtica de cookeis"},"content":{"rendered":"<h1>Pol\u00edtica de cookies<\/h1>\n<div>\n<h2>C\u00f3mo utilizamos las cookies<\/h2>\n<p>La intenci\u00f3n de este documento es facilitarte la gesti\u00f3n de las cookies que utilizamos. Respetaremos cualquier cambio que realices, pero ten en cuenta que hasta que este sitio acabe de realizar todas las modificaciones necesarias, es posible que algunas de las cookies no puedan ser controladas adecuadamente.<\/p>\n<p>Utilizando las configuraciones de tu navegador, podr\u00e1s gestionar las cookies que utilizamos en este sitio.<\/p>\n<p>Una vez establecidas tus preferencias, nosotros s\u00f3lo leeremos o escribiremos cookies que se correspondan con estas preferencias. Las cookies creadas antes del cambio de configuraciones continuar\u00e1n en tu ordenador y podr\u00e1s eliminarlas utilizando las configuraciones del navegador.<\/p>\n<p>Tienes que saber que nosotros utilizamos las cookies para recordar las preferencias que has elegido y esto tiene dos consecuencias:<\/p>\n<ol>\n<li>Si eliminas todas tus cookies, tendr\u00e1s que actualizar de nuevo tus preferencias en lo que respecta a nuestro sitio web.<\/li>\n<li>Si utilizas otro dispositivo, otro perfil de usuario u otro navegador, deber\u00e1s indicarnos de nuevo tus preferencias.<\/li>\n<\/ol>\n<p>Las cookies utilizadas en la web de este sitio se clasifican seg\u00fan las categor\u00edas establecidas por la gu\u00eda de la C\u00e1mara de Comercio Internacional, que son las siguientes:<\/p>\n<ul>\n<li>Cookies estrictamente necesarias<\/li>\n<li>Cookies de rendimiento<\/li>\n<li>Cookies de funcionalidad<\/li>\n<li>Cookies de personalizaci\u00f3n<\/li>\n<\/ul>\n<h2><span style=\"color: black;\">Cookies estrictamente necesarias <\/span><\/h2>\n<p><strong>\u00bfCu\u00e1les son las cookies estrictamente necesarias?<\/strong><\/p>\n<p>Estas cookies te permiten moverte por el sitio web y utilizar funciones esenciales como acceder a las zonas seguras, a las cestas de la compra oa la facturaci\u00f3n online. Estas cookies no recopilan ning\u00fan tipo de informaci\u00f3n sobre ti que pueda ser utilizada con fines publicitarios o que pueda recordar por d\u00f3nde has navegado en internet.<\/p>\n<p><span style=\"color: black;\"><strong>Se utilizan para:<\/strong><\/span><\/p>\n<ul>\n<li>Recordar cierta informaci\u00f3n como, por ejemplo, los datos que hayas introducido en los formularios al navegar por las distintas p\u00e1ginas de una determinada web en una misma sesi\u00f3n o visita.<\/li>\n<li>Recordar los productos y servicios de tu pedido al acceder a la p\u00e1gina de pago.<\/li>\n<li>Identificarte como usuario registrado en este sitio<\/li>\n<li>Garantizar que est\u00e1s conectando con el servicio adecuado de nuestro sitio web cuando realizamos alg\u00fan cambio en el funcionamiento del mismo.<\/li>\n<\/ul>\n<p><strong>NO se utilizan para:<\/strong><\/p>\n<ul>\n<li>Recoger informaci\u00f3n que pueda ser utilizada para hacerte llegar publicidad sobre productos o servicios.<\/li>\n<li>Recordar tus preferencias o su nombre de usuario en visitas posteriores.<\/li>\n<\/ul>\n<p><span style=\"color: black;\"><strong>Ten en cuenta que:<\/strong><\/span><\/p>\n<p>La aceptaci\u00f3n de estas cookies es una condici\u00f3n necesaria para utilizar este sitio web; por tanto, si no autorizas las cookies, no podemos garantizar la seguridad ni prever c\u00f3mo funcionar\u00e1 nuestro sitio web durante tu visita.<\/p>\n<p><span style=\"color: black;\"><strong>Cookies estrictamente necesarias<\/strong><\/span><\/p>\n<ul>\n<li><span style=\"color: black;\">720plan<\/span><\/li>\n<li><span style=\"color: black;\">720planBK<\/span><\/li>\n<\/ul>\n<h2><span style=\"color: black;\">\u00a0<\/span><span style=\"color: black;\">Cookies de rendimiento<\/span><\/h2>\n<p>Las cookies de rendimiento nos ayudan a conocer c\u00f3mo utilizas nuestro sitio, qu\u00e9 p\u00e1ginas visitas o si se produce alg\u00fan error durante tu navegaci\u00f3n, por ejemplo al rellenar un formulario. Estas cookies no recopilan ninguna informaci\u00f3n que pueda identificarte; toda la informaci\u00f3n obtenida es an\u00f3nima y se utiliza \u00fanicamente para mejorar el funcionamiento del sitio web, conocer los intereses de los usuarios y evaluar el grado de efectividad de nuestra publicidad.<\/p>\n<p><span><strong>Se utilizan para:<\/strong><\/span><\/p>\n<ul>\n<li>Obtener estad\u00edsticas sobre c\u00f3mo se utiliza nuestro sitio web.<\/li>\n<li>Comprobar la efectividad de nuestros anuncios publicitarios (nota: NO utilizamos esta informaci\u00f3n para mostrar anuncios personalizados cuando navegas por otras webs).<\/li>\n<li>Comunicar a nuestros socios que uno de nuestros visitantes tambi\u00e9n ha visitado su sitio web, as\u00ed como detalles sobre los productos adquiridos. El objetivo es permitir a nuestros socios mejorar su sitio web, pero en ning\u00fan caso les permitimos reutilizar esta informaci\u00f3n para mostrar publicidad adicional.<\/li>\n<li>Realizar mejoras en el sitio web mediante el an\u00e1lisis de los posibles errores que se produzcan.<\/li>\n<li>Probar diferentes dise\u00f1os por nuestro sitio web.<\/li>\n<\/ul>\n<p><strong>NO se utilizan para:<\/strong><\/p>\n<ul>\n<li>Recolectar informaci\u00f3n que pueda ser utilizada para mostrar publicidad de nuestros productos o servicios en otros sitios web.<\/li>\n<li>Recordar tus preferencias o su nombre de usuario en visitas posteriores.<\/li>\n<li>Presentar anuncios personalizados en cualquier otro sitio web.<\/li>\n<\/ul>\n<p>En determinados casos, algunas de estas cookies son gestionadas por nosotros por un tercero, pero en ning\u00fan caso permitimos que se utilicen para otro prop\u00f3sito distinto a los indicados en el apartado anterior.<\/p>\n<p><span><strong>Ten en cuenta que:<\/strong><\/span><\/p>\n<p>Utilizar nuestro sitio web implica que aceptas el uso de cookies de rendimiento.<\/p>\n<p>La aceptaci\u00f3n de estas cookies es una condici\u00f3n necesaria para utilizar este sitio web; por tanto, si no autorizas las cookies, no podemos garantizar la seguridad ni prever c\u00f3mo funcionar\u00e1 nuestro sitio web durante tu visita.<\/p>\n<p><span style=\"color: black;\"><strong>Cookies de rendimiento<\/strong><\/span><\/p>\n<ul>\n<li><span style=\"color: black;\"><strong>__utma<\/strong><\/span><\/li>\n<li><span style=\"color: black;\"><strong>__utmb<\/strong><\/span><\/li>\n<li><span style=\"color: black;\"><strong>__utmc<\/strong><\/span><\/li>\n<li><span style=\"color: black;\"><strong>__utmz<\/strong><\/span><\/li>\n<\/ul>\n<h2><span style=\"color: black;\">\u00a0<\/span><span style=\"color: black;\">Cookies de funcionalidad<\/span><\/h2>\n<p>Las cookies de funcionalidad se utilizan para ofrecer servicios o recordar ciertos ajustes que permitan mejorar tu visita.<\/p>\n<p><span style=\"color: black;\"><strong>Se utilizan para:<\/strong><\/span><\/p>\n<ul>\n<li>Recordar ciertos ajustes que hayas realizado, como el tama\u00f1o del texto, la colocaci\u00f3n o las preferencias y colores.<\/li>\n<li>Recordar si ya se te ha preguntado si quieres participar en una encuesta (por no volver a molestarte).<\/li>\n<li>Ofrecer asistencia mediante sesiones de chat en vivo proactivo.<\/li>\n<li>Indicarte cu\u00e1ndo est\u00e1s conectado al sitio web.<\/li>\n<li>Compartir informaci\u00f3n con nuestros socios para ofrecer un servicio a nuestro sitio web. La informaci\u00f3n compartida se utilizar\u00e1 \u00fanicamente para prestar servicio, producto o funci\u00f3n y nunca para otro prop\u00f3sito.<\/li>\n<\/ul>\n<p><strong>NO se utilizan para:<\/strong><\/p>\n<ul>\n<li>Mostrar anuncios personalizados en otros sitios web.<\/li>\n<\/ul>\n<p>En determinadas ocasiones, algunas de estas cookies son gestionadas por terceros, pero en ning\u00fan caso permitimos que se utilicen para otro prop\u00f3sito que no sea alguno de los indicados en el apartado anterior.<\/p>\n<p><strong>Puedes decidir si permites o no el uso de estas cookies, pero ten en cuenta que al desactivarlas puedes impedirte ofrecerte algunos servicios y reducir la asistencia que podr\u00edamos ofrecerte.<\/strong>\u00a0Tambi\u00e9n es posible que al desactivar estas cookies no podamos recordar que no deseabas un determinado servicio.<\/p>\n<p><span style=\"color: black;\"><strong>Cookies de funcionalidad de este sitio<\/strong><\/span><\/p>\n<ul>\n<li><span style=\"color: black;\"><strong>ccm_cookies_accepted<\/strong><\/span><\/li>\n<li><span style=\"color: black;\">resolution<\/span><\/li>\n<\/ul>\n<h2><span style=\"color: black;\">Cookies de personalizaci\u00f3n<\/span><\/h2>\n<p>Las cookies de personalizaci\u00f3n est\u00e1n asociadas a los servicios prestados por terceros, como los botones &#8220;Me gusta&#8221; y &#8220;Compartir&#8221;. El tercero presta estos servicios a cambio de saber que has visitado nuestro sitio web.<\/p>\n<p><span><strong>Se utilizan para:<\/strong><\/span><\/p>\n<ul>\n<li>Para enlazar con redes sociales, como Facebook, que posteriormente pueden utilizar la informaci\u00f3n sobre tu visita para mostrar publicidad personalizada en otros sitios web.<\/li>\n<li>Proporcionar informaci\u00f3n sobre tu visita a las agencias de publicidad para que \u00e9stas puedan mostrarle anuncios publicitarios que puedan interesarte.<\/li>\n<\/ul>\n<p>Puedes decidir si permites o no el uso de estas cookies, pero ten en cuenta que al desactivarlas puedes impedirte ofrecerte algunos servicios. Todas estas cookies son gestionadas por terceros y tambi\u00e9n puedes utilizar las herramientas de estos terceros para desactivarlas.<\/p>\n<p><span style=\"color: black;\"><strong>Cookies de funcionalidad de este sitio<\/strong><\/span><\/p>\n<h2><span style=\"color: black;\">Informaci\u00f3n sobre cookies<\/span><\/h2>\n<p>Informaci\u00f3n sobre cookies\u00a0<br \/>Puedes encontrar informaci\u00f3n \u00fatil sobre cookies en:\u00a0<br \/>http:\/\/www.allaboutcookies.org<\/p>\n<p>Internet Advertising Bureau\u00a0<br \/>El sector de la publicidad en internet ha elaborado una gu\u00eda sobre publicidad basada en el comportamiento y privacidad en internet que puedes encontrar en:<br \/><a href=\"http:\/\/www.youronlinechoices.eu\">http:\/\/www.youronlinechoices.eu<\/a><\/p>\n<p>C\u00e1mara de Comercio Internacional del Reino Unido\u00a0<br \/>Puedes encontrar informaci\u00f3n sobre la gu\u00eda de uso de cookies en el sitio web de la ICC (UK):\u00a0<br \/><a href=\"http:\/\/www.international-chamber.co.uk\/our-expertise\/digitaleconomy\">http:\/\/www.international-chamber.co.uk\/our-expertise\/digitaleconomy<\/a><\/p>\n<p><a href=\"http:\/\/www.international-chamber.co.uk\/our-expertise\/digitaleconomy\"><span style=\"color: black;\">http:\/\/www.international-chamber.co.uk\/our-expertise\/digitaleconomy<\/span><\/a><\/p>\n<h2><span style=\"color: black;\">Permitir, conocer, bloquear o eliminar las cookies<\/span><\/h2>\n<p>Para permitir, conocer, bloquear o eliminar las cookies instaladas en tu equipo, puedes hacerlo mediante la configuraci\u00f3n de las opciones del navegador instalado en tu ordenador.<\/p>\n<p>Por ejemplo, puedes encontrar informaci\u00f3n sobre c\u00f3mo hacerlo en caso de utilizar el navegador:<\/p>\n<p>Firefox desde\u00a0<a href=\"http:\/\/support.mozilla.org\/es\/products\/firefox\/cookies\">http:\/\/support.mozilla.org\/es\/products\/firefox\/cookies<\/a><\/p>\n<p>Chrome desde <a href=\"http:\/\/support.google.com\/chrome\/bin\/answer.py?hl=es&amp;answer=95647\">http:\/\/support.google.com\/chrome\/bin\/answer.py?hl=es&amp;answer=95647<\/a><\/p>\n<p>Explorer desde <a href=\"http:\/\/windows.microsoft.com\/es-es\/windows7\/how-to-manage-cookies-in-internet-explorer-9\">http:\/\/windows.microsoft.com\/es-es\/windows7\/how-to-manage-cookies-in-internet-explorer-9<\/a><\/p>\n<p><span style=\"color: black;\">Safari des de\u00a0<a href=\"http:\/\/support.apple.com\/kb\/ph5042\">http:\/\/support.apple.com\/kb\/ph5042<\/a><\/span><\/p>\n<\/div>\n<p><!--more--><br \/>\n<!-- {\"type\":\"layout\",\"children\":[{\"type\":\"section\",\"props\":{\"image_position\":\"center-center\",\"style\":\"default\",\"title_breakpoint\":\"xl\",\"title_position\":\"top-left\",\"title_rotation\":\"left\",\"vertical_align\":\"middle\",\"width\":\"default\"},\"children\":[{\"type\":\"row\",\"children\":[{\"type\":\"column\",\"props\":{\"image_position\":\"center-center\",\"position_sticky_breakpoint\":\"m\"},\"children\":[{\"type\":\"headline\",\"props\":{\"content\":\"Pol\\u00edtica de cookies\",\"title_element\":\"h1\"}},{\"type\":\"text\",\"props\":{\"column_breakpoint\":\"m\",\"content\":\"\n\n<h2>C\\u00f3mo utilizamos las cookies<\\\/h2>\\n\n\n<p>La intenci\\u00f3n de este documento es facilitarte la gesti\\u00f3n de las cookies que utilizamos. Respetaremos cualquier cambio que realices, pero ten en cuenta que hasta que este sitio acabe de realizar todas las modificaciones necesarias, es posible que algunas de las cookies no puedan ser controladas adecuadamente.<\\\/p>\\n\n\n<p>Utilizando las configuraciones de tu navegador, podr\\u00e1s gestionar las cookies que utilizamos en este sitio.<\\\/p>\\n\n\n<p>Una vez establecidas tus preferencias, nosotros s\\u00f3lo leeremos o escribiremos cookies que se correspondan con estas preferencias. Las cookies creadas antes del cambio de configuraciones continuar\\u00e1n en tu ordenador y podr\\u00e1s eliminarlas utilizando las configuraciones del navegador.<\\\/p>\\n\n\n<p>Tienes que saber que nosotros utilizamos las cookies para recordar las preferencias que has elegido y esto tiene dos consecuencias:<\\\/p>\\n\n\n<ol>\\n\n\n<li>Si eliminas todas tus cookies, tendr\\u00e1s que actualizar de nuevo tus preferencias en lo que respecta a nuestro sitio web.<\\\/li>\\n\n\n<li>Si utilizas otro dispositivo, otro perfil de usuario u otro navegador, deber\\u00e1s indicarnos de nuevo tus preferencias.<\\\/li>\\n<\\\/ol>\\n\n\n<p>Las cookies utilizadas en la web de este sitio se clasifican seg\\u00fan las categor\\u00edas establecidas por la gu\\u00eda de la C\\u00e1mara de Comercio Internacional, que son las siguientes:<\\\/p>\\n\n\n<ul>\\n\n\n<li>Cookies estrictamente necesarias<\\\/li>\\n\n\n<li>Cookies de rendimiento<\\\/li>\\n\n\n<li>Cookies de funcionalidad<\\\/li>\\n\n\n<li>Cookies de personalizaci\\u00f3n<\\\/li>\\n<\\\/ul>\\n\n\n<h2><span style=\\\"color: black;\\\">Cookies estrictamente necesarias <\\\/span><\\\/h2>\\n\n\n<p><strong>\\u00bfCu\\u00e1les son las cookies estrictamente necesarias?<\\\/strong><\\\/p>\\n\n\n<p>Estas cookies te permiten moverte por el sitio web y utilizar funciones esenciales como acceder a las zonas seguras, a las cestas de la compra oa la facturaci\\u00f3n online. Estas cookies no recopilan ning\\u00fan tipo de informaci\\u00f3n sobre ti que pueda ser utilizada con fines publicitarios o que pueda recordar por d\\u00f3nde has navegado en internet.<\\\/p>\\n\n\n<p><span style=\\\"color: black;\\\"><strong>Se utilizan para:<\\\/strong><\\\/span><\\\/p>\\n\n\n<ul>\\n\n\n<li>Recordar cierta informaci\\u00f3n como, por ejemplo, los datos que hayas introducido en los formularios al navegar por las distintas p\\u00e1ginas de una determinada web en una misma sesi\\u00f3n o visita.<\\\/li>\\n\n\n<li>Recordar los productos y servicios de tu pedido al acceder a la p\\u00e1gina de pago.<\\\/li>\\n\n\n<li>Identificarte como usuario registrado en este sitio<\\\/li>\\n\n\n<li>Garantizar que est\\u00e1s conectando con el servicio adecuado de nuestro sitio web cuando realizamos alg\\u00fan cambio en el funcionamiento del mismo.<\\\/li>\\n<\\\/ul>\\n\n\n<p><strong>NO se utilizan para:<\\\/strong><\\\/p>\\n\n\n<ul>\\n\n\n<li>Recoger informaci\\u00f3n que pueda ser utilizada para hacerte llegar publicidad sobre productos o servicios.<\\\/li>\\n\n\n<li>Recordar tus preferencias o su nombre de usuario en visitas posteriores.<\\\/li>\\n<\\\/ul>\\n\n\n<p><span style=\\\"color: black;\\\"><strong>Ten en cuenta que:<\\\/strong><\\\/span><\\\/p>\\n\n\n<p>La aceptaci\\u00f3n de estas cookies es una condici\\u00f3n necesaria para utilizar este sitio web; por tanto, si no autorizas las cookies, no podemos garantizar la seguridad ni prever c\\u00f3mo funcionar\\u00e1 nuestro sitio web durante tu visita.<\\\/p>\\n\n\n<p><span style=\\\"color: black;\\\"><strong>Cookies estrictamente necesarias<\\\/strong><\\\/span><\\\/p>\\n\n\n<ul>\\n\n\n<li><span style=\\\"color: black;\\\">720plan<\\\/span><\\\/li>\\n\n\n<li><span style=\\\"color: black;\\\">720planBK<\\\/span><\\\/li>\\n<\\\/ul>\\n\n\n<h2><span style=\\\"color: black;\\\">\\u00a0<\\\/span><span style=\\\"color: black;\\\">Cookies de rendimiento<\\\/span><\\\/h2>\\n\n\n<p>Las cookies de rendimiento nos ayudan a conocer c\\u00f3mo utilizas nuestro sitio, qu\\u00e9 p\\u00e1ginas visitas o si se produce alg\\u00fan error durante tu navegaci\\u00f3n, por ejemplo al rellenar un formulario. Estas cookies no recopilan ninguna informaci\\u00f3n que pueda identificarte; toda la informaci\\u00f3n obtenida es an\\u00f3nima y se utiliza \\u00fanicamente para mejorar el funcionamiento del sitio web, conocer los intereses de los usuarios y evaluar el grado de efectividad de nuestra publicidad.<\\\/p>\\n\n\n<p><span><strong>Se utilizan para:<\\\/strong><\\\/span><\\\/p>\\n\n\n<ul>\\n\n\n<li>Obtener estad\\u00edsticas sobre c\\u00f3mo se utiliza nuestro sitio web.<\\\/li>\\n\n\n<li>Comprobar la efectividad de nuestros anuncios publicitarios (nota: NO utilizamos esta informaci\\u00f3n para mostrar anuncios personalizados cuando navegas por otras webs).<\\\/li>\\n\n\n<li>Comunicar a nuestros socios que uno de nuestros visitantes tambi\\u00e9n ha visitado su sitio web, as\\u00ed como detalles sobre los productos adquiridos. El objetivo es permitir a nuestros socios mejorar su sitio web, pero en ning\\u00fan caso les permitimos reutilizar esta informaci\\u00f3n para mostrar publicidad adicional.<\\\/li>\\n\n\n<li>Realizar mejoras en el sitio web mediante el an\\u00e1lisis de los posibles errores que se produzcan.<\\\/li>\\n\n\n<li>Probar diferentes dise\\u00f1os por nuestro sitio web.<\\\/li>\\n<\\\/ul>\\n\n\n<p><strong>NO se utilizan para:<\\\/strong><\\\/p>\\n\n\n<ul>\\n\n\n<li>Recolectar informaci\\u00f3n que pueda ser utilizada para mostrar publicidad de nuestros productos o servicios en otros sitios web.<\\\/li>\\n\n\n<li>Recordar tus preferencias o su nombre de usuario en visitas posteriores.<\\\/li>\\n\n\n<li>Presentar anuncios personalizados en cualquier otro sitio web.<\\\/li>\\n<\\\/ul>\\n\n\n<p>En determinados casos, algunas de estas cookies son gestionadas por nosotros por un tercero, pero en ning\\u00fan caso permitimos que se utilicen para otro prop\\u00f3sito distinto a los indicados en el apartado anterior.<\\\/p>\\n\n\n<p><span><strong>Ten en cuenta que:<\\\/strong><\\\/span><\\\/p>\\n\n\n<p>Utilizar nuestro sitio web implica que aceptas el uso de cookies de rendimiento.<\\\/p>\\n\n\n<p>La aceptaci\\u00f3n de estas cookies es una condici\\u00f3n necesaria para utilizar este sitio web; por tanto, si no autorizas las cookies, no podemos garantizar la seguridad ni prever c\\u00f3mo funcionar\\u00e1 nuestro sitio web durante tu visita.<\\\/p>\\n\n\n<p><span style=\\\"color: black;\\\"><strong>Cookies de rendimiento<\\\/strong><\\\/span><\\\/p>\\n\n\n<ul>\\n\n\n<li><span style=\\\"color: black;\\\"><strong>__utma<\\\/strong><\\\/span><\\\/li>\\n\n\n<li><span style=\\\"color: black;\\\"><strong>__utmb<\\\/strong><\\\/span><\\\/li>\\n\n\n<li><span style=\\\"color: black;\\\"><strong>__utmc<\\\/strong><\\\/span><\\\/li>\\n\n\n<li><span style=\\\"color: black;\\\"><strong>__utmz<\\\/strong><\\\/span><\\\/li>\\n<\\\/ul>\\n\n\n<h2><span style=\\\"color: black;\\\">\\u00a0<\\\/span><span style=\\\"color: black;\\\">Cookies de funcionalidad<\\\/span><\\\/h2>\\n\n\n<p>Las cookies de funcionalidad se utilizan para ofrecer servicios o recordar ciertos ajustes que permitan mejorar tu visita.<\\\/p>\\n\n\n<p><span style=\\\"color: black;\\\"><strong>Se utilizan para:<\\\/strong><\\\/span><\\\/p>\\n\n\n<ul>\\n\n\n<li>Recordar ciertos ajustes que hayas realizado, como el tama\\u00f1o del texto, la colocaci\\u00f3n o las preferencias y colores.<\\\/li>\\n\n\n<li>Recordar si ya se te ha preguntado si quieres participar en una encuesta (por no volver a molestarte).<\\\/li>\\n\n\n<li>Ofrecer asistencia mediante sesiones de chat en vivo proactivo.<\\\/li>\\n\n\n<li>Indicarte cu\\u00e1ndo est\\u00e1s conectado al sitio web.<\\\/li>\\n\n\n<li>Compartir informaci\\u00f3n con nuestros socios para ofrecer un servicio a nuestro sitio web. La informaci\\u00f3n compartida se utilizar\\u00e1 \\u00fanicamente para prestar servicio, producto o funci\\u00f3n y nunca para otro prop\\u00f3sito.<\\\/li>\\n<\\\/ul>\\n\n\n<p><strong>NO se utilizan para:<\\\/strong><\\\/p>\\n\n\n<ul>\\n\n\n<li>Mostrar anuncios personalizados en otros sitios web.<\\\/li>\\n<\\\/ul>\\n\n\n<p>En determinadas ocasiones, algunas de estas cookies son gestionadas por terceros, pero en ning\\u00fan caso permitimos que se utilicen para otro prop\\u00f3sito que no sea alguno de los indicados en el apartado anterior.<\\\/p>\\n\n\n<p><strong>Puedes decidir si permites o no el uso de estas cookies, pero ten en cuenta que al desactivarlas puedes impedirte ofrecerte algunos servicios y reducir la asistencia que podr\\u00edamos ofrecerte.<\\\/strong>\\u00a0Tambi\\u00e9n es posible que al desactivar estas cookies no podamos recordar que no deseabas un determinado servicio.<\\\/p>\\n\n\n<p><span style=\\\"color: black;\\\"><strong>Cookies de funcionalidad de este sitio<\\\/strong><\\\/span><\\\/p>\\n\n\n<ul>\\n\n\n<li><span style=\\\"color: black;\\\"><strong>ccm_cookies_accepted<\\\/strong><\\\/span><\\\/li>\\n\n\n<li><span style=\\\"color: black;\\\">resolution<\\\/span><\\\/li>\\n<\\\/ul>\\n\n\n<h2><span style=\\\"color: black;\\\">Cookies de personalizaci\\u00f3n<\\\/span><\\\/h2>\\n\n\n<p>Las cookies de personalizaci\\u00f3n est\\u00e1n asociadas a los servicios prestados por terceros, como los botones \\\"Me gusta\\\" y \\\"Compartir\\\". El tercero presta estos servicios a cambio de saber que has visitado nuestro sitio web.<\\\/p>\\n\n\n<p><span><strong>Se utilizan para:<\\\/strong><\\\/span><\\\/p>\\n\n\n<ul>\\n\n\n<li>Para enlazar con redes sociales, como Facebook, que posteriormente pueden utilizar la informaci\\u00f3n sobre tu visita para mostrar publicidad personalizada en otros sitios web.<\\\/li>\\n\n\n<li>Proporcionar informaci\\u00f3n sobre tu visita a las agencias de publicidad para que \\u00e9stas puedan mostrarle anuncios publicitarios que puedan interesarte.<\\\/li>\\n<\\\/ul>\\n\n\n<p>Puedes decidir si permites o no el uso de estas cookies, pero ten en cuenta que al desactivarlas puedes impedirte ofrecerte algunos servicios. Todas estas cookies son gestionadas por terceros y tambi\\u00e9n puedes utilizar las herramientas de estos terceros para desactivarlas.<\\\/p>\\n\n\n<p><span style=\\\"color: black;\\\"><strong>Cookies de funcionalidad de este sitio<\\\/strong><\\\/span><\\\/p>\\n\n\n<h2><span style=\\\"color: black;\\\">Informaci\\u00f3n sobre cookies<\\\/span><\\\/h2>\\n\n\n<p>Informaci\\u00f3n sobre cookies\\u00a0<br \\\/>Puedes encontrar informaci\\u00f3n \\u00fatil sobre cookies en:\\u00a0<br \\\/>http:\\\/\\\/www.allaboutcookies.org<\\\/p>\\n\n\n<p><br \\\/>Internet Advertising Bureau\\u00a0<br \\\/>El sector de la publicidad en internet ha elaborado una gu\\u00eda sobre publicidad basada en el comportamiento y privacidad en internet que puedes encontrar en:<br \\\/><a href=\\\"http:\\\/\\\/www.youronlinechoices.eu\\\">http:\\\/\\\/www.youronlinechoices.eu<\\\/a><\\\/p>\\n\n\n<p>C\\u00e1mara de Comercio Internacional del Reino Unido\\u00a0<br \\\/>Puedes encontrar informaci\\u00f3n sobre la gu\\u00eda de uso de cookies en el sitio web de la ICC (UK):\\u00a0<br \\\/><a href=\\\"http:\\\/\\\/www.international-chamber.co.uk\\\/our-expertise\\\/digitaleconomy\\\">http:\\\/\\\/www.international-chamber.co.uk\\\/our-expertise\\\/digitaleconomy<\\\/a><\\\/p>\\n\n\n<p><a href=\\\"http:\\\/\\\/www.international-chamber.co.uk\\\/our-expertise\\\/digitaleconomy\\\"><span style=\\\"color: black;\\\">http:\\\/\\\/www.international-chamber.co.uk\\\/our-expertise\\\/digitaleconomy<\\\/span><\\\/a><\\\/p>\\n\n\n<h2><span style=\\\"color: black;\\\">Permitir, conocer, bloquear o eliminar las cookies<\\\/span><\\\/h2>\\n\n\n<p>Para permitir, conocer, bloquear o eliminar las cookies instaladas en tu equipo, puedes hacerlo mediante la configuraci\\u00f3n de las opciones del navegador instalado en tu ordenador.<\\\/p>\\n\n\n<p>Por ejemplo, puedes encontrar informaci\\u00f3n sobre c\\u00f3mo hacerlo en caso de utilizar el navegador:<\\\/p>\\n\n\n<p>Firefox desde\\u00a0<a href=\\\"http:\\\/\\\/support.mozilla.org\\\/es\\\/products\\\/firefox\\\/cookies\\\">http:\\\/\\\/support.mozilla.org\\\/es\\\/products\\\/firefox\\\/cookies<\\\/a><\\\/p>\\n\n\n<p>Chrome desde <a href=\\\"http:\\\/\\\/support.google.com\\\/chrome\\\/bin\\\/answer.py?hl=es&amp;answer=95647\\\">http:\\\/\\\/support.google.com\\\/chrome\\\/bin\\\/answer.py?hl=es&amp;answer=95647<\\\/a><\\\/p>\\n\n\n<p>Explorer desde <a href=\\\"http:\\\/\\\/windows.microsoft.com\\\/es-es\\\/windows7\\\/how-to-manage-cookies-in-internet-explorer-9\\\">http:\\\/\\\/windows.microsoft.com\\\/es-es\\\/windows7\\\/how-to-manage-cookies-in-internet-explorer-9<\\\/a><\\\/p>\\n\n\n<p><span style=\\\"color: black;\\\">Safari des de\\u00a0<a href=\\\"http:\\\/\\\/support.apple.com\\\/kb\\\/ph5042\\\">http:\\\/\\\/support.apple.com\\\/kb\\\/ph5042<\\\/a><\\\/span><\\\/p>\",\"margin\":\"default\"}}]}]}]}],\"version\":\"4.5.9\"} --><\/p>\n","protected":false},"excerpt":{"rendered":"<p>Pol\u00edtica de cookies C\u00f3mo utilizamos las cookies La intenci\u00f3n de este documento es facilitarte la gesti\u00f3n de las cookies que utilizamos. Respetaremos cualquier cambio que realices, pero ten en cuenta que hasta que este sitio acabe de realizar todas las modificaciones necesarias, es posible que algunas de las cookies no puedan ser controladas adecuadamente. Utilizando [&hellip;]<\/p>\n","protected":false},"author":3,"featured_media":0,"parent":0,"menu_order":0,"comment_status":"closed","ping_status":"closed","template":"","meta":{"footnotes":""},"categories":[],"tags":[],"class_list":["post-4903","page","type-page","status-publish","hentry"],"_links":{"self":[{"href":"https:\/\/www.chaper.es\/es\/wp-json\/wp\/v2\/pages\/4903","targetHints":{"allow":["GET"]}}],"collection":[{"href":"https:\/\/www.chaper.es\/es\/wp-json\/wp\/v2\/pages"}],"about":[{"href":"https:\/\/www.chaper.es\/es\/wp-json\/wp\/v2\/types\/page"}],"author":[{"embeddable":true,"href":"https:\/\/www.chaper.es\/es\/wp-json\/wp\/v2\/users\/3"}],"replies":[{"embeddable":true,"href":"https:\/\/www.chaper.es\/es\/wp-json\/wp\/v2\/comments?post=4903"}],"version-history":[{"count":5,"href":"https:\/\/www.chaper.es\/es\/wp-json\/wp\/v2\/pages\/4903\/revisions"}],"predecessor-version":[{"id":4916,"href":"https:\/\/www.chaper.es\/es\/wp-json\/wp\/v2\/pages\/4903\/revisions\/4916"}],"wp:attachment":[{"href":"https:\/\/www.chaper.es\/es\/wp-json\/wp\/v2\/media?parent=4903"}],"wp:term":[{"taxonomy":"category","embeddable":true,"href":"https:\/\/www.chaper.es\/es\/wp-json\/wp\/v2\/categories?post=4903"},{"taxonomy":"post_tag","embeddable":true,"href":"https:\/\/www.chaper.es\/es\/wp-json\/wp\/v2\/tags?post=4903"}],"curies":[{"name":"wp","href":"https:\/\/api.w.org\/{rel}","templated":true}]}}