{"id":5015,"date":"2024-07-27T18:18:21","date_gmt":"2024-07-27T16:18:21","guid":{"rendered":"https:\/\/www.chaper.es\/?page_id=5015"},"modified":"2025-04-26T19:44:42","modified_gmt":"2025-04-26T17:44:42","slug":"placas-jardin","status":"publish","type":"page","link":"https:\/\/www.chaper.es\/es\/placas-jardin\/","title":{"rendered":"PLACAS JARD\u00cdN"},"content":{"rendered":"<h1>\n<h1 style=\"text-align: center; color:red;\">PLACAS JARD\u00cdN <\/h1>\n<\/h1>\n<div>\n<p>    <a class=\"uk-button uk-button-default\" href=\"javascript:history.back()\"><span uk-icon=arrow-left><\/span><\/a>\n<\/div>\n<h1>CATEGOR\u00cdAS<\/h1>\n<ul>\n<li>\n<p>        <img decoding=\"async\" src=\"\/wp-content\/uploads\/2024\/07\/JARDI-MODUL-INDIVIDUAL.jpg\" alt=\"\"><\/p>\n<div>JARD\u00cdN M\u00d3DULO INDIVIDUAL<\/div>\n<div>\n<p><a href=\"https:\/\/www.chaper.es\/es\/jardin-modulo-individual\/\" aria-label=\"+ INFO\" class=\"el-link uk-button uk-button-default  uk-width-1-1\" role=\"button\">+ INFO<\/a><\/p>\n<\/div>\n<\/li>\n<li>\n<p>        <img decoding=\"async\" src=\"\/wp-content\/uploads\/2024\/07\/JARDI-MODUL-CONJUNT-1.jpg\" alt=\"\"><\/p>\n<div>JARD\u00cdN  M\u00d3DULO CONJUNTO<\/div>\n<div>\n<p><a href=\"https:\/\/www.chaper.es\/es\/jardin-modulo-conjunto\/\" aria-label=\"+ INFO\" class=\"el-link uk-button uk-button-default  uk-width-1-1\" role=\"button\">+ INFO<\/a><\/p>\n<\/div>\n<\/li>\n<li>\n<p>        <img decoding=\"async\" src=\"\/wp-content\/uploads\/2024\/07\/JARDI-ECON-2P.jpg\" alt=\"\"><\/p>\n<div>JARD\u00cdN ECON 2P<\/div>\n<div>\n<p><a href=\"https:\/\/www.chaper.es\/es\/jardin-econ-2p\/\" aria-label=\"+ INFO\" class=\"el-link uk-button uk-button-default  uk-width-1-1\" role=\"button\">+ INFO<\/a><\/p>\n<\/div>\n<\/li>\n<li>\n<p>        <img decoding=\"async\" src=\"\/wp-content\/uploads\/2024\/07\/JARDI-ECON-1P.jpg\" alt=\"\"><\/p>\n<div>JARD\u00cdN ECON 3&#215;6<\/div>\n<div>\n<p><a href=\"https:\/\/www.chaper.es\/es\/jardin-econ-3x6\/\" aria-label=\"+ INFO\" class=\"el-link uk-button uk-button-default  uk-width-1-1\" role=\"button\">+ INFO<\/a><\/p>\n<\/div>\n<\/li>\n<li>\n<p>        <img decoding=\"async\" src=\"\/wp-content\/uploads\/2024\/07\/JARDI-ECON-3.jpg\" alt=\"\"><\/p>\n<div>JARD\u00cdN ECON 3&#215;3<\/div>\n<div>\n<p><a href=\"https:\/\/www.chaper.es\/es\/jardin-econ-3x3\/\" aria-label=\"+ INFO\" class=\"el-link uk-button uk-button-default  uk-width-1-1\" role=\"button\">+ INFO<\/a><\/p>\n<\/div>\n<\/li>\n<li>\n<p>        <img decoding=\"async\" src=\"\/wp-content\/uploads\/2024\/07\/JARDI-ALUCOM.jpg\" alt=\"\"><\/p>\n<div>JARD\u00cdN ALUCOM<\/div>\n<div>\n<p><a href=\"https:\/\/www.chaper.es\/es\/jardin-alucom\/\" aria-label=\"+ INFO\" class=\"el-link uk-button uk-button-default  uk-width-1-1\" role=\"button\">+ INFO<\/a><\/p>\n<\/div>\n<\/li>\n<\/ul>\n<p><!--more--><br \/>\n<!-- {\"type\":\"layout\",\"children\":[{\"type\":\"section\",\"props\":{\"height\":\"viewport\",\"height_viewport\":60,\"image\":\"wp-content\\\/uploads\\\/2024\\\/07\\\/JARDI-ECON-2P.jpg\",\"image_height\":600,\"image_position\":\"center-center\",\"image_size\":\"cover\",\"image_width\":1200,\"media_background\":\"rgba(255, 255, 255, 0.69)\",\"media_overlay\":\"rgba(255, 255, 255, 0.32)\",\"style\":\"default\",\"title_breakpoint\":\"xl\",\"title_position\":\"top-left\",\"title_rotation\":\"left\",\"vertical_align\":\"middle\",\"width\":\"xlarge\"},\"children\":[{\"type\":\"row\",\"children\":[{\"type\":\"column\",\"props\":{\"image_position\":\"center-center\",\"position_sticky_breakpoint\":\"m\"},\"children\":[{\"type\":\"headline\",\"props\":{\"block_align\":\"center\",\"content\":\"\n\n<h1 style=\\\"text-align: center; color:red;\\\">PLACAS JARD\\u00cdN <\\\/h1>\",\"maxwidth\":\"2xlarge\",\"text_align\":\"center\",\"title_element\":\"h1\",\"title_style\":\"heading-3xlarge\"}}]}]}]},{\"type\":\"section\",\"props\":{\"image_position\":\"center-center\",\"style\":\"default\",\"title_breakpoint\":\"xl\",\"title_position\":\"top-left\",\"title_rotation\":\"left\",\"vertical_align\":\"middle\",\"width\":\"default\"},\"children\":[{\"type\":\"row\",\"children\":[{\"type\":\"column\",\"props\":{\"image_position\":\"center-center\",\"position_sticky_breakpoint\":\"m\"},\"children\":[{\"type\":\"html\",\"props\":{\"content\":\"<a class=\\\"uk-button uk-button-default\\\" href=\\\"javascript:history.back()\\\"><span uk-icon=arrow-left><\\\/span><\\\/a>\"}},{\"type\":\"headline\",\"props\":{\"content\":\"CATEGOR\\u00cdAS\",\"title_element\":\"h1\"}},{\"type\":\"search\",\"props\":{\"search_size\":\"small\"}},{\"name\":\"Gallery Filter\",\"type\":\"gallery\",\"children\":[{\"type\":\"gallery_item\",\"props\":{\"content\":\"\n\n<p><a href=\\\"https:\\\/\\\/www.chaper.es\\\/es\\\/jardin-modulo-individual\\\/\\\" aria-label=\\\"+ INFO\\\" class=\\\"el-link uk-button uk-button-default  uk-width-1-1\\\" role=\\\"button\\\">+ INFO<\\\/a><\\\/p>\",\"image\":\"wp-content\\\/uploads\\\/2024\\\/07\\\/JARDI-MODUL-INDIVIDUAL.jpg\",\"tags\":\"PLACAS JARD\\u00cdN\",\"title\":\"JARD\\u00cdN M\\u00d3DULO INDIVIDUAL\"}},{\"type\":\"gallery_item\",\"props\":{\"content\":\"\n\n<p><a href=\\\"https:\\\/\\\/www.chaper.es\\\/es\\\/jardin-modulo-conjunto\\\/\\\" aria-label=\\\"+ INFO\\\" class=\\\"el-link uk-button uk-button-default  uk-width-1-1\\\" role=\\\"button\\\">+ INFO<\\\/a><\\\/p>\",\"image\":\"wp-content\\\/uploads\\\/2024\\\/07\\\/JARDI-MODUL-CONJUNT-1.jpg\",\"tags\":\"PLACAS JARD\\u00cdN\",\"title\":\"JARD\\u00cdN  M\\u00d3DULO CONJUNTO\"}},{\"type\":\"gallery_item\",\"props\":{\"content\":\"\n\n<p><a href=\\\"https:\\\/\\\/www.chaper.es\\\/es\\\/jardin-econ-2p\\\/\\\" aria-label=\\\"+ INFO\\\" class=\\\"el-link uk-button uk-button-default  uk-width-1-1\\\" role=\\\"button\\\">+ INFO<\\\/a><\\\/p>\\n\\n\",\"image\":\"wp-content\\\/uploads\\\/2024\\\/07\\\/JARDI-ECON-2P.jpg\",\"tags\":\"PLACAS JARD\\u00cdN\",\"title\":\"JARD\\u00cdN ECON 2P\"}},{\"type\":\"gallery_item\",\"props\":{\"content\":\"\n\n<p><a href=\\\"https:\\\/\\\/www.chaper.es\\\/es\\\/jardin-econ-3x6\\\/\\\" aria-label=\\\"+ INFO\\\" class=\\\"el-link uk-button uk-button-default  uk-width-1-1\\\" role=\\\"button\\\">+ INFO<\\\/a><\\\/p>\\n\\n\\n\",\"image\":\"wp-content\\\/uploads\\\/2024\\\/07\\\/JARDI-ECON-1P.jpg\",\"tags\":\"PLACAS JARD\\u00cdN\",\"title\":\"JARD\\u00cdN ECON 3x6\"}},{\"type\":\"gallery_item\",\"props\":{\"content\":\"\n\n<p><a href=\\\"https:\\\/\\\/www.chaper.es\\\/es\\\/jardin-econ-3x3\\\/\\\" aria-label=\\\"+ INFO\\\" class=\\\"el-link uk-button uk-button-default  uk-width-1-1\\\" role=\\\"button\\\">+ INFO<\\\/a><\\\/p>\\n\\n\\n\",\"image\":\"wp-content\\\/uploads\\\/2024\\\/07\\\/JARDI-ECON-3.jpg\",\"tags\":\"PLACAS JARD\\u00cdN\",\"title\":\"JARD\\u00cdN ECON 3x3\"}},{\"type\":\"gallery_item\",\"props\":{\"content\":\"\n\n<p><a href=\\\"https:\\\/\\\/www.chaper.es\\\/es\\\/jardin-alucom\\\/\\\" aria-label=\\\"+ INFO\\\" class=\\\"el-link uk-button uk-button-default  uk-width-1-1\\\" role=\\\"button\\\">+ INFO<\\\/a><\\\/p>\\n\\n\\n\",\"image\":\"wp-content\\\/uploads\\\/2024\\\/07\\\/JARDI-ALUCOM.jpg\",\"tags\":\"PLACAS JARD\\u00cdN\",\"title\":\"JARD\\u00cdN ALUCOM\"}}],\"props\":{\"block_align\":\"center\",\"filter\":true,\"filter_align\":\"left\",\"filter_all\":false,\"filter_all_label\":\"Tots\",\"filter_grid_breakpoint\":\"m\",\"filter_grid_width\":\"auto\",\"filter_margin\":\"medium\",\"filter_position\":\"left\",\"filter_style\":\"subnav-pill\",\"grid_column_gap\":\"small\",\"grid_default\":\"1\",\"grid_medium\":\"3\",\"grid_row_gap\":\"small\",\"grid_small\":\"2\",\"grid_xlarge\":\"5\",\"image_height\":\"800\",\"image_transition\":\"scale-up\",\"image_transition_border\":true,\"image_width\":\"600\",\"item_animation\":true,\"lightbox\":true,\"lightbox_bg_close\":true,\"link_style\":\"default\",\"link_text\":\"\",\"margin\":\"default\",\"meta_align\":\"below-title\",\"meta_element\":\"div\",\"meta_style\":\"text-meta\",\"overlay_hover\":true,\"overlay_link\":false,\"overlay_mode\":\"cover\",\"overlay_position\":\"center\",\"overlay_style\":\"overlay-primary\",\"overlay_transition\":\"fade\",\"parallax_easing\":\"1\",\"show_content\":true,\"show_hover_image\":true,\"show_hover_video\":true,\"show_link\":true,\"show_meta\":true,\"show_title\":true,\"text_align\":\"center\",\"text_color\":\"light\",\"title_color\":\"primary\",\"title_element\":\"div\",\"title_hover_style\":\"reset\",\"title_style\":\"h5\"}}]}]}]},{\"type\":\"section\",\"props\":{\"image_position\":\"center-center\",\"style\":\"default\",\"title_breakpoint\":\"xl\",\"title_position\":\"top-left\",\"title_rotation\":\"left\",\"vertical_align\":\"middle\",\"width\":\"default\"},\"children\":[{\"type\":\"row\",\"children\":[{\"type\":\"column\",\"props\":{\"image_position\":\"center-center\",\"position_sticky_breakpoint\":\"m\"},\"children\":[{\"type\":\"totop\",\"props\":{\"margin\":\"default\",\"text_align\":\"right\",\"title\":\"Subir arriba\",\"title_grid_column_gap\":\"small\",\"title_grid_row_gap\":\"small\"}}]}]}]}],\"version\":\"4.5.11\"} --><\/p>\n","protected":false},"excerpt":{"rendered":"<p>PLACAS JARD\u00cdN CATEGOR\u00cdAS JARD\u00cdN M\u00d3DULO INDIVIDUAL + INFO JARD\u00cdN M\u00d3DULO CONJUNTO + INFO JARD\u00cdN ECON 2P + INFO JARD\u00cdN ECON 3&#215;6 + INFO JARD\u00cdN ECON 3&#215;3 + INFO JARD\u00cdN ALUCOM + INFO<\/p>","protected":false},"author":3,"featured_media":0,"parent":0,"menu_order":0,"comment_status":"closed","ping_status":"closed","template":"","meta":{"footnotes":""},"categories":[123,124,105],"tags":[],"class_list":["post-5015","page","type-page","status-publish","hentry","category-parques-y-jardines","category-placas-jardin","category-senalizacion-es"],"_links":{"self":[{"href":"https:\/\/www.chaper.es\/es\/wp-json\/wp\/v2\/pages\/5015","targetHints":{"allow":["GET"]}}],"collection":[{"href":"https:\/\/www.chaper.es\/es\/wp-json\/wp\/v2\/pages"}],"about":[{"href":"https:\/\/www.chaper.es\/es\/wp-json\/wp\/v2\/types\/page"}],"author":[{"embeddable":true,"href":"https:\/\/www.chaper.es\/es\/wp-json\/wp\/v2\/users\/3"}],"replies":[{"embeddable":true,"href":"https:\/\/www.chaper.es\/es\/wp-json\/wp\/v2\/comments?post=5015"}],"version-history":[{"count":4,"href":"https:\/\/www.chaper.es\/es\/wp-json\/wp\/v2\/pages\/5015\/revisions"}],"predecessor-version":[{"id":5796,"href":"https:\/\/www.chaper.es\/es\/wp-json\/wp\/v2\/pages\/5015\/revisions\/5796"}],"wp:attachment":[{"href":"https:\/\/www.chaper.es\/es\/wp-json\/wp\/v2\/media?parent=5015"}],"wp:term":[{"taxonomy":"category","embeddable":true,"href":"https:\/\/www.chaper.es\/es\/wp-json\/wp\/v2\/categories?post=5015"},{"taxonomy":"post_tag","embeddable":true,"href":"https:\/\/www.chaper.es\/es\/wp-json\/wp\/v2\/tags?post=5015"}],"curies":[{"name":"wp","href":"https:\/\/api.w.org\/{rel}","templated":true}]}}