{"id":5101,"date":"2025-03-15T09:39:40","date_gmt":"2025-03-15T08:39:40","guid":{"rendered":"https:\/\/www.chaper.es\/?page_id=5101"},"modified":"2025-03-15T09:45:33","modified_gmt":"2025-03-15T08:45:33","slug":"alucom-banderola-2","status":"publish","type":"page","link":"https:\/\/www.chaper.es\/es\/alucom-banderola-2\/","title":{"rendered":"ALUCOM BANDEROLA"},"content":{"rendered":"<div>\n<p>    <a class=\"uk-button uk-button-default\" href=\"javascript:history.back()\"><span uk-icon=arrow-left><\/span><\/a>\n<\/div>\n<h1>ALUCOM BANDEROLA<\/h1>\n<p><img decoding=\"async\" src=\"\/wp-content\/uploads\/2024\/07\/ALUCOM-BANDEROLA.jpg\" alt=\"\"><\/p>\n<div>\n<p>Nombre: ALUCOM BANDEROLA<\/p>\n<\/div>\n<div>\n<p>Categor\u00eda: SE\u00d1ALIZACI\u00d3N, PLACAS Y N\u00daMEROS DE CALLE, PLACA CALLE<\/p>\n<\/div>\n<div>\n<p>Descripci\u00f3n: Placa de calle en aluminio Alucom de 550x360x30mm rotulada<\/p>\n<\/div>\n<div>\n<p>PRODUCTOS RELACIONADOS<\/p>\n<\/div>\n<ul>\n<li>\n<p>        <img decoding=\"async\" src=\"\/wp-content\/uploads\/2024\/07\/17935_w.png\" alt=\"\"><\/p>\n<h3>17935_w<\/h3>\n<\/li>\n<li>\n<p>        <img decoding=\"async\" src=\"\/wp-content\/uploads\/2024\/07\/17935_w.png\" alt=\"\"><\/p>\n<h3>17935_w<\/h3>\n<\/li>\n<li>\n<p>        <img decoding=\"async\" src=\"\/wp-content\/uploads\/2024\/07\/17935_w.png\" alt=\"\"><\/p>\n<h3>17935_w<\/h3>\n<\/li>\n<\/ul>\n<p><!--more--><br \/>\n<!-- {\"type\":\"layout\",\"children\":[{\"type\":\"section\",\"props\":{\"image_position\":\"center-center\",\"style\":\"default\",\"title_breakpoint\":\"xl\",\"title_position\":\"top-left\",\"title_rotation\":\"left\",\"vertical_align\":\"middle\",\"width\":\"default\"},\"children\":[{\"type\":\"row\",\"children\":[{\"type\":\"column\",\"props\":{\"image_position\":\"center-center\",\"position_sticky_breakpoint\":\"m\"},\"children\":[{\"type\":\"html\",\"props\":{\"content\":\"<a class=\\\"uk-button uk-button-default\\\" href=\\\"javascript:history.back()\\\"><span uk-icon=arrow-left><\\\/span><\\\/a>\"}},{\"type\":\"headline\",\"props\":{\"content\":\"ALUCOM BANDEROLA\",\"title_element\":\"h1\"}}]}]}]},{\"type\":\"section\",\"props\":{\"image_position\":\"center-center\",\"style\":\"default\",\"title_breakpoint\":\"xl\",\"title_position\":\"top-left\",\"title_rotation\":\"left\",\"vertical_align\":\"middle\",\"width\":\"default\"},\"children\":[{\"type\":\"row\",\"children\":[{\"type\":\"column\",\"props\":{\"image_position\":\"center-center\",\"position_sticky_breakpoint\":\"m\",\"width_medium\":\"1-2\"},\"children\":[{\"type\":\"image\",\"props\":{\"image\":\"wp-content\\\/uploads\\\/2024\\\/07\\\/ALUCOM-BANDEROLA.jpg\",\"image_height\":500,\"image_svg_color\":\"emphasis\",\"margin\":\"default\"}}]},{\"type\":\"column\",\"props\":{\"image_position\":\"center-center\",\"position_sticky_breakpoint\":\"m\",\"width_medium\":\"1-2\"},\"children\":[{\"type\":\"text\",\"props\":{\"column_breakpoint\":\"m\",\"content\":\"\n\n<p>Nombre: ALUCOM BANDEROLA<\\\/p>\",\"margin\":\"default\"}},{\"type\":\"text\",\"props\":{\"column_breakpoint\":\"m\",\"content\":\"\n\n<p>Categor\\u00eda: SE\\u00d1ALIZACI\\u00d3N, PLACAS Y N\\u00daMEROS DE CALLE, PLACA CALLE<\\\/p>\",\"margin\":\"default\"}},{\"type\":\"text\",\"props\":{\"column_breakpoint\":\"m\",\"content\":\"\n\n<p>Descripci\\u00f3n: Placa de calle en aluminio Alucom de 550x360x30mm rotulada<\\\/p>\",\"margin\":\"default\"}}]}],\"props\":{\"layout\":\"1-2,1-2\"}}]},{\"type\":\"section\",\"props\":{\"image_position\":\"center-center\",\"style\":\"default\",\"title_breakpoint\":\"xl\",\"title_position\":\"top-left\",\"title_rotation\":\"left\",\"vertical_align\":\"middle\",\"width\":\"default\"},\"children\":[{\"type\":\"row\",\"children\":[{\"type\":\"column\",\"props\":{\"image_position\":\"center-center\",\"position_sticky_breakpoint\":\"m\"},\"children\":[{\"type\":\"text\",\"props\":{\"column_breakpoint\":\"m\",\"content\":\"\n\n<p>PRODUCTOS RELACIONADOS<\\\/p>\",\"margin\":\"default\"}},{\"type\":\"panel-slider\",\"props\":{\"content_column_breakpoint\":\"m\",\"icon_width\":80,\"image_align\":\"top\",\"image_grid_breakpoint\":\"m\",\"image_grid_width\":\"1-2\",\"image_svg_color\":\"emphasis\",\"link_style\":\"default\",\"link_text\":\"Read more\",\"margin\":\"default\",\"meta_align\":\"below-title\",\"meta_element\":\"div\",\"meta_style\":\"text-meta\",\"nav\":\"dotnav\",\"nav_align\":\"center\",\"nav_breakpoint\":\"s\",\"panel_match\":true,\"show_content\":true,\"show_hover_image\":true,\"show_hover_video\":true,\"show_image\":true,\"show_link\":true,\"show_meta\":true,\"show_title\":true,\"show_video\":true,\"slidenav\":\"outside\",\"slidenav_breakpoint\":\"xl\",\"slidenav_margin\":\"medium\",\"slidenav_outside_breakpoint\":\"xl\",\"slider_autoplay_pause\":true,\"slider_gap\":\"default\",\"slider_width\":\"fixed\",\"slider_width_default\":\"1-1\",\"slider_width_medium\":\"1-3\",\"title_align\":\"top\",\"title_element\":\"h3\",\"title_grid_breakpoint\":\"m\",\"title_grid_width\":\"1-2\",\"title_hover_style\":\"reset\"},\"children\":[{\"type\":\"panel-slider_item\",\"props\":{\"image\":\"wp-content\\\/uploads\\\/2024\\\/07\\\/17935_w.png\",\"title\":\"17935_w\"}},{\"type\":\"panel-slider_item\",\"props\":{\"image\":\"wp-content\\\/uploads\\\/2024\\\/07\\\/17935_w.png\",\"title\":\"17935_w\"}},{\"type\":\"panel-slider_item\",\"props\":{\"image\":\"wp-content\\\/uploads\\\/2024\\\/07\\\/17935_w.png\",\"title\":\"17935_w\"}}]}]}]}]}],\"version\":\"4.5.9\"} --><\/p>\n","protected":false},"excerpt":{"rendered":"<p>ALUCOM BANDEROLA Nombre: ALUCOM BANDEROLA Categor\u00eda: SE\u00d1ALIZACI\u00d3N, PLACAS Y N\u00daMEROS DE CALLE, PLACA CALLE Descripci\u00f3n: Placa de calle en aluminio Alucom de 550x360x30mm rotulada PRODUCTOS RELACIONADOS 17935_w 17935_w 17935_w<\/p>","protected":false},"author":3,"featured_media":0,"parent":0,"menu_order":0,"comment_status":"closed","ping_status":"closed","template":"","meta":{"footnotes":""},"categories":[130,129,105],"tags":[],"class_list":["post-5101","page","type-page","status-publish","hentry","category-placa-calle","category-placas-y-numeros-de-calle","category-senalizacion-es"],"_links":{"self":[{"href":"https:\/\/www.chaper.es\/es\/wp-json\/wp\/v2\/pages\/5101","targetHints":{"allow":["GET"]}}],"collection":[{"href":"https:\/\/www.chaper.es\/es\/wp-json\/wp\/v2\/pages"}],"about":[{"href":"https:\/\/www.chaper.es\/es\/wp-json\/wp\/v2\/types\/page"}],"author":[{"embeddable":true,"href":"https:\/\/www.chaper.es\/es\/wp-json\/wp\/v2\/users\/3"}],"replies":[{"embeddable":true,"href":"https:\/\/www.chaper.es\/es\/wp-json\/wp\/v2\/comments?post=5101"}],"version-history":[{"count":2,"href":"https:\/\/www.chaper.es\/es\/wp-json\/wp\/v2\/pages\/5101\/revisions"}],"predecessor-version":[{"id":5115,"href":"https:\/\/www.chaper.es\/es\/wp-json\/wp\/v2\/pages\/5101\/revisions\/5115"}],"wp:attachment":[{"href":"https:\/\/www.chaper.es\/es\/wp-json\/wp\/v2\/media?parent=5101"}],"wp:term":[{"taxonomy":"category","embeddable":true,"href":"https:\/\/www.chaper.es\/es\/wp-json\/wp\/v2\/categories?post=5101"},{"taxonomy":"post_tag","embeddable":true,"href":"https:\/\/www.chaper.es\/es\/wp-json\/wp\/v2\/tags?post=5101"}],"curies":[{"name":"wp","href":"https:\/\/api.w.org\/{rel}","templated":true}]}}