{"id":5129,"date":"2024-07-27T19:49:35","date_gmt":"2024-07-27T17:49:35","guid":{"rendered":"https:\/\/www.chaper.es\/?page_id=5129"},"modified":"2025-03-15T10:39:58","modified_gmt":"2025-03-15T09:39:58","slug":"alumini-anoditzat-alucom","status":"publish","type":"page","link":"https:\/\/www.chaper.es\/es\/alumini-anoditzat-alucom\/","title":{"rendered":"ALUMINIO ANODIZADO ALUCOM"},"content":{"rendered":"<div>\n<p>    <a class=\"uk-button uk-button-default\" href=\"javascript:history.back()\"><span uk-icon=arrow-left><\/span><\/a>\n<\/div>\n<h1>SOPORTES ALUMINIO ANODIZADO ALUCOM<\/h1>\n<p><img decoding=\"async\" src=\"\/wp-content\/uploads\/2024\/07\/SUPORT-ALUMINI-ANODITZAT-ALUCOM-1-scaled.jpg\" alt=\"\"><\/p>\n<div>Nombre: SOPORTES ALUMINIO ANODIZADO ALUCOM<\/div>\n<div>Categor\u00eda: SE\u00d1ALIZACI\u00d3N, SOPORTES<\/div>\n<div>\n<p>D<span class=\"Y2IQFc\" lang=\"es\">escripci\u00f3n: Soporte de aluminio extruido Alucom <\/span><\/p>\n<p><span class=\"Y2IQFc\" lang=\"es\">Medidas disponibles:<\/span><\/p>\n<ul>\n<li>s<span class=\"Y2IQFc\" lang=\"es\">oporte extruido \u00d8 76 x 2000mm<\/span><\/li>\n<li><span class=\"Y2IQFc\" lang=\"es\">soporte extruido \u00d8 76 x 3250mm<\/span><\/li>\n<li><span class=\"Y2IQFc\" lang=\"es\">soporte extruido \u00d8 76 x 3500mm<\/span><\/li>\n<li><span class=\"Y2IQFc\" lang=\"es\">soporte extruido \u00d8 114 x 4000mm<\/span><\/li>\n<li><span class=\"Y2IQFc\" lang=\"es\">soporte extruido \u00d8 114 x 4500mm<\/span><\/li>\n<\/ul>\n<\/div>\n<p><!--more--><br \/>\n<!-- {\"type\":\"layout\",\"children\":[{\"type\":\"section\",\"props\":{\"image_position\":\"center-center\",\"style\":\"default\",\"title_breakpoint\":\"xl\",\"title_position\":\"top-left\",\"title_rotation\":\"left\",\"vertical_align\":\"middle\",\"width\":\"default\"},\"children\":[{\"type\":\"row\",\"children\":[{\"type\":\"column\",\"props\":{\"image_position\":\"center-center\",\"position_sticky_breakpoint\":\"m\"},\"children\":[{\"type\":\"html\",\"props\":{\"content\":\"<a class=\\\"uk-button uk-button-default\\\" href=\\\"javascript:history.back()\\\"><span uk-icon=arrow-left><\\\/span><\\\/a>\"}},{\"type\":\"headline\",\"props\":{\"content\":\"SOPORTES ALUMINIO ANODIZADO ALUCOM\",\"title_element\":\"h1\"}}]}]}]},{\"type\":\"section\",\"props\":{\"image_position\":\"center-center\",\"style\":\"default\",\"title_breakpoint\":\"xl\",\"title_position\":\"top-left\",\"title_rotation\":\"left\",\"vertical_align\":\"middle\",\"width\":\"default\"},\"children\":[{\"type\":\"row\",\"children\":[{\"type\":\"column\",\"props\":{\"image_position\":\"center-center\",\"position_sticky_breakpoint\":\"m\",\"width_medium\":\"1-2\"},\"children\":[{\"type\":\"image\",\"props\":{\"image\":\"wp-content\\\/uploads\\\/2024\\\/07\\\/SUPORT-ALUMINI-ANODITZAT-ALUCOM-1-scaled.jpg\",\"image_svg_color\":\"emphasis\",\"margin\":\"default\"}}]},{\"type\":\"column\",\"props\":{\"image_position\":\"center-center\",\"position_sticky_breakpoint\":\"m\",\"width_medium\":\"1-2\"},\"children\":[{\"type\":\"text\",\"props\":{\"column_breakpoint\":\"m\",\"content\":\"Nombre: SOPORTES ALUMINIO ANODIZADO ALUCOM\",\"margin\":\"default\"}},{\"type\":\"text\",\"props\":{\"column_breakpoint\":\"m\",\"content\":\"Categor\\u00eda: SE\\u00d1ALIZACI\\u00d3N, SOPORTES\",\"margin\":\"default\"}},{\"type\":\"text\",\"props\":{\"column_breakpoint\":\"m\",\"content\":\"\n\n<p>D<span class=\\\"Y2IQFc\\\" lang=\\\"es\\\">escripci\\u00f3n: Soporte de aluminio extruido Alucom <\\\/span><\\\/p>\\n\n\n<p><span class=\\\"Y2IQFc\\\" lang=\\\"es\\\">Medidas disponibles:<\\\/span><\\\/p>\\n\n\n<ul>\\n\n\n<li>s<span class=\\\"Y2IQFc\\\" lang=\\\"es\\\">oporte extruido \\u00d8 76 x 2000mm<\\\/span><\\\/li>\\n\n\n<li><span class=\\\"Y2IQFc\\\" lang=\\\"es\\\">soporte extruido \\u00d8 76 x 3250mm<\\\/span><\\\/li>\\n\n\n<li><span class=\\\"Y2IQFc\\\" lang=\\\"es\\\">soporte extruido \\u00d8 76 x 3500mm<\\\/span><\\\/li>\\n\n\n<li><span class=\\\"Y2IQFc\\\" lang=\\\"es\\\">soporte extruido \\u00d8 114 x 4000mm<\\\/span><\\\/li>\\n\n\n<li><span class=\\\"Y2IQFc\\\" lang=\\\"es\\\">soporte extruido \\u00d8 114 x 4500mm<\\\/span><\\\/li>\\n<\\\/ul>\",\"margin\":\"default\"}}]}],\"props\":{\"layout\":\"1-2,1-2\"}}]},{\"type\":\"section\",\"props\":{\"image_position\":\"center-center\",\"status\":\"disabled\",\"style\":\"default\",\"title_breakpoint\":\"xl\",\"title_position\":\"top-left\",\"title_rotation\":\"left\",\"vertical_align\":\"middle\",\"width\":\"default\"},\"children\":[{\"type\":\"row\",\"children\":[{\"type\":\"column\",\"props\":{\"image_position\":\"center-center\",\"position_sticky_breakpoint\":\"m\"},\"children\":[{\"type\":\"text\",\"props\":{\"column_breakpoint\":\"m\",\"content\":\"\n\n<p>PRODUCTOS RELACIONADOS<\\\/p>\",\"margin\":\"default\"}},{\"type\":\"panel-slider\",\"props\":{\"content_column_breakpoint\":\"m\",\"icon_width\":80,\"image_align\":\"top\",\"image_grid_breakpoint\":\"m\",\"image_grid_width\":\"1-2\",\"image_svg_color\":\"emphasis\",\"link_style\":\"default\",\"link_text\":\"Read more\",\"margin\":\"default\",\"meta_align\":\"below-title\",\"meta_element\":\"div\",\"meta_style\":\"text-meta\",\"nav\":\"dotnav\",\"nav_align\":\"center\",\"nav_breakpoint\":\"s\",\"panel_match\":true,\"show_content\":true,\"show_hover_image\":true,\"show_hover_video\":true,\"show_image\":true,\"show_link\":true,\"show_meta\":true,\"show_title\":true,\"show_video\":true,\"slidenav\":\"outside\",\"slidenav_breakpoint\":\"xl\",\"slidenav_margin\":\"medium\",\"slidenav_outside_breakpoint\":\"xl\",\"slider_autoplay_pause\":true,\"slider_gap\":\"default\",\"slider_width\":\"fixed\",\"slider_width_default\":\"1-1\",\"slider_width_medium\":\"1-3\",\"title_align\":\"top\",\"title_element\":\"h3\",\"title_grid_breakpoint\":\"m\",\"title_grid_width\":\"1-2\",\"title_hover_style\":\"reset\"},\"children\":[{\"type\":\"panel-slider_item\",\"props\":{\"image\":\"wp-content\\\/uploads\\\/2024\\\/07\\\/17935_w.png\",\"title\":\"17935_w\"}},{\"type\":\"panel-slider_item\",\"props\":{\"image\":\"wp-content\\\/uploads\\\/2024\\\/07\\\/17935_w.png\",\"title\":\"17935_w\"}},{\"type\":\"panel-slider_item\",\"props\":{\"image\":\"wp-content\\\/uploads\\\/2024\\\/07\\\/17935_w.png\",\"title\":\"17935_w\"}}]}]}]}]}],\"version\":\"4.5.9\"} --><\/p>\n","protected":false},"excerpt":{"rendered":"<p>SOPORTES ALUMINIO ANODIZADO ALUCOM Nombre: SOPORTES ALUMINIO ANODIZADO ALUCOM Categor\u00eda: SE\u00d1ALIZACI\u00d3N, SOPORTES Descripci\u00f3n: Soporte de aluminio extruido Alucom Medidas disponibles: soporte extruido \u00d8 76 x 2000mm soporte extruido \u00d8 76 x 3250mm soporte extruido \u00d8 76 x 3500mm soporte extruido \u00d8 114 x 4000mm soporte extruido \u00d8 114 x 4500mm<\/p>","protected":false},"author":3,"featured_media":0,"parent":0,"menu_order":0,"comment_status":"closed","ping_status":"closed","template":"","meta":{"footnotes":""},"categories":[134,105,132],"tags":[],"class_list":["post-5129","page","type-page","status-publish","hentry","category-aluminio-anodizado-alucom","category-senalizacion-es","category-soportes"],"_links":{"self":[{"href":"https:\/\/www.chaper.es\/es\/wp-json\/wp\/v2\/pages\/5129","targetHints":{"allow":["GET"]}}],"collection":[{"href":"https:\/\/www.chaper.es\/es\/wp-json\/wp\/v2\/pages"}],"about":[{"href":"https:\/\/www.chaper.es\/es\/wp-json\/wp\/v2\/types\/page"}],"author":[{"embeddable":true,"href":"https:\/\/www.chaper.es\/es\/wp-json\/wp\/v2\/users\/3"}],"replies":[{"embeddable":true,"href":"https:\/\/www.chaper.es\/es\/wp-json\/wp\/v2\/comments?post=5129"}],"version-history":[{"count":3,"href":"https:\/\/www.chaper.es\/es\/wp-json\/wp\/v2\/pages\/5129\/revisions"}],"predecessor-version":[{"id":5132,"href":"https:\/\/www.chaper.es\/es\/wp-json\/wp\/v2\/pages\/5129\/revisions\/5132"}],"wp:attachment":[{"href":"https:\/\/www.chaper.es\/es\/wp-json\/wp\/v2\/media?parent=5129"}],"wp:term":[{"taxonomy":"category","embeddable":true,"href":"https:\/\/www.chaper.es\/es\/wp-json\/wp\/v2\/categories?post=5129"},{"taxonomy":"post_tag","embeddable":true,"href":"https:\/\/www.chaper.es\/es\/wp-json\/wp\/v2\/tags?post=5129"}],"curies":[{"name":"wp","href":"https:\/\/api.w.org\/{rel}","templated":true}]}}