{"id":5136,"date":"2024-07-27T19:50:42","date_gmt":"2024-07-27T17:50:42","guid":{"rendered":"https:\/\/www.chaper.es\/?page_id=5136"},"modified":"2025-04-26T13:45:24","modified_gmt":"2025-04-26T11:45:24","slug":"madera-redondos","status":"publish","type":"page","link":"https:\/\/www.chaper.es\/es\/madera-redondos\/","title":{"rendered":"MADERA REDONDOS"},"content":{"rendered":"<div>\n<p>    <a class=\"uk-button uk-button-default\" href=\"javascript:history.back()\"><span uk-icon=arrow-left><\/span><\/a>\n<\/div>\n<h1>SOPORTES MADERA REDONDOS<\/h1>\n<p><img decoding=\"async\" src=\"\/wp-content\/uploads\/2024\/07\/SUPORT-FUSTA-RODO-1-scaled.jpg\" alt=\"\"><\/p>\n<div>\n<p>Nombre: SOPORTES MADERA REDONDOS<\/p>\n<\/div>\n<div>\n<p>Categor\u00eda: SE\u00d1ALIZACI\u00d3N, SOPORTES<\/p>\n<\/div>\n<div>\n<p>Descripci\u00f3n: Soporte redondo de madera tratada en autoclave.<\/p>\n<p>Medidas disponibles:<\/p>\n<ul>\n<li>Soporte de madera tratada en autoclave de \u00d880x3000mm<\/li>\n<li>Soporte de madera tratada en autoclave de \u00d8100x3000mm<\/li>\n<li>Soporte de madera tratada de \u00d8100x3500mm<\/li>\n<li>Soporte de madera tratada en autoclave de \u00d8125x1500mm<\/li>\n<li>Soporte de madera tratada en autoclave de \u00d8140x3500mm<\/li>\n<li>Soporte de madera tratada en autoclave de \u00d8140x3000mm<\/li>\n<\/ul>\n<\/div>\n<p><!--more--><br \/>\n<!-- {\"type\":\"layout\",\"children\":[{\"type\":\"section\",\"props\":{\"image_position\":\"center-center\",\"style\":\"default\",\"title_breakpoint\":\"xl\",\"title_position\":\"top-left\",\"title_rotation\":\"left\",\"vertical_align\":\"middle\",\"width\":\"default\"},\"children\":[{\"type\":\"row\",\"children\":[{\"type\":\"column\",\"props\":{\"image_position\":\"center-center\",\"position_sticky_breakpoint\":\"m\"},\"children\":[{\"type\":\"html\",\"props\":{\"content\":\"<a class=\\\"uk-button uk-button-default\\\" href=\\\"javascript:history.back()\\\"><span uk-icon=arrow-left><\\\/span><\\\/a>\"}},{\"type\":\"headline\",\"props\":{\"content\":\"SOPORTES MADERA REDONDOS\",\"title_element\":\"h1\"}}]}]}]},{\"type\":\"section\",\"props\":{\"image_position\":\"center-center\",\"style\":\"default\",\"title_breakpoint\":\"xl\",\"title_position\":\"top-left\",\"title_rotation\":\"left\",\"vertical_align\":\"middle\",\"width\":\"default\"},\"children\":[{\"type\":\"row\",\"children\":[{\"type\":\"column\",\"props\":{\"image_position\":\"center-center\",\"position_sticky_breakpoint\":\"m\",\"width_medium\":\"1-2\"},\"children\":[{\"type\":\"image\",\"props\":{\"image\":\"wp-content\\\/uploads\\\/2024\\\/07\\\/SUPORT-FUSTA-RODO-1-scaled.jpg\",\"image_svg_color\":\"emphasis\",\"margin\":\"default\"}}]},{\"type\":\"column\",\"props\":{\"image_position\":\"center-center\",\"position_sticky_breakpoint\":\"m\",\"width_medium\":\"1-2\"},\"children\":[{\"type\":\"text\",\"props\":{\"column_breakpoint\":\"m\",\"content\":\"\n\n<p>Nombre: SOPORTES MADERA REDONDOS<\\\/p>\",\"margin\":\"default\"}},{\"type\":\"text\",\"props\":{\"column_breakpoint\":\"m\",\"content\":\"\n\n<p>Categor\\u00eda: SE\\u00d1ALIZACI\\u00d3N, SOPORTES<\\\/p>\",\"margin\":\"default\"}},{\"type\":\"text\",\"props\":{\"column_breakpoint\":\"m\",\"content\":\"\n\n<p>Descripci\\u00f3n: Soporte redondo de madera tratada en autoclave.<\\\/p>\\n\n\n<p>Medidas disponibles:<\\\/p>\\n\n\n<ul>\\n\n\n<li>Soporte de madera tratada en autoclave de \\u00d880x3000mm<\\\/li>\\n\n\n<li>Soporte de madera tratada en autoclave de \\u00d8100x3000mm<\\\/li>\\n\n\n<li>Soporte de madera tratada de \\u00d8100x3500mm<\\\/li>\\n\n\n<li>Soporte de madera tratada en autoclave de \\u00d8125x1500mm<\\\/li>\\n\n\n<li>Soporte de madera tratada en autoclave de \\u00d8140x3500mm<\\\/li>\\n\n\n<li>Soporte de madera tratada en autoclave de \\u00d8140x3000mm<\\\/li>\\n<\\\/ul>\",\"margin\":\"default\"}}]}],\"props\":{\"layout\":\"1-2,1-2\"}}]},{\"type\":\"section\",\"props\":{\"image_position\":\"center-center\",\"status\":\"disabled\",\"style\":\"default\",\"title_breakpoint\":\"xl\",\"title_position\":\"top-left\",\"title_rotation\":\"left\",\"vertical_align\":\"middle\",\"width\":\"default\"},\"children\":[{\"type\":\"row\",\"children\":[{\"type\":\"column\",\"props\":{\"image_position\":\"center-center\",\"position_sticky_breakpoint\":\"m\"},\"children\":[{\"type\":\"text\",\"props\":{\"column_breakpoint\":\"m\",\"content\":\"\n\n<p>PRODUCTOS RELACIONADOS<\\\/p>\",\"margin\":\"default\"}},{\"type\":\"panel-slider\",\"props\":{\"content_column_breakpoint\":\"m\",\"icon_width\":80,\"image_align\":\"top\",\"image_grid_breakpoint\":\"m\",\"image_grid_width\":\"1-2\",\"image_svg_color\":\"emphasis\",\"link_style\":\"default\",\"link_text\":\"Read more\",\"margin\":\"default\",\"meta_align\":\"below-title\",\"meta_element\":\"div\",\"meta_style\":\"text-meta\",\"nav\":\"dotnav\",\"nav_align\":\"center\",\"nav_breakpoint\":\"s\",\"panel_match\":true,\"show_content\":true,\"show_hover_image\":true,\"show_hover_video\":true,\"show_image\":true,\"show_link\":true,\"show_meta\":true,\"show_title\":true,\"show_video\":true,\"slidenav\":\"outside\",\"slidenav_breakpoint\":\"xl\",\"slidenav_margin\":\"medium\",\"slidenav_outside_breakpoint\":\"xl\",\"slider_autoplay_pause\":true,\"slider_gap\":\"default\",\"slider_width\":\"fixed\",\"slider_width_default\":\"1-1\",\"slider_width_medium\":\"1-3\",\"title_align\":\"top\",\"title_element\":\"h3\",\"title_grid_breakpoint\":\"m\",\"title_grid_width\":\"1-2\",\"title_hover_style\":\"reset\"},\"children\":[{\"type\":\"panel-slider_item\",\"props\":{\"image\":\"wp-content\\\/uploads\\\/2024\\\/07\\\/17935_w.png\",\"title\":\"17935_w\"}},{\"type\":\"panel-slider_item\",\"props\":{\"image\":\"wp-content\\\/uploads\\\/2024\\\/07\\\/17935_w.png\",\"title\":\"17935_w\"}},{\"type\":\"panel-slider_item\",\"props\":{\"image\":\"wp-content\\\/uploads\\\/2024\\\/07\\\/17935_w.png\",\"title\":\"17935_w\"}}]}]}]}]}],\"version\":\"4.5.11\"} --><\/p>\n","protected":false},"excerpt":{"rendered":"<p>SOPORTES MADERA REDONDOS Nombre: SOPORTES MADERA REDONDOS Categor\u00eda: SE\u00d1ALIZACI\u00d3N, SOPORTES Descripci\u00f3n: Soporte redondo de madera tratada en autoclave. Medidas disponibles: Soporte de madera tratada en autoclave de \u00d880x3000mm Soporte de madera tratada en autoclave de \u00d8100x3000mm Soporte de madera tratada de \u00d8100x3500mm Soporte de madera tratada en autoclave de \u00d8125x1500mm Soporte de madera tratada en [&hellip;]<\/p>\n","protected":false},"author":3,"featured_media":0,"parent":0,"menu_order":0,"comment_status":"closed","ping_status":"closed","template":"","meta":{"footnotes":""},"categories":[137,105,132],"tags":[],"class_list":["post-5136","page","type-page","status-publish","hentry","category-madera-redondos","category-senalizacion-es","category-soportes"],"_links":{"self":[{"href":"https:\/\/www.chaper.es\/es\/wp-json\/wp\/v2\/pages\/5136","targetHints":{"allow":["GET"]}}],"collection":[{"href":"https:\/\/www.chaper.es\/es\/wp-json\/wp\/v2\/pages"}],"about":[{"href":"https:\/\/www.chaper.es\/es\/wp-json\/wp\/v2\/types\/page"}],"author":[{"embeddable":true,"href":"https:\/\/www.chaper.es\/es\/wp-json\/wp\/v2\/users\/3"}],"replies":[{"embeddable":true,"href":"https:\/\/www.chaper.es\/es\/wp-json\/wp\/v2\/comments?post=5136"}],"version-history":[{"count":3,"href":"https:\/\/www.chaper.es\/es\/wp-json\/wp\/v2\/pages\/5136\/revisions"}],"predecessor-version":[{"id":5736,"href":"https:\/\/www.chaper.es\/es\/wp-json\/wp\/v2\/pages\/5136\/revisions\/5736"}],"wp:attachment":[{"href":"https:\/\/www.chaper.es\/es\/wp-json\/wp\/v2\/media?parent=5136"}],"wp:term":[{"taxonomy":"category","embeddable":true,"href":"https:\/\/www.chaper.es\/es\/wp-json\/wp\/v2\/categories?post=5136"},{"taxonomy":"post_tag","embeddable":true,"href":"https:\/\/www.chaper.es\/es\/wp-json\/wp\/v2\/tags?post=5136"}],"curies":[{"name":"wp","href":"https:\/\/api.w.org\/{rel}","templated":true}]}}