{"id":5158,"date":"2024-07-27T19:51:22","date_gmt":"2024-07-27T17:51:22","guid":{"rendered":"https:\/\/www.chaper.es\/madera-normativa-parques\/"},"modified":"2025-04-26T13:47:38","modified_gmt":"2025-04-26T11:47:38","slug":"madera-normativa-parques","status":"publish","type":"page","link":"https:\/\/www.chaper.es\/es\/madera-normativa-parques\/","title":{"rendered":"MADERA NORMATIVA PARQUES"},"content":{"rendered":"<div>\n<p>    <a class=\"uk-button uk-button-default\" href=\"javascript:history.back()\"><span uk-icon=arrow-left><\/span><\/a>\n<\/div>\n<h1>SOPORTES MADERA NORMATIVA PARQUES<\/h1>\n<p><img decoding=\"async\" src=\"\/wp-content\/uploads\/2024\/07\/SUPORT-FUSTA-NORMATIVA-PARCS-1.jpg\" alt=\"\"><\/p>\n<div>\n<p>Nombre: SOPORTES MADERA NORMATIVA PARQUES<\/p>\n<\/div>\n<div>\n<p>Categor\u00eda: SE\u00d1ALIZACI\u00d3N, SOPORTES<\/p>\n<\/div>\n<div>\n<p>Descripci\u00f3n: Soportes de madera tratada en autoclave seg\u00fan manuales de la Diputaci\u00f3n de Barcelona.<\/p>\n<p>Medidas disponibles:<\/p>\n<ul>\n<li>Soporte de madera tratada de 68x145x4000mm<\/li>\n<li>Soporte de madera tratada en autoclave de 120x120x3000mm por modelo C5<\/li>\n<li>Soporte de madera tratada en autoclave de 120x70x1600mm por modelo C4<\/li>\n<li>Soporte de madera tratada en autoclave de 120x70x1500mm<\/li>\n<li>Soporte de madera tratada en autoclave de 120x70x1000mm por modelo C4a<\/li>\n<li>Soporte de 150x70x2200mm<\/li>\n<li>Soporte de madera tratada en autoclave de 145x145x3300mm<\/li>\n<li>Soporte de madera tratada en autoclave 175 R2<\/li>\n<li>Soporte de madera tratada en autoclave 175N<\/li>\n<li>Soporte de madera tratada en autoclave 150N<\/li>\n<li>Soportes de madera de pino tratada en autoclave de 140x3000mm, con encaje<\/li>\n<li>Soporte de madera tratada en autoclave de 190x70x1000mm<\/li>\n<\/ul>\n<\/div>\n<p><!--more--><br \/>\n<!-- {\"type\":\"layout\",\"children\":[{\"type\":\"section\",\"props\":{\"image_position\":\"center-center\",\"style\":\"default\",\"title_breakpoint\":\"xl\",\"title_position\":\"top-left\",\"title_rotation\":\"left\",\"vertical_align\":\"middle\",\"width\":\"default\"},\"children\":[{\"type\":\"row\",\"children\":[{\"type\":\"column\",\"props\":{\"image_position\":\"center-center\",\"position_sticky_breakpoint\":\"m\"},\"children\":[{\"type\":\"html\",\"props\":{\"content\":\"<a class=\\\"uk-button uk-button-default\\\" href=\\\"javascript:history.back()\\\"><span uk-icon=arrow-left><\\\/span><\\\/a>\"}},{\"type\":\"headline\",\"props\":{\"content\":\"SOPORTES MADERA NORMATIVA PARQUES\",\"title_element\":\"h1\"}}]}]}]},{\"type\":\"section\",\"props\":{\"image_position\":\"center-center\",\"style\":\"default\",\"title_breakpoint\":\"xl\",\"title_position\":\"top-left\",\"title_rotation\":\"left\",\"vertical_align\":\"middle\",\"width\":\"default\"},\"children\":[{\"type\":\"row\",\"children\":[{\"type\":\"column\",\"props\":{\"image_position\":\"center-center\",\"position_sticky_breakpoint\":\"m\",\"width_medium\":\"1-2\"},\"children\":[{\"type\":\"image\",\"props\":{\"image\":\"wp-content\\\/uploads\\\/2024\\\/07\\\/SUPORT-FUSTA-NORMATIVA-PARCS-1.jpg\",\"image_svg_color\":\"emphasis\",\"margin\":\"default\"}}]},{\"type\":\"column\",\"props\":{\"image_position\":\"center-center\",\"position_sticky_breakpoint\":\"m\",\"width_medium\":\"1-2\"},\"children\":[{\"type\":\"text\",\"props\":{\"column_breakpoint\":\"m\",\"content\":\"\n\n<p>Nombre: SOPORTES MADERA NORMATIVA PARQUES<\\\/p>\",\"margin\":\"default\"}},{\"type\":\"text\",\"props\":{\"column_breakpoint\":\"m\",\"content\":\"\n\n<p>Categor\\u00eda: SE\\u00d1ALIZACI\\u00d3N, SOPORTES<\\\/p>\",\"margin\":\"default\"}},{\"type\":\"text\",\"props\":{\"column_breakpoint\":\"m\",\"content\":\"\n\n<p>Descripci\\u00f3n: Soportes de madera tratada en autoclave seg\\u00fan manuales de la Diputaci\\u00f3n de Barcelona.<\\\/p>\\n\n\n<p>Medidas disponibles:<\\\/p>\\n\n\n<ul>\\n\n\n<li>Soporte de madera tratada de 68x145x4000mm<\\\/li>\\n\n\n<li>Soporte de madera tratada en autoclave de 120x120x3000mm por modelo C5<\\\/li>\\n\n\n<li>Soporte de madera tratada en autoclave de 120x70x1600mm por modelo C4<\\\/li>\\n\n\n<li>Soporte de madera tratada en autoclave de 120x70x1500mm<\\\/li>\\n\n\n<li>Soporte de madera tratada en autoclave de 120x70x1000mm por modelo C4a<\\\/li>\\n\n\n<li>Soporte de 150x70x2200mm<\\\/li>\\n\n\n<li>Soporte de madera tratada en autoclave de 145x145x3300mm<\\\/li>\\n\n\n<li>Soporte de madera tratada en autoclave 175 R2<\\\/li>\\n\n\n<li>Soporte de madera tratada en autoclave 175N<\\\/li>\\n\n\n<li>Soporte de madera tratada en autoclave 150N<\\\/li>\\n\n\n<li>Soportes de madera de pino tratada en autoclave de 140x3000mm, con encaje<\\\/li>\\n\n\n<li>Soporte de madera tratada en autoclave de 190x70x1000mm<\\\/li>\\n<\\\/ul>\",\"margin\":\"default\"}}]}],\"props\":{\"layout\":\"1-2,1-2\"}}]},{\"type\":\"section\",\"props\":{\"image_position\":\"center-center\",\"status\":\"disabled\",\"style\":\"default\",\"title_breakpoint\":\"xl\",\"title_position\":\"top-left\",\"title_rotation\":\"left\",\"vertical_align\":\"middle\",\"width\":\"default\"},\"children\":[{\"type\":\"row\",\"children\":[{\"type\":\"column\",\"props\":{\"image_position\":\"center-center\",\"position_sticky_breakpoint\":\"m\"},\"children\":[{\"type\":\"text\",\"props\":{\"column_breakpoint\":\"m\",\"content\":\"\n\n<p>PRODUCTOS RELACIONADOS<\\\/p>\",\"margin\":\"default\"}},{\"type\":\"panel-slider\",\"props\":{\"content_column_breakpoint\":\"m\",\"icon_width\":80,\"image_align\":\"top\",\"image_grid_breakpoint\":\"m\",\"image_grid_width\":\"1-2\",\"image_svg_color\":\"emphasis\",\"link_style\":\"default\",\"link_text\":\"Read more\",\"margin\":\"default\",\"meta_align\":\"below-title\",\"meta_element\":\"div\",\"meta_style\":\"text-meta\",\"nav\":\"dotnav\",\"nav_align\":\"center\",\"nav_breakpoint\":\"s\",\"panel_match\":true,\"show_content\":true,\"show_hover_image\":true,\"show_hover_video\":true,\"show_image\":true,\"show_link\":true,\"show_meta\":true,\"show_title\":true,\"show_video\":true,\"slidenav\":\"outside\",\"slidenav_breakpoint\":\"xl\",\"slidenav_margin\":\"medium\",\"slidenav_outside_breakpoint\":\"xl\",\"slider_autoplay_pause\":true,\"slider_gap\":\"default\",\"slider_width\":\"fixed\",\"slider_width_default\":\"1-1\",\"slider_width_medium\":\"1-3\",\"title_align\":\"top\",\"title_element\":\"h3\",\"title_grid_breakpoint\":\"m\",\"title_grid_width\":\"1-2\",\"title_hover_style\":\"reset\"},\"children\":[{\"type\":\"panel-slider_item\",\"props\":{\"image\":\"wp-content\\\/uploads\\\/2024\\\/07\\\/17935_w.png\",\"title\":\"17935_w\"}},{\"type\":\"panel-slider_item\",\"props\":{\"image\":\"wp-content\\\/uploads\\\/2024\\\/07\\\/17935_w.png\",\"title\":\"17935_w\"}},{\"type\":\"panel-slider_item\",\"props\":{\"image\":\"wp-content\\\/uploads\\\/2024\\\/07\\\/17935_w.png\",\"title\":\"17935_w\"}}]}]}]}]}],\"version\":\"4.5.11\"} --><\/p>\n","protected":false},"excerpt":{"rendered":"<p>SOPORTES MADERA NORMATIVA PARQUES Nombre: SOPORTES MADERA NORMATIVA PARQUES Categor\u00eda: SE\u00d1ALIZACI\u00d3N, SOPORTES Descripci\u00f3n: Soportes de madera tratada en autoclave seg\u00fan manuales de la Diputaci\u00f3n de Barcelona. Medidas disponibles: Soporte de madera tratada de 68x145x4000mm Soporte de madera tratada en autoclave de 120x120x3000mm por modelo C5 Soporte de madera tratada en autoclave de 120x70x1600mm por modelo [&hellip;]<\/p>\n","protected":false},"author":1,"featured_media":0,"parent":0,"menu_order":0,"comment_status":"closed","ping_status":"closed","template":"","meta":{"footnotes":""},"categories":[135,105,132],"tags":[],"class_list":["post-5158","page","type-page","status-publish","hentry","category-madera-normativa-parques","category-senalizacion-es","category-soportes"],"_links":{"self":[{"href":"https:\/\/www.chaper.es\/es\/wp-json\/wp\/v2\/pages\/5158","targetHints":{"allow":["GET"]}}],"collection":[{"href":"https:\/\/www.chaper.es\/es\/wp-json\/wp\/v2\/pages"}],"about":[{"href":"https:\/\/www.chaper.es\/es\/wp-json\/wp\/v2\/types\/page"}],"author":[{"embeddable":true,"href":"https:\/\/www.chaper.es\/es\/wp-json\/wp\/v2\/users\/1"}],"replies":[{"embeddable":true,"href":"https:\/\/www.chaper.es\/es\/wp-json\/wp\/v2\/comments?post=5158"}],"version-history":[{"count":2,"href":"https:\/\/www.chaper.es\/es\/wp-json\/wp\/v2\/pages\/5158\/revisions"}],"predecessor-version":[{"id":5741,"href":"https:\/\/www.chaper.es\/es\/wp-json\/wp\/v2\/pages\/5158\/revisions\/5741"}],"wp:attachment":[{"href":"https:\/\/www.chaper.es\/es\/wp-json\/wp\/v2\/media?parent=5158"}],"wp:term":[{"taxonomy":"category","embeddable":true,"href":"https:\/\/www.chaper.es\/es\/wp-json\/wp\/v2\/categories?post=5158"},{"taxonomy":"post_tag","embeddable":true,"href":"https:\/\/www.chaper.es\/es\/wp-json\/wp\/v2\/tags?post=5158"}],"curies":[{"name":"wp","href":"https:\/\/api.w.org\/{rel}","templated":true}]}}