{"id":5160,"date":"2025-03-15T11:13:40","date_gmt":"2025-03-15T10:13:40","guid":{"rendered":"https:\/\/www.chaper.es\/?page_id=5160"},"modified":"2025-04-26T18:28:30","modified_gmt":"2025-04-26T16:28:30","slug":"mecanizados-y-perfiles-barandillas","status":"publish","type":"page","link":"https:\/\/www.chaper.es\/es\/mecanizados-y-perfiles-barandillas\/","title":{"rendered":"MECANIZADOS Y PERFILES BARANDILLAS"},"content":{"rendered":"<div>\n<p>    <a class=\"uk-button uk-button-default\" href=\"javascript:history.back()\"><span uk-icon=arrow-left><\/span><\/a>\n<\/div>\n<h1>MECANIZADOS Y PERFILES BARANDILLAS<\/h1>\n<ul>\n<li>\n<p>        <img decoding=\"async\" src=\"\/wp-content\/uploads\/2024\/12\/BARANA-VIDRE-AMB-SUPORTS-METAL.LICS_.jpg\" alt=\"\"><\/p>\n<h3>BARANA VIDRE AMB SUPORTS MET\u00c0L.LICS<\/h3>\n<\/li>\n<li>\n<p>        <img decoding=\"async\" src=\"\/wp-content\/uploads\/2024\/12\/ESCALA-I-BARANA-EXTERIOR.jpg\" alt=\"\"><\/p>\n<h3>ESCALA I BARANA EXTERIOR<\/h3>\n<\/li>\n<li>\n<p>        <img decoding=\"async\" src=\"\/wp-content\/uploads\/2024\/12\/ESCALA-INTERIOR-MASSISSA-scaled.jpg\" alt=\"\"><\/p>\n<h3>ESCALA INTERIOR MASSISSA<\/h3>\n<\/li>\n<li>\n<p>        <img decoding=\"async\" src=\"\/wp-content\/uploads\/2024\/12\/EXTERIOR-GALVANITZADA-scaled.jpg\" alt=\"\"><\/p>\n<h3>EXTERIOR GALVANITZADA<\/h3>\n<\/li>\n<li>\n<p>        <img decoding=\"async\" src=\"\/wp-content\/uploads\/2024\/12\/FERRO-I-CABLES-INOX.jpeg\" alt=\"\"><\/p>\n<h3>FERRO I CABLES INOX<\/h3>\n<\/li>\n<li>\n<p>        <img decoding=\"async\" src=\"\/wp-content\/uploads\/2024\/12\/INOXIDABLE-RIPOLL.jpg\" alt=\"\"><\/p>\n<h3>INOXIDABLE RIPOLL<\/h3>\n<\/li>\n<li>\n<p>        <img decoding=\"async\" src=\"\/wp-content\/uploads\/2024\/12\/LASER-CAN-CONSTANS-scaled.jpg\" alt=\"\"><\/p>\n<h3>LASER CAN CONSTANS<\/h3>\n<\/li>\n<li>\n<p>        <img decoding=\"async\" src=\"\/wp-content\/uploads\/2024\/12\/MALLA-INOXIDABLE-scaled.jpg\" alt=\"\"><\/p>\n<h3>MALLA INOXIDABLE<\/h3>\n<\/li>\n<li>\n<p>        <img decoding=\"async\" src=\"\/wp-content\/uploads\/2024\/12\/TIPUS-FORJA.jpg\" alt=\"\"><\/p>\n<h3>TIPUS FORJA<\/h3>\n<\/li>\n<li>\n<p>        <img decoding=\"async\" src=\"\/wp-content\/uploads\/2024\/12\/TUB-RECTANGULAR-scaled.jpg\" alt=\"\"><\/p>\n<h3>TUB RECTANGULAR<\/h3>\n<\/li>\n<li>\n<p>        <img decoding=\"async\" src=\"\/wp-content\/uploads\/2024\/12\/BALCONS-XAPA-ROVELL-1.jpg\" alt=\"\"><\/p>\n<h3>BALCONS XAPA ROVELL<\/h3>\n<\/li>\n<li>\n<p>        <img decoding=\"async\" src=\"\/wp-content\/uploads\/2024\/12\/BARANA-METAL.LICA-PINTADA-IMITACIO-FUSTA-scaled.jpg\" alt=\"\"><\/p>\n<h3>BARANA MET\u00c0L.LICA PINTADA IMITACI\u00d3 FUSTA<\/h3>\n<\/li>\n<\/ul>\n<div>\n<p>Nombre: MECANIZADOS Y PERFILES BARANDILLASs<\/p>\n<\/div>\n<div>\n<p>Categor\u00eda: MECANIZADOS Y PERFILES<\/p>\n<\/div>\n<div>\n<p>Descripci\u00f3n: Fabricaci\u00f3n de barandillas para interior y exterior, construcci\u00f3n de balcones y porticones con todo tipo de acero y acabados diversos.<\/p>\n<p>Tipo:<\/p>\n<ul>\n<li>L\u00c1SER CAN CONSTANS<\/li>\n<li>EXTERIOR GALVANIZADA<\/li>\n<li>HIERRO Y CABLES INOX<\/li>\n<li>INOXIDABLE RIPOLL<\/li>\n<li>MALLA INOXIDABLE<\/li>\n<li>BARANDILLA MET\u00c1LICA PINTADA IMITACI\u00d3N<\/li>\n<li>MADERA<\/li>\n<li>TIPO FORJA<\/li>\n<li>TUBO RECTANGULAR<\/li>\n<li>BARANDA CRISTAL CON SOPORTES MET\u00c1LICOS<\/li>\n<li>BALCONES ACERO CORTEN<\/li>\n<li>ESCALERA Y BARANDILLA EXTERIOR<\/li>\n<li>ESCALA INTERIOR MACIZA<\/li>\n<\/ul>\n<\/div>\n<p><!--more--><br \/>\n<!-- {\"type\":\"layout\",\"children\":[{\"type\":\"section\",\"props\":{\"image_position\":\"center-center\",\"style\":\"default\",\"title_breakpoint\":\"xl\",\"title_position\":\"top-left\",\"title_rotation\":\"left\",\"vertical_align\":\"middle\",\"width\":\"default\"},\"children\":[{\"type\":\"row\",\"children\":[{\"type\":\"column\",\"props\":{\"image_position\":\"center-center\",\"position_sticky_breakpoint\":\"m\"},\"children\":[{\"type\":\"html\",\"props\":{\"content\":\"<a class=\\\"uk-button uk-button-default\\\" href=\\\"javascript:history.back()\\\"><span uk-icon=arrow-left><\\\/span><\\\/a>\"}},{\"type\":\"headline\",\"props\":{\"content\":\"MECANIZADOS Y PERFILES BARANDILLAS\",\"title_element\":\"h1\"}}]}]}]},{\"type\":\"section\",\"props\":{\"image_position\":\"center-center\",\"style\":\"default\",\"title_breakpoint\":\"xl\",\"title_position\":\"top-left\",\"title_rotation\":\"left\",\"vertical_align\":\"middle\",\"width\":\"default\"},\"children\":[{\"type\":\"row\",\"children\":[{\"type\":\"column\",\"props\":{\"image_position\":\"center-center\",\"position_sticky_breakpoint\":\"m\",\"width_medium\":\"1-2\"},\"children\":[{\"type\":\"panel-slider\",\"props\":{\"content_column_breakpoint\":\"m\",\"icon_width\":80,\"image_align\":\"top\",\"image_grid_breakpoint\":\"m\",\"image_grid_width\":\"1-2\",\"image_height\":\"800\",\"image_svg_color\":\"emphasis\",\"image_width\":\"700\",\"link_style\":\"default\",\"link_text\":\"\",\"margin\":\"default\",\"meta_align\":\"below-title\",\"meta_element\":\"div\",\"meta_style\":\"text-meta\",\"nav\":\"dotnav\",\"nav_align\":\"center\",\"nav_breakpoint\":\"s\",\"panel_match\":true,\"show_content\":true,\"show_hover_image\":true,\"show_hover_video\":true,\"show_image\":true,\"show_link\":true,\"show_meta\":true,\"show_title\":true,\"show_video\":true,\"slidenav\":\"outside\",\"slidenav_breakpoint\":\"xl\",\"slidenav_margin\":\"medium\",\"slidenav_outside_breakpoint\":\"xl\",\"slider_autoplay_pause\":true,\"slider_divider\":false,\"slider_gap\":\"default\",\"slider_width\":\"fixed\",\"slider_width_default\":\"1-1\",\"slider_width_large\":\"1-1\",\"slider_width_medium\":\"1-3\",\"title_align\":\"top\",\"title_element\":\"h3\",\"title_grid_breakpoint\":\"m\",\"title_grid_width\":\"1-2\",\"title_hover_style\":\"reset\"},\"children\":[{\"type\":\"panel-slider_item\",\"props\":{\"image\":\"wp-content\\\/uploads\\\/2024\\\/12\\\/BARANA-VIDRE-AMB-SUPORTS-METAL.LICS_.jpg\",\"title\":\"BARANA VIDRE AMB SUPORTS MET\\u00c0L.LICS\"}},{\"type\":\"panel-slider_item\",\"props\":{\"image\":\"wp-content\\\/uploads\\\/2024\\\/12\\\/ESCALA-I-BARANA-EXTERIOR.jpg\",\"title\":\"ESCALA I BARANA EXTERIOR\"}},{\"type\":\"panel-slider_item\",\"props\":{\"image\":\"wp-content\\\/uploads\\\/2024\\\/12\\\/ESCALA-INTERIOR-MASSISSA-scaled.jpg\",\"title\":\"ESCALA INTERIOR MASSISSA\"}},{\"type\":\"panel-slider_item\",\"props\":{\"image\":\"wp-content\\\/uploads\\\/2024\\\/12\\\/EXTERIOR-GALVANITZADA-scaled.jpg\",\"title\":\"EXTERIOR GALVANITZADA\"}},{\"type\":\"panel-slider_item\",\"props\":{\"image\":\"wp-content\\\/uploads\\\/2024\\\/12\\\/FERRO-I-CABLES-INOX.jpeg\",\"title\":\"FERRO I CABLES INOX\"}},{\"type\":\"panel-slider_item\",\"props\":{\"image\":\"wp-content\\\/uploads\\\/2024\\\/12\\\/INOXIDABLE-RIPOLL.jpg\",\"title\":\"INOXIDABLE RIPOLL\"}},{\"type\":\"panel-slider_item\",\"props\":{\"image\":\"wp-content\\\/uploads\\\/2024\\\/12\\\/LASER-CAN-CONSTANS-scaled.jpg\",\"title\":\"LASER CAN CONSTANS\"}},{\"type\":\"panel-slider_item\",\"props\":{\"image\":\"wp-content\\\/uploads\\\/2024\\\/12\\\/MALLA-INOXIDABLE-scaled.jpg\",\"title\":\"MALLA INOXIDABLE\"}},{\"type\":\"panel-slider_item\",\"props\":{\"image\":\"wp-content\\\/uploads\\\/2024\\\/12\\\/TIPUS-FORJA.jpg\",\"title\":\"TIPUS FORJA\"}},{\"type\":\"panel-slider_item\",\"props\":{\"image\":\"wp-content\\\/uploads\\\/2024\\\/12\\\/TUB-RECTANGULAR-scaled.jpg\",\"title\":\"TUB RECTANGULAR\"}},{\"type\":\"panel-slider_item\",\"props\":{\"image\":\"wp-content\\\/uploads\\\/2024\\\/12\\\/BALCONS-XAPA-ROVELL-1.jpg\",\"title\":\"BALCONS XAPA ROVELL\"}},{\"type\":\"panel-slider_item\",\"props\":{\"image\":\"wp-content\\\/uploads\\\/2024\\\/12\\\/BARANA-METAL.LICA-PINTADA-IMITACIO-FUSTA-scaled.jpg\",\"title\":\"BARANA MET\\u00c0L.LICA PINTADA IMITACI\\u00d3 FUSTA\"}}]}]},{\"type\":\"column\",\"props\":{\"image_position\":\"center-center\",\"position_sticky_breakpoint\":\"m\",\"width_medium\":\"1-2\"},\"children\":[{\"type\":\"text\",\"props\":{\"column_breakpoint\":\"m\",\"content\":\"\n\n<p>Nombre: MECANIZADOS Y PERFILES BARANDILLASs<\\\/p>\",\"margin\":\"default\"}},{\"type\":\"text\",\"props\":{\"column_breakpoint\":\"m\",\"content\":\"\n\n<p>Categor\\u00eda: MECANIZADOS Y PERFILES<\\\/p>\",\"margin\":\"default\"}},{\"type\":\"text\",\"props\":{\"column_breakpoint\":\"m\",\"content\":\"\n\n<p>Descripci\\u00f3n: Fabricaci\\u00f3n de barandillas para interior y exterior, construcci\\u00f3n de balcones y porticones con todo tipo de acero y acabados diversos.<\\\/p>\\n\n\n<p>Tipo:<\\\/p>\\n\n\n<ul>\\n\n\n<li>L\\u00c1SER CAN CONSTANS<\\\/li>\\n\n\n<li>EXTERIOR GALVANIZADA<\\\/li>\\n\n\n<li>HIERRO Y CABLES INOX<\\\/li>\\n\n\n<li>INOXIDABLE RIPOLL<\\\/li>\\n\n\n<li>MALLA INOXIDABLE<\\\/li>\\n\n\n<li>BARANDILLA MET\\u00c1LICA PINTADA IMITACI\\u00d3N<\\\/li>\\n\n\n<li>MADERA<\\\/li>\\n\n\n<li>TIPO FORJA<\\\/li>\\n\n\n<li>TUBO RECTANGULAR<\\\/li>\\n\n\n<li>BARANDA CRISTAL CON SOPORTES MET\\u00c1LICOS<\\\/li>\\n\n\n<li>BALCONES ACERO CORTEN<\\\/li>\\n\n\n<li>ESCALERA Y BARANDILLA EXTERIOR<\\\/li>\\n\n\n<li>ESCALA INTERIOR MACIZA<\\\/li>\\n<\\\/ul>\",\"margin\":\"default\"}}]}],\"props\":{\"layout\":\"1-2,1-2\"}}]},{\"type\":\"section\",\"props\":{\"image_position\":\"center-center\",\"status\":\"disabled\",\"style\":\"default\",\"title_breakpoint\":\"xl\",\"title_position\":\"top-left\",\"title_rotation\":\"left\",\"vertical_align\":\"middle\",\"width\":\"default\"},\"children\":[{\"type\":\"row\",\"children\":[{\"type\":\"column\",\"props\":{\"image_position\":\"center-center\",\"position_sticky_breakpoint\":\"m\"},\"children\":[{\"type\":\"text\",\"props\":{\"column_breakpoint\":\"m\",\"content\":\"PRODUCTES RELACIONATS\",\"margin\":\"default\"}},{\"type\":\"panel-slider\",\"props\":{\"content_column_breakpoint\":\"m\",\"icon_width\":80,\"image_align\":\"top\",\"image_grid_breakpoint\":\"m\",\"image_grid_width\":\"1-2\",\"image_svg_color\":\"emphasis\",\"link_style\":\"default\",\"link_text\":\"Read more\",\"margin\":\"default\",\"meta_align\":\"below-title\",\"meta_element\":\"div\",\"meta_style\":\"text-meta\",\"nav\":\"dotnav\",\"nav_align\":\"center\",\"nav_breakpoint\":\"s\",\"panel_match\":true,\"show_content\":true,\"show_hover_image\":true,\"show_hover_video\":true,\"show_image\":true,\"show_link\":true,\"show_meta\":true,\"show_title\":true,\"show_video\":true,\"slidenav\":\"outside\",\"slidenav_breakpoint\":\"xl\",\"slidenav_margin\":\"medium\",\"slidenav_outside_breakpoint\":\"xl\",\"slider_autoplay_pause\":true,\"slider_gap\":\"default\",\"slider_width\":\"fixed\",\"slider_width_default\":\"1-1\",\"slider_width_medium\":\"1-3\",\"title_align\":\"top\",\"title_element\":\"h3\",\"title_grid_breakpoint\":\"m\",\"title_grid_width\":\"1-2\",\"title_hover_style\":\"reset\"},\"children\":[{\"type\":\"panel-slider_item\",\"props\":{\"image\":\"wp-content\\\/uploads\\\/2024\\\/07\\\/17935_w.png\",\"title\":\"17935_w\"}},{\"type\":\"panel-slider_item\",\"props\":{\"image\":\"wp-content\\\/uploads\\\/2024\\\/07\\\/17935_w.png\",\"title\":\"17935_w\"}},{\"type\":\"panel-slider_item\",\"props\":{\"image\":\"wp-content\\\/uploads\\\/2024\\\/07\\\/17935_w.png\",\"title\":\"17935_w\"}}]}]}]}]}],\"version\":\"4.5.11\"} --><\/p>\n","protected":false},"excerpt":{"rendered":"<p>MECANIZADOS Y PERFILES BARANDILLAS BARANA VIDRE AMB SUPORTS MET\u00c0L.LICS ESCALA I BARANA EXTERIOR ESCALA INTERIOR MASSISSA EXTERIOR GALVANITZADA FERRO I CABLES INOX INOXIDABLE RIPOLL LASER CAN CONSTANS MALLA INOXIDABLE TIPUS FORJA TUB RECTANGULAR BALCONS XAPA ROVELL BARANA MET\u00c0L.LICA PINTADA IMITACI\u00d3 FUSTA Nombre: MECANIZADOS Y PERFILES BARANDILLASs Categor\u00eda: MECANIZADOS Y PERFILES Descripci\u00f3n: Fabricaci\u00f3n de barandillas para [&hellip;]<\/p>\n","protected":false},"author":3,"featured_media":0,"parent":0,"menu_order":0,"comment_status":"closed","ping_status":"closed","template":"","meta":{"footnotes":""},"categories":[],"tags":[],"class_list":["post-5160","page","type-page","status-publish","hentry"],"_links":{"self":[{"href":"https:\/\/www.chaper.es\/es\/wp-json\/wp\/v2\/pages\/5160","targetHints":{"allow":["GET"]}}],"collection":[{"href":"https:\/\/www.chaper.es\/es\/wp-json\/wp\/v2\/pages"}],"about":[{"href":"https:\/\/www.chaper.es\/es\/wp-json\/wp\/v2\/types\/page"}],"author":[{"embeddable":true,"href":"https:\/\/www.chaper.es\/es\/wp-json\/wp\/v2\/users\/3"}],"replies":[{"embeddable":true,"href":"https:\/\/www.chaper.es\/es\/wp-json\/wp\/v2\/comments?post=5160"}],"version-history":[{"count":5,"href":"https:\/\/www.chaper.es\/es\/wp-json\/wp\/v2\/pages\/5160\/revisions"}],"predecessor-version":[{"id":5757,"href":"https:\/\/www.chaper.es\/es\/wp-json\/wp\/v2\/pages\/5160\/revisions\/5757"}],"wp:attachment":[{"href":"https:\/\/www.chaper.es\/es\/wp-json\/wp\/v2\/media?parent=5160"}],"wp:term":[{"taxonomy":"category","embeddable":true,"href":"https:\/\/www.chaper.es\/es\/wp-json\/wp\/v2\/categories?post=5160"},{"taxonomy":"post_tag","embeddable":true,"href":"https:\/\/www.chaper.es\/es\/wp-json\/wp\/v2\/tags?post=5160"}],"curies":[{"name":"wp","href":"https:\/\/api.w.org\/{rel}","templated":true}]}}