{"id":5203,"date":"2024-12-12T20:26:55","date_gmt":"2024-12-12T19:26:55","guid":{"rendered":"https:\/\/www.chaper.es\/?page_id=5203"},"modified":"2025-04-26T18:29:17","modified_gmt":"2025-04-26T16:29:17","slug":"mecanizados-y-perfiles-escaleras","status":"publish","type":"page","link":"https:\/\/www.chaper.es\/es\/mecanizados-y-perfiles-escaleras\/","title":{"rendered":"MECANIZADOS Y PERFILES ESCALERAS"},"content":{"rendered":"<div>\n<p>    <a class=\"uk-button uk-button-default\" href=\"javascript:history.back()\"><span uk-icon=arrow-left><\/span><\/a>\n<\/div>\n<h1>MECANIZADOS Y PERFILES ESCALERAS<\/h1>\n<ul>\n<li>\n<p>        <img decoding=\"async\" src=\"\/wp-content\/uploads\/2024\/12\/ESCALA-GRAONS-ALUMINI-scaled.jpg\" alt=\"\"><\/p>\n<h3>ESCALERA ESCALONES ALUMINIO<\/h3>\n<\/li>\n<li>\n<p>        <img decoding=\"async\" src=\"\/wp-content\/uploads\/2024\/12\/ESCALA-AMB-GRAONS-SEGUITS-1.jpg\" alt=\"\"><\/p>\n<h3>ESCALERA CON ESCALONES SEGUIDOS<\/h3>\n<\/li>\n<li>\n<p>        <img decoding=\"async\" src=\"\/wp-content\/uploads\/2024\/12\/ESCALA-LA-ROCA.jpg\" alt=\"\"><\/p>\n<h3>ESCALERA LA ROCA<\/h3>\n<\/li>\n<li>\n<p>        <img decoding=\"async\" src=\"\/wp-content\/uploads\/2024\/12\/ESCALA-METAL%C2%B7LICA-INTERIOR-PINTADA-scaled.jpg\" alt=\"\"><\/p>\n<h3>ESCALERA MET\u00c1LICA INTERIOR PINTADA<\/h3>\n<\/li>\n<li>\n<p>        <img decoding=\"async\" src=\"\/wp-content\/uploads\/2024\/12\/ESCALA-METAL%C2%B7LICA-REVESTIDA-FUSTA-scaled.jpg\" alt=\"\"><\/p>\n<h3>ESCALERA MET\u00c1LICA REVESTIDA DE MADERA<\/h3>\n<\/li>\n<li>\n<p>        <img decoding=\"async\" src=\"\/wp-content\/uploads\/2024\/12\/ESCALA-SEMICARGOL-SUSPESA.jpg\" alt=\"\"><\/p>\n<h3>ESCALERA CARACOL SUSPENDIDA<\/h3>\n<\/li>\n<\/ul>\n<div>\n<p>Nombre: MECANIZADOS Y PERFILES ESCALERAS<\/p>\n<\/div>\n<div>\n<p>Categor\u00eda: MECANIZADOS Y PERFILES<\/p>\n<\/div>\n<div>\n<p>Descripci\u00f3n: Construimos todo tipo de escaleras tanto para interior como para exterior con el dise\u00f1o adaptado a las necesidades de los espacios y a las peticiones de los clientes.<\/p>\n<p>Tipo:<\/p>\n<ul>\n<li>ESCALERA ESCALONES ALUMINIO<\/li>\n<li>ESCALERA CON ESCALONES SEGUIDOS<\/li>\n<li>ESCALERA LA ROCA<\/li>\n<li>ESCALERA MET\u00c1LICA INTERIOR PINTADA<\/li>\n<li>ESCALERA MET\u00c1LICA REVESTIDA DE MADERA<\/li>\n<li>ESCALERA CARACOL SUSPENDIDA<\/li>\n<\/ul>\n<\/div>\n<p><!--more--><br \/>\n<!-- {\"type\":\"layout\",\"children\":[{\"type\":\"section\",\"props\":{\"image_position\":\"center-center\",\"style\":\"default\",\"title_breakpoint\":\"xl\",\"title_position\":\"top-left\",\"title_rotation\":\"left\",\"vertical_align\":\"middle\",\"width\":\"default\"},\"children\":[{\"type\":\"row\",\"children\":[{\"type\":\"column\",\"props\":{\"image_position\":\"center-center\",\"position_sticky_breakpoint\":\"m\"},\"children\":[{\"type\":\"html\",\"props\":{\"content\":\"<a class=\\\"uk-button uk-button-default\\\" href=\\\"javascript:history.back()\\\"><span uk-icon=arrow-left><\\\/span><\\\/a>\"}},{\"type\":\"headline\",\"props\":{\"content\":\"MECANIZADOS Y PERFILES ESCALERAS\",\"title_element\":\"h1\"}}]}]}]},{\"type\":\"section\",\"props\":{\"image_position\":\"center-center\",\"style\":\"default\",\"title_breakpoint\":\"xl\",\"title_position\":\"top-left\",\"title_rotation\":\"left\",\"vertical_align\":\"middle\",\"width\":\"default\"},\"children\":[{\"type\":\"row\",\"children\":[{\"type\":\"column\",\"props\":{\"image_position\":\"center-center\",\"position_sticky_breakpoint\":\"m\",\"width_medium\":\"1-2\"},\"children\":[{\"type\":\"panel-slider\",\"props\":{\"content_column_breakpoint\":\"m\",\"icon_width\":80,\"image_align\":\"top\",\"image_grid_breakpoint\":\"m\",\"image_grid_width\":\"1-2\",\"image_height\":\"800\",\"image_svg_color\":\"emphasis\",\"image_width\":\"700\",\"link_style\":\"default\",\"link_text\":\"\",\"margin\":\"default\",\"meta_align\":\"below-title\",\"meta_element\":\"div\",\"meta_style\":\"text-meta\",\"nav\":\"dotnav\",\"nav_align\":\"center\",\"nav_breakpoint\":\"s\",\"panel_match\":true,\"show_content\":true,\"show_hover_image\":true,\"show_hover_video\":true,\"show_image\":true,\"show_link\":true,\"show_meta\":true,\"show_title\":true,\"show_video\":true,\"slidenav\":\"outside\",\"slidenav_breakpoint\":\"xl\",\"slidenav_margin\":\"medium\",\"slidenav_outside_breakpoint\":\"xl\",\"slider_autoplay_pause\":true,\"slider_divider\":false,\"slider_gap\":\"default\",\"slider_width\":\"fixed\",\"slider_width_default\":\"1-1\",\"slider_width_large\":\"1-1\",\"slider_width_medium\":\"1-3\",\"title_align\":\"top\",\"title_element\":\"h3\",\"title_grid_breakpoint\":\"m\",\"title_grid_width\":\"1-2\",\"title_hover_style\":\"reset\"},\"children\":[{\"type\":\"panel-slider_item\",\"props\":{\"image\":\"wp-content\\\/uploads\\\/2024\\\/12\\\/ESCALA-GRAONS-ALUMINI-scaled.jpg\",\"title\":\"ESCALERA ESCALONES ALUMINIO\"}},{\"type\":\"panel-slider_item\",\"props\":{\"image\":\"wp-content\\\/uploads\\\/2024\\\/12\\\/ESCALA-AMB-GRAONS-SEGUITS-1.jpg\",\"title\":\"ESCALERA CON ESCALONES SEGUIDOS\"}},{\"type\":\"panel-slider_item\",\"props\":{\"image\":\"wp-content\\\/uploads\\\/2024\\\/12\\\/ESCALA-LA-ROCA.jpg\",\"title\":\"ESCALERA LA ROCA\"}},{\"type\":\"panel-slider_item\",\"props\":{\"image\":\"wp-content\\\/uploads\\\/2024\\\/12\\\/ESCALA-METAL\\u00b7LICA-INTERIOR-PINTADA-scaled.jpg\",\"title\":\"ESCALERA MET\\u00c1LICA INTERIOR PINTADA\"}},{\"type\":\"panel-slider_item\",\"props\":{\"image\":\"wp-content\\\/uploads\\\/2024\\\/12\\\/ESCALA-METAL\\u00b7LICA-REVESTIDA-FUSTA-scaled.jpg\",\"title\":\"ESCALERA MET\\u00c1LICA REVESTIDA DE MADERA\"}},{\"type\":\"panel-slider_item\",\"props\":{\"image\":\"wp-content\\\/uploads\\\/2024\\\/12\\\/ESCALA-SEMICARGOL-SUSPESA.jpg\",\"title\":\"ESCALERA CARACOL SUSPENDIDA\"}}]}]},{\"type\":\"column\",\"props\":{\"image_position\":\"center-center\",\"position_sticky_breakpoint\":\"m\",\"width_medium\":\"1-2\"},\"children\":[{\"type\":\"text\",\"props\":{\"column_breakpoint\":\"m\",\"content\":\"\n\n<p>Nombre: MECANIZADOS Y PERFILES ESCALERAS<\\\/p>\",\"margin\":\"default\"}},{\"type\":\"text\",\"props\":{\"column_breakpoint\":\"m\",\"content\":\"\n\n<p>Categor\\u00eda: MECANIZADOS Y PERFILES<\\\/p>\",\"margin\":\"default\"}},{\"type\":\"text\",\"props\":{\"column_breakpoint\":\"m\",\"content\":\"\n\n<p>Descripci\\u00f3n: Construimos todo tipo de escaleras tanto para interior como para exterior con el dise\\u00f1o adaptado a las necesidades de los espacios y a las peticiones de los clientes.<\\\/p>\\n\n\n<p>Tipo:<\\\/p>\\n\n\n<ul>\\n\n\n<li>ESCALERA ESCALONES ALUMINIO<\\\/li>\\n\n\n<li>ESCALERA CON ESCALONES SEGUIDOS<\\\/li>\\n\n\n<li>ESCALERA LA ROCA<\\\/li>\\n\n\n<li>ESCALERA MET\\u00c1LICA INTERIOR PINTADA<\\\/li>\\n\n\n<li>ESCALERA MET\\u00c1LICA REVESTIDA DE MADERA<\\\/li>\\n\n\n<li>ESCALERA CARACOL SUSPENDIDA<\\\/li>\\n<\\\/ul>\",\"margin\":\"default\"}}]}],\"props\":{\"layout\":\"1-2,1-2\"}}]},{\"type\":\"section\",\"props\":{\"image_position\":\"center-center\",\"status\":\"disabled\",\"style\":\"default\",\"title_breakpoint\":\"xl\",\"title_position\":\"top-left\",\"title_rotation\":\"left\",\"vertical_align\":\"middle\",\"width\":\"default\"},\"children\":[{\"type\":\"row\",\"children\":[{\"type\":\"column\",\"props\":{\"image_position\":\"center-center\",\"position_sticky_breakpoint\":\"m\"},\"children\":[{\"type\":\"text\",\"props\":{\"column_breakpoint\":\"m\",\"content\":\"\n\n<p>PRODUCTOS RELACIONADOS<\\\/p>\",\"margin\":\"default\"}},{\"type\":\"panel-slider\",\"props\":{\"content_column_breakpoint\":\"m\",\"icon_width\":80,\"image_align\":\"top\",\"image_grid_breakpoint\":\"m\",\"image_grid_width\":\"1-2\",\"image_svg_color\":\"emphasis\",\"link_style\":\"default\",\"link_text\":\"Read more\",\"margin\":\"default\",\"meta_align\":\"below-title\",\"meta_element\":\"div\",\"meta_style\":\"text-meta\",\"nav\":\"dotnav\",\"nav_align\":\"center\",\"nav_breakpoint\":\"s\",\"panel_match\":true,\"show_content\":true,\"show_hover_image\":true,\"show_hover_video\":true,\"show_image\":true,\"show_link\":true,\"show_meta\":true,\"show_title\":true,\"show_video\":true,\"slidenav\":\"outside\",\"slidenav_breakpoint\":\"xl\",\"slidenav_margin\":\"medium\",\"slidenav_outside_breakpoint\":\"xl\",\"slider_autoplay_pause\":true,\"slider_gap\":\"default\",\"slider_width\":\"fixed\",\"slider_width_default\":\"1-1\",\"slider_width_medium\":\"1-3\",\"title_align\":\"top\",\"title_element\":\"h3\",\"title_grid_breakpoint\":\"m\",\"title_grid_width\":\"1-2\",\"title_hover_style\":\"reset\"},\"children\":[{\"type\":\"panel-slider_item\",\"props\":{\"image\":\"wp-content\\\/uploads\\\/2024\\\/07\\\/17935_w.png\",\"title\":\"17935_w\"}},{\"type\":\"panel-slider_item\",\"props\":{\"image\":\"wp-content\\\/uploads\\\/2024\\\/07\\\/17935_w.png\",\"title\":\"17935_w\"}},{\"type\":\"panel-slider_item\",\"props\":{\"image\":\"wp-content\\\/uploads\\\/2024\\\/07\\\/17935_w.png\",\"title\":\"17935_w\"}}]}]}]}]}],\"version\":\"4.5.11\"} --><\/p>\n","protected":false},"excerpt":{"rendered":"<p>MECANIZADOS Y PERFILES ESCALERAS ESCALERA ESCALONES ALUMINIO ESCALERA CON ESCALONES SEGUIDOS ESCALERA LA ROCA ESCALERA MET\u00c1LICA INTERIOR PINTADA ESCALERA MET\u00c1LICA REVESTIDA DE MADERA ESCALERA CARACOL SUSPENDIDA Nombre: MECANIZADOS Y PERFILES ESCALERAS Categor\u00eda: MECANIZADOS Y PERFILES Descripci\u00f3n: Construimos todo tipo de escaleras tanto para interior como para exterior con el dise\u00f1o adaptado a las necesidades de [&hellip;]<\/p>\n","protected":false},"author":3,"featured_media":0,"parent":0,"menu_order":0,"comment_status":"closed","ping_status":"closed","template":"","meta":{"footnotes":""},"categories":[],"tags":[],"class_list":["post-5203","page","type-page","status-publish","hentry"],"_links":{"self":[{"href":"https:\/\/www.chaper.es\/es\/wp-json\/wp\/v2\/pages\/5203","targetHints":{"allow":["GET"]}}],"collection":[{"href":"https:\/\/www.chaper.es\/es\/wp-json\/wp\/v2\/pages"}],"about":[{"href":"https:\/\/www.chaper.es\/es\/wp-json\/wp\/v2\/types\/page"}],"author":[{"embeddable":true,"href":"https:\/\/www.chaper.es\/es\/wp-json\/wp\/v2\/users\/3"}],"replies":[{"embeddable":true,"href":"https:\/\/www.chaper.es\/es\/wp-json\/wp\/v2\/comments?post=5203"}],"version-history":[{"count":5,"href":"https:\/\/www.chaper.es\/es\/wp-json\/wp\/v2\/pages\/5203\/revisions"}],"predecessor-version":[{"id":5761,"href":"https:\/\/www.chaper.es\/es\/wp-json\/wp\/v2\/pages\/5203\/revisions\/5761"}],"wp:attachment":[{"href":"https:\/\/www.chaper.es\/es\/wp-json\/wp\/v2\/media?parent=5203"}],"wp:term":[{"taxonomy":"category","embeddable":true,"href":"https:\/\/www.chaper.es\/es\/wp-json\/wp\/v2\/categories?post=5203"},{"taxonomy":"post_tag","embeddable":true,"href":"https:\/\/www.chaper.es\/es\/wp-json\/wp\/v2\/tags?post=5203"}],"curies":[{"name":"wp","href":"https:\/\/api.w.org\/{rel}","templated":true}]}}