{"id":5226,"date":"2024-12-12T20:26:40","date_gmt":"2024-12-12T19:26:40","guid":{"rendered":"https:\/\/www.chaper.es\/mecanizados-y-perfiles-puertas\/"},"modified":"2025-04-26T18:30:17","modified_gmt":"2025-04-26T16:30:17","slug":"mecanizados-y-perfiles-puertas","status":"publish","type":"page","link":"https:\/\/www.chaper.es\/es\/mecanizados-y-perfiles-puertas\/","title":{"rendered":"MECANIZADOS Y PERFILES PUERTAS"},"content":{"rendered":"<div>\n<p>    <a class=\"uk-button uk-button-default\" href=\"javascript:history.back()\"><span uk-icon=arrow-left><\/span><\/a>\n<\/div>\n<h1>MECANIZADOS Y PERFILES PUERTAS<\/h1>\n<ul>\n<li>\n<p>        <img decoding=\"async\" src=\"\/wp-content\/uploads\/2024\/12\/PORTA-CORREDISSA-EL-PALMAS-AUTOMATITZADA.jpg\" alt=\"\"><\/p>\n<h3>PUERTA CORREDERA EL PALM\u00c1S AUTOMATIZADA<\/h3>\n<\/li>\n<li>\n<p>        <img decoding=\"async\" src=\"\/wp-content\/uploads\/2024\/12\/PORTA-LAMES-scaled.jpg\" alt=\"\"><\/p>\n<h3>PUERTA LAMAS<\/h3>\n<\/li>\n<li>\n<p>        <img decoding=\"async\" src=\"\/wp-content\/uploads\/2024\/12\/PORTA-LASER-PINTAT-OXID-1-scaled.jpg\" alt=\"\"><\/p>\n<h3>PUERTA LASER PINTADO \u00d3XIDO<\/h3>\n<\/li>\n<li>\n<p>        <img decoding=\"async\" src=\"\/wp-content\/uploads\/2024\/12\/PORTA-MAS-NOGUER-AUTOMATITZADA.jpg\" alt=\"\"><\/p>\n<h3>PUERTA MAS NOGUER AUTOMATIZADA<\/h3>\n<\/li>\n<li>\n<p>        <img decoding=\"async\" src=\"\/wp-content\/uploads\/2024\/12\/PORTA-SECCIONAL-AUTOMATITZADA-scaled.jpg\" alt=\"\"><\/p>\n<h3>PUERTA SECCIONAL AUTOMATIZADA<\/h3>\n<\/li>\n<li>\n<p>        <img decoding=\"async\" src=\"\/wp-content\/uploads\/2024\/12\/PORTA-TUB-RECTANGULAR.jpg\" alt=\"\"><\/p>\n<h3>PUERTA TUBO RECTANGULAR<\/h3>\n<\/li>\n<li>\n<p>        <img decoding=\"async\" src=\"\/wp-content\/uploads\/2024\/12\/PORTA-ALUMINI-ENTRADA-scaled.jpg\" alt=\"\"><\/p>\n<h3>PUERTA ALUMINIO ENTRADA<\/h3>\n<\/li>\n<li>\n<p>        <img decoding=\"async\" src=\"\/wp-content\/uploads\/2024\/12\/PORTA-BARROTS.jpg\" alt=\"\"><\/p>\n<h3>PUERTA BARROTES<\/h3>\n<\/li>\n<li>\n<p>        <img decoding=\"async\" src=\"\/wp-content\/uploads\/2024\/12\/PORTA-BATENT-DUES-FULLES.jpg\" alt=\"\"><\/p>\n<h3>PUERTA BATENTE 2 HOJAS<\/h3>\n<\/li>\n<\/ul>\n<div>\n<p>Nombre: MECANIZADOS Y PERFILES PUERTAS<\/p>\n<\/div>\n<div>\n<p>Categor\u00eda: MECANIZADOS Y PERFILES<\/p>\n<\/div>\n<div>\n<p>Descripci\u00f3n: Realizamos todo tipo de puertas: batientes, correderas, carpinter\u00eda, con automatizaci\u00f3n opcional. Pueden ser de distintos materiales y acabados seg\u00fan petici\u00f3n de los clientes.<\/p>\n<p>Tipo:<\/p>\n<ul>\n<li>PUERTA BARROTES<\/li>\n<li>PUERTA BATENTE 2 HOJAS<\/li>\n<li>PUERTA LAMAS<\/li>\n<li>PUERTA LASER PINTADO \u00d3XIDO<\/li>\n<li>PUERTA TUBO RECTANGULAR<\/li>\n<li>PUERTA ALUMINIO ENTRADA<\/li>\n<li>PUERTA CORREDERA EL PALM\u00c1S<\/li>\n<li>AUTOMATIZADA<\/li>\n<li>PUERTA MAS NOGUER AUTOMATIZADA<\/li>\n<li>PUERTA SECCIONAL AUTOMATIZADA<\/li>\n<\/ul>\n<\/div>\n<p><!--more--><br \/>\n<!-- {\"type\":\"layout\",\"children\":[{\"type\":\"section\",\"props\":{\"image_position\":\"center-center\",\"style\":\"default\",\"title_breakpoint\":\"xl\",\"title_position\":\"top-left\",\"title_rotation\":\"left\",\"vertical_align\":\"middle\",\"width\":\"default\"},\"children\":[{\"type\":\"row\",\"children\":[{\"type\":\"column\",\"props\":{\"image_position\":\"center-center\",\"position_sticky_breakpoint\":\"m\"},\"children\":[{\"type\":\"html\",\"props\":{\"content\":\"<a class=\\\"uk-button uk-button-default\\\" href=\\\"javascript:history.back()\\\"><span uk-icon=arrow-left><\\\/span><\\\/a>\"}},{\"type\":\"headline\",\"props\":{\"content\":\"MECANIZADOS Y PERFILES PUERTAS\",\"title_element\":\"h1\"}}]}]}]},{\"type\":\"section\",\"props\":{\"image_position\":\"center-center\",\"style\":\"default\",\"title_breakpoint\":\"xl\",\"title_position\":\"top-left\",\"title_rotation\":\"left\",\"vertical_align\":\"middle\",\"width\":\"default\"},\"children\":[{\"type\":\"row\",\"children\":[{\"type\":\"column\",\"props\":{\"image_position\":\"center-center\",\"position_sticky_breakpoint\":\"m\",\"width_medium\":\"1-2\"},\"children\":[{\"type\":\"panel-slider\",\"props\":{\"content_column_breakpoint\":\"m\",\"icon_width\":80,\"image_align\":\"top\",\"image_grid_breakpoint\":\"m\",\"image_grid_width\":\"1-2\",\"image_height\":\"800\",\"image_svg_color\":\"emphasis\",\"image_width\":\"700\",\"link_style\":\"default\",\"link_text\":\"\",\"margin\":\"default\",\"meta_align\":\"below-title\",\"meta_element\":\"div\",\"meta_style\":\"text-meta\",\"nav\":\"dotnav\",\"nav_align\":\"center\",\"nav_breakpoint\":\"s\",\"panel_match\":true,\"show_content\":true,\"show_hover_image\":true,\"show_hover_video\":true,\"show_image\":true,\"show_link\":true,\"show_meta\":true,\"show_title\":true,\"show_video\":true,\"slidenav\":\"outside\",\"slidenav_breakpoint\":\"xl\",\"slidenav_margin\":\"medium\",\"slidenav_outside_breakpoint\":\"xl\",\"slider_autoplay_pause\":true,\"slider_divider\":false,\"slider_gap\":\"default\",\"slider_width\":\"fixed\",\"slider_width_default\":\"1-1\",\"slider_width_large\":\"1-1\",\"slider_width_medium\":\"1-3\",\"title_align\":\"top\",\"title_element\":\"h3\",\"title_grid_breakpoint\":\"m\",\"title_grid_width\":\"1-2\",\"title_hover_style\":\"reset\"},\"children\":[{\"type\":\"panel-slider_item\",\"props\":{\"image\":\"wp-content\\\/uploads\\\/2024\\\/12\\\/PORTA-CORREDISSA-EL-PALMAS-AUTOMATITZADA.jpg\",\"title\":\"PUERTA CORREDERA EL PALM\\u00c1S AUTOMATIZADA\"}},{\"type\":\"panel-slider_item\",\"props\":{\"image\":\"wp-content\\\/uploads\\\/2024\\\/12\\\/PORTA-LAMES-scaled.jpg\",\"title\":\"PUERTA LAMAS\"}},{\"type\":\"panel-slider_item\",\"props\":{\"image\":\"wp-content\\\/uploads\\\/2024\\\/12\\\/PORTA-LASER-PINTAT-OXID-1-scaled.jpg\",\"title\":\"PUERTA LASER PINTADO \\u00d3XIDO\"}},{\"type\":\"panel-slider_item\",\"props\":{\"image\":\"wp-content\\\/uploads\\\/2024\\\/12\\\/PORTA-MAS-NOGUER-AUTOMATITZADA.jpg\",\"title\":\"PUERTA MAS NOGUER AUTOMATIZADA\"}},{\"type\":\"panel-slider_item\",\"props\":{\"image\":\"wp-content\\\/uploads\\\/2024\\\/12\\\/PORTA-SECCIONAL-AUTOMATITZADA-scaled.jpg\",\"title\":\"PUERTA SECCIONAL AUTOMATIZADA\"}},{\"type\":\"panel-slider_item\",\"props\":{\"image\":\"wp-content\\\/uploads\\\/2024\\\/12\\\/PORTA-TUB-RECTANGULAR.jpg\",\"title\":\"PUERTA TUBO RECTANGULAR\"}},{\"type\":\"panel-slider_item\",\"props\":{\"image\":\"wp-content\\\/uploads\\\/2024\\\/12\\\/PORTA-ALUMINI-ENTRADA-scaled.jpg\",\"title\":\"PUERTA ALUMINIO ENTRADA\"}},{\"type\":\"panel-slider_item\",\"props\":{\"image\":\"wp-content\\\/uploads\\\/2024\\\/12\\\/PORTA-BARROTS.jpg\",\"title\":\"PUERTA BARROTES\"}},{\"type\":\"panel-slider_item\",\"props\":{\"image\":\"wp-content\\\/uploads\\\/2024\\\/12\\\/PORTA-BATENT-DUES-FULLES.jpg\",\"title\":\"PUERTA BATENTE 2 HOJAS\"}}]}]},{\"type\":\"column\",\"props\":{\"image_position\":\"center-center\",\"position_sticky_breakpoint\":\"m\",\"width_medium\":\"1-2\"},\"children\":[{\"type\":\"text\",\"props\":{\"column_breakpoint\":\"m\",\"content\":\"\n\n<p>Nombre: MECANIZADOS Y PERFILES PUERTAS<\\\/p>\",\"margin\":\"default\"}},{\"type\":\"text\",\"props\":{\"column_breakpoint\":\"m\",\"content\":\"\n\n<p>Categor\\u00eda: MECANIZADOS Y PERFILES<\\\/p>\",\"margin\":\"default\"}},{\"type\":\"text\",\"props\":{\"column_breakpoint\":\"m\",\"content\":\"\n\n<p>Descripci\\u00f3n: Realizamos todo tipo de puertas: batientes, correderas, carpinter\\u00eda, con automatizaci\\u00f3n opcional. Pueden ser de distintos materiales y acabados seg\\u00fan petici\\u00f3n de los clientes.<\\\/p>\\n\n\n<p>Tipo:<\\\/p>\\n\n\n<ul>\\n\n\n<li>PUERTA BARROTES<\\\/li>\\n\n\n<li>PUERTA BATENTE 2 HOJAS<\\\/li>\\n\n\n<li>PUERTA LAMAS<\\\/li>\\n\n\n<li>PUERTA LASER PINTADO \\u00d3XIDO<\\\/li>\\n\n\n<li>PUERTA TUBO RECTANGULAR<\\\/li>\\n\n\n<li>PUERTA ALUMINIO ENTRADA<\\\/li>\\n\n\n<li>PUERTA CORREDERA EL PALM\\u00c1S<\\\/li>\\n\n\n<li>AUTOMATIZADA<\\\/li>\\n\n\n<li>PUERTA MAS NOGUER AUTOMATIZADA<\\\/li>\\n\n\n<li>PUERTA SECCIONAL AUTOMATIZADA<\\\/li>\\n<\\\/ul>\",\"margin\":\"default\"}}]}],\"props\":{\"layout\":\"1-2,1-2\"}}]},{\"type\":\"section\",\"props\":{\"image_position\":\"center-center\",\"status\":\"disabled\",\"style\":\"default\",\"title_breakpoint\":\"xl\",\"title_position\":\"top-left\",\"title_rotation\":\"left\",\"vertical_align\":\"middle\",\"width\":\"default\"},\"children\":[{\"type\":\"row\",\"children\":[{\"type\":\"column\",\"props\":{\"image_position\":\"center-center\",\"position_sticky_breakpoint\":\"m\"},\"children\":[{\"type\":\"text\",\"props\":{\"column_breakpoint\":\"m\",\"content\":\"\n\n<p>PRODUCTOS RELACIONADOS<\\\/p>\",\"margin\":\"default\"}},{\"type\":\"panel-slider\",\"props\":{\"content_column_breakpoint\":\"m\",\"icon_width\":80,\"image_align\":\"top\",\"image_grid_breakpoint\":\"m\",\"image_grid_width\":\"1-2\",\"image_svg_color\":\"emphasis\",\"link_style\":\"default\",\"link_text\":\"Read more\",\"margin\":\"default\",\"meta_align\":\"below-title\",\"meta_element\":\"div\",\"meta_style\":\"text-meta\",\"nav\":\"dotnav\",\"nav_align\":\"center\",\"nav_breakpoint\":\"s\",\"panel_match\":true,\"show_content\":true,\"show_hover_image\":true,\"show_hover_video\":true,\"show_image\":true,\"show_link\":true,\"show_meta\":true,\"show_title\":true,\"show_video\":true,\"slidenav\":\"outside\",\"slidenav_breakpoint\":\"xl\",\"slidenav_margin\":\"medium\",\"slidenav_outside_breakpoint\":\"xl\",\"slider_autoplay_pause\":true,\"slider_gap\":\"default\",\"slider_width\":\"fixed\",\"slider_width_default\":\"1-1\",\"slider_width_medium\":\"1-3\",\"title_align\":\"top\",\"title_element\":\"h3\",\"title_grid_breakpoint\":\"m\",\"title_grid_width\":\"1-2\",\"title_hover_style\":\"reset\"},\"children\":[{\"type\":\"panel-slider_item\",\"props\":{\"image\":\"wp-content\\\/uploads\\\/2024\\\/07\\\/17935_w.png\",\"title\":\"17935_w\"}},{\"type\":\"panel-slider_item\",\"props\":{\"image\":\"wp-content\\\/uploads\\\/2024\\\/07\\\/17935_w.png\",\"title\":\"17935_w\"}},{\"type\":\"panel-slider_item\",\"props\":{\"image\":\"wp-content\\\/uploads\\\/2024\\\/07\\\/17935_w.png\",\"title\":\"17935_w\"}}]}]}]}]}],\"version\":\"4.5.11\"} --><\/p>\n","protected":false},"excerpt":{"rendered":"<p>MECANIZADOS Y PERFILES PUERTAS PUERTA CORREDERA EL PALM\u00c1S AUTOMATIZADA PUERTA LAMAS PUERTA LASER PINTADO \u00d3XIDO PUERTA MAS NOGUER AUTOMATIZADA PUERTA SECCIONAL AUTOMATIZADA PUERTA TUBO RECTANGULAR PUERTA ALUMINIO ENTRADA PUERTA BARROTES PUERTA BATENTE 2 HOJAS Nombre: MECANIZADOS Y PERFILES PUERTAS Categor\u00eda: MECANIZADOS Y PERFILES Descripci\u00f3n: Realizamos todo tipo de puertas: batientes, correderas, carpinter\u00eda, con automatizaci\u00f3n opcional. [&hellip;]<\/p>\n","protected":false},"author":3,"featured_media":0,"parent":0,"menu_order":0,"comment_status":"closed","ping_status":"closed","template":"","meta":{"footnotes":""},"categories":[],"tags":[],"class_list":["post-5226","page","type-page","status-publish","hentry"],"_links":{"self":[{"href":"https:\/\/www.chaper.es\/es\/wp-json\/wp\/v2\/pages\/5226","targetHints":{"allow":["GET"]}}],"collection":[{"href":"https:\/\/www.chaper.es\/es\/wp-json\/wp\/v2\/pages"}],"about":[{"href":"https:\/\/www.chaper.es\/es\/wp-json\/wp\/v2\/types\/page"}],"author":[{"embeddable":true,"href":"https:\/\/www.chaper.es\/es\/wp-json\/wp\/v2\/users\/3"}],"replies":[{"embeddable":true,"href":"https:\/\/www.chaper.es\/es\/wp-json\/wp\/v2\/comments?post=5226"}],"version-history":[{"count":5,"href":"https:\/\/www.chaper.es\/es\/wp-json\/wp\/v2\/pages\/5226\/revisions"}],"predecessor-version":[{"id":5767,"href":"https:\/\/www.chaper.es\/es\/wp-json\/wp\/v2\/pages\/5226\/revisions\/5767"}],"wp:attachment":[{"href":"https:\/\/www.chaper.es\/es\/wp-json\/wp\/v2\/media?parent=5226"}],"wp:term":[{"taxonomy":"category","embeddable":true,"href":"https:\/\/www.chaper.es\/es\/wp-json\/wp\/v2\/categories?post=5226"},{"taxonomy":"post_tag","embeddable":true,"href":"https:\/\/www.chaper.es\/es\/wp-json\/wp\/v2\/tags?post=5226"}],"curies":[{"name":"wp","href":"https:\/\/api.w.org\/{rel}","templated":true}]}}