{"id":5231,"date":"2024-12-12T20:26:12","date_gmt":"2024-12-12T19:26:12","guid":{"rendered":"https:\/\/www.chaper.es\/mecanizados-y-perfiles-valles\/"},"modified":"2025-04-26T18:30:22","modified_gmt":"2025-04-26T16:30:22","slug":"mecanizados-y-perfiles-vallas","status":"publish","type":"page","link":"https:\/\/www.chaper.es\/es\/mecanizados-y-perfiles-vallas\/","title":{"rendered":"MECANIZADOS Y PERFILES VALLAS"},"content":{"rendered":"<div>\n<p>    <a class=\"uk-button uk-button-default\" href=\"javascript:history.back()\"><span uk-icon=arrow-left><\/span><\/a>\n<\/div>\n<h1>MECANIZADOS Y PERFILES VALLES<\/h1>\n<ul>\n<li>\n<p>        <img decoding=\"async\" src=\"\/wp-content\/uploads\/2024\/12\/DECORATIVA-scaled.jpg\" alt=\"\"><\/p>\n<h3>DECORATIVA<\/h3>\n<\/li>\n<li>\n<p>        <img decoding=\"async\" src=\"\/wp-content\/uploads\/2024\/12\/LAMES-scaled.jpg\" alt=\"\"><\/p>\n<h3>LAMAS<\/h3>\n<\/li>\n<li>\n<p>        <img decoding=\"async\" src=\"\/wp-content\/uploads\/2024\/12\/PERFIL-U-scaled.jpg\" alt=\"\"><\/p>\n<h3>PERFIL U<\/h3>\n<\/li>\n<li>\n<p>        <img decoding=\"async\" src=\"\/wp-content\/uploads\/2024\/12\/PLANXA-PERFORADA-scaled.jpg\" alt=\"\"><\/p>\n<h3>PLANCHA PERFORADA<\/h3>\n<\/li>\n<li>\n<p>        <img decoding=\"async\" src=\"\/wp-content\/uploads\/2024\/12\/REIXA-1.jpg\" alt=\"\"><\/p>\n<h3>VERJA<\/h3>\n<\/li>\n<\/ul>\n<div>\n<p>Nombre: MECANIZADOS Y PERFILES VALLES<\/p>\n<\/div>\n<div>\n<p>Categor\u00eda: MECANIZADOS Y PERFILES<\/p>\n<\/div>\n<div>\n<p>Descripci\u00f3n: Vallas, carpinter\u00eda y cierres exteriores con diferentes materiales y dise\u00f1os seg\u00fan necesidades.<\/p>\n<p>Tipo:<\/p>\n<ul>\n<li>LAMAS<\/li>\n<li>VERJA<\/li>\n<li>PLANCHA PERFORADA<\/li>\n<li>PERFIL U<\/li>\n<li>DECORATIVA<\/li>\n<\/ul>\n<\/div>\n<p><!--more--><br \/>\n<!-- {\"type\":\"layout\",\"children\":[{\"type\":\"section\",\"props\":{\"image_position\":\"center-center\",\"style\":\"default\",\"title_breakpoint\":\"xl\",\"title_position\":\"top-left\",\"title_rotation\":\"left\",\"vertical_align\":\"middle\",\"width\":\"default\"},\"children\":[{\"type\":\"row\",\"children\":[{\"type\":\"column\",\"props\":{\"image_position\":\"center-center\",\"position_sticky_breakpoint\":\"m\"},\"children\":[{\"type\":\"html\",\"props\":{\"content\":\"<a class=\\\"uk-button uk-button-default\\\" href=\\\"javascript:history.back()\\\"><span uk-icon=arrow-left><\\\/span><\\\/a>\"}},{\"type\":\"headline\",\"props\":{\"content\":\"MECANIZADOS Y PERFILES VALLES\",\"title_element\":\"h1\"}}]}]}]},{\"type\":\"section\",\"props\":{\"image_position\":\"center-center\",\"style\":\"default\",\"title_breakpoint\":\"xl\",\"title_position\":\"top-left\",\"title_rotation\":\"left\",\"vertical_align\":\"middle\",\"width\":\"default\"},\"children\":[{\"type\":\"row\",\"children\":[{\"type\":\"column\",\"props\":{\"image_position\":\"center-center\",\"position_sticky_breakpoint\":\"m\",\"width_medium\":\"1-2\"},\"children\":[{\"type\":\"panel-slider\",\"props\":{\"content_column_breakpoint\":\"m\",\"icon_width\":80,\"image_align\":\"top\",\"image_grid_breakpoint\":\"m\",\"image_grid_width\":\"1-2\",\"image_height\":\"800\",\"image_svg_color\":\"emphasis\",\"image_width\":\"700\",\"link_style\":\"default\",\"link_text\":\"\",\"margin\":\"default\",\"meta_align\":\"below-title\",\"meta_element\":\"div\",\"meta_style\":\"text-meta\",\"nav\":\"dotnav\",\"nav_align\":\"center\",\"nav_breakpoint\":\"s\",\"panel_match\":true,\"show_content\":true,\"show_hover_image\":true,\"show_hover_video\":true,\"show_image\":true,\"show_link\":true,\"show_meta\":true,\"show_title\":true,\"show_video\":true,\"slidenav\":\"outside\",\"slidenav_breakpoint\":\"xl\",\"slidenav_margin\":\"medium\",\"slidenav_outside_breakpoint\":\"xl\",\"slider_autoplay_pause\":true,\"slider_divider\":false,\"slider_gap\":\"default\",\"slider_width\":\"fixed\",\"slider_width_default\":\"1-1\",\"slider_width_large\":\"1-1\",\"slider_width_medium\":\"1-3\",\"title_align\":\"top\",\"title_element\":\"h3\",\"title_grid_breakpoint\":\"m\",\"title_grid_width\":\"1-2\",\"title_hover_style\":\"reset\"},\"children\":[{\"type\":\"panel-slider_item\",\"props\":{\"image\":\"wp-content\\\/uploads\\\/2024\\\/12\\\/DECORATIVA-scaled.jpg\",\"title\":\"DECORATIVA\"}},{\"type\":\"panel-slider_item\",\"props\":{\"image\":\"wp-content\\\/uploads\\\/2024\\\/12\\\/LAMES-scaled.jpg\",\"title\":\"LAMAS\"}},{\"type\":\"panel-slider_item\",\"props\":{\"image\":\"wp-content\\\/uploads\\\/2024\\\/12\\\/PERFIL-U-scaled.jpg\",\"title\":\"PERFIL U\"}},{\"type\":\"panel-slider_item\",\"props\":{\"image\":\"wp-content\\\/uploads\\\/2024\\\/12\\\/PLANXA-PERFORADA-scaled.jpg\",\"title\":\"PLANCHA PERFORADA\"}},{\"type\":\"panel-slider_item\",\"props\":{\"image\":\"wp-content\\\/uploads\\\/2024\\\/12\\\/REIXA-1.jpg\",\"title\":\"VERJA\"}}]}]},{\"type\":\"column\",\"props\":{\"image_position\":\"center-center\",\"position_sticky_breakpoint\":\"m\",\"width_medium\":\"1-2\"},\"children\":[{\"type\":\"text\",\"props\":{\"column_breakpoint\":\"m\",\"content\":\"\n\n<p>Nombre: MECANIZADOS Y PERFILES VALLES<\\\/p>\",\"margin\":\"default\"}},{\"type\":\"text\",\"props\":{\"column_breakpoint\":\"m\",\"content\":\"\n\n<p>Categor\\u00eda: MECANIZADOS Y PERFILES<\\\/p>\",\"margin\":\"default\"}},{\"type\":\"text\",\"props\":{\"column_breakpoint\":\"m\",\"content\":\"\n\n<p>Descripci\\u00f3n: Vallas, carpinter\\u00eda y cierres exteriores con diferentes materiales y dise\\u00f1os seg\\u00fan necesidades.<\\\/p>\\n\n\n<p>Tipo:<\\\/p>\\n\n\n<ul>\\n\n\n<li>LAMAS<\\\/li>\\n\n\n<li>VERJA<\\\/li>\\n\n\n<li>PLANCHA PERFORADA<\\\/li>\\n\n\n<li>PERFIL U<\\\/li>\\n\n\n<li>DECORATIVA<\\\/li>\\n<\\\/ul>\",\"margin\":\"default\"}}]}],\"props\":{\"layout\":\"1-2,1-2\"}}]},{\"type\":\"section\",\"props\":{\"image_position\":\"center-center\",\"status\":\"disabled\",\"style\":\"default\",\"title_breakpoint\":\"xl\",\"title_position\":\"top-left\",\"title_rotation\":\"left\",\"vertical_align\":\"middle\",\"width\":\"default\"},\"children\":[{\"type\":\"row\",\"children\":[{\"type\":\"column\",\"props\":{\"image_position\":\"center-center\",\"position_sticky_breakpoint\":\"m\"},\"children\":[{\"type\":\"text\",\"props\":{\"column_breakpoint\":\"m\",\"content\":\"\n\n<p>PRODUCTOS RELACIONADOS<\\\/p>\",\"margin\":\"default\"}},{\"type\":\"panel-slider\",\"props\":{\"content_column_breakpoint\":\"m\",\"icon_width\":80,\"image_align\":\"top\",\"image_grid_breakpoint\":\"m\",\"image_grid_width\":\"1-2\",\"image_svg_color\":\"emphasis\",\"link_style\":\"default\",\"link_text\":\"Read more\",\"margin\":\"default\",\"meta_align\":\"below-title\",\"meta_element\":\"div\",\"meta_style\":\"text-meta\",\"nav\":\"dotnav\",\"nav_align\":\"center\",\"nav_breakpoint\":\"s\",\"panel_match\":true,\"show_content\":true,\"show_hover_image\":true,\"show_hover_video\":true,\"show_image\":true,\"show_link\":true,\"show_meta\":true,\"show_title\":true,\"show_video\":true,\"slidenav\":\"outside\",\"slidenav_breakpoint\":\"xl\",\"slidenav_margin\":\"medium\",\"slidenav_outside_breakpoint\":\"xl\",\"slider_autoplay_pause\":true,\"slider_gap\":\"default\",\"slider_width\":\"fixed\",\"slider_width_default\":\"1-1\",\"slider_width_medium\":\"1-3\",\"title_align\":\"top\",\"title_element\":\"h3\",\"title_grid_breakpoint\":\"m\",\"title_grid_width\":\"1-2\",\"title_hover_style\":\"reset\"},\"children\":[{\"type\":\"panel-slider_item\",\"props\":{\"image\":\"wp-content\\\/uploads\\\/2024\\\/07\\\/17935_w.png\",\"title\":\"17935_w\"}},{\"type\":\"panel-slider_item\",\"props\":{\"image\":\"wp-content\\\/uploads\\\/2024\\\/07\\\/17935_w.png\",\"title\":\"17935_w\"}},{\"type\":\"panel-slider_item\",\"props\":{\"image\":\"wp-content\\\/uploads\\\/2024\\\/07\\\/17935_w.png\",\"title\":\"17935_w\"}}]}]}]}]}],\"version\":\"4.5.11\"} --><\/p>\n","protected":false},"excerpt":{"rendered":"<p>MECANIZADOS Y PERFILES VALLES DECORATIVA LAMAS PERFIL U PLANCHA PERFORADA VERJA Nombre: MECANIZADOS Y PERFILES VALLES Categor\u00eda: MECANIZADOS Y PERFILES Descripci\u00f3n: Vallas, carpinter\u00eda y cierres exteriores con diferentes materiales y dise\u00f1os seg\u00fan necesidades. Tipo: LAMAS VERJA PLANCHA PERFORADA PERFIL U DECORATIVA<\/p>","protected":false},"author":3,"featured_media":0,"parent":0,"menu_order":0,"comment_status":"closed","ping_status":"closed","template":"","meta":{"footnotes":""},"categories":[],"tags":[],"class_list":["post-5231","page","type-page","status-publish","hentry"],"_links":{"self":[{"href":"https:\/\/www.chaper.es\/es\/wp-json\/wp\/v2\/pages\/5231","targetHints":{"allow":["GET"]}}],"collection":[{"href":"https:\/\/www.chaper.es\/es\/wp-json\/wp\/v2\/pages"}],"about":[{"href":"https:\/\/www.chaper.es\/es\/wp-json\/wp\/v2\/types\/page"}],"author":[{"embeddable":true,"href":"https:\/\/www.chaper.es\/es\/wp-json\/wp\/v2\/users\/3"}],"replies":[{"embeddable":true,"href":"https:\/\/www.chaper.es\/es\/wp-json\/wp\/v2\/comments?post=5231"}],"version-history":[{"count":5,"href":"https:\/\/www.chaper.es\/es\/wp-json\/wp\/v2\/pages\/5231\/revisions"}],"predecessor-version":[{"id":5768,"href":"https:\/\/www.chaper.es\/es\/wp-json\/wp\/v2\/pages\/5231\/revisions\/5768"}],"wp:attachment":[{"href":"https:\/\/www.chaper.es\/es\/wp-json\/wp\/v2\/media?parent=5231"}],"wp:term":[{"taxonomy":"category","embeddable":true,"href":"https:\/\/www.chaper.es\/es\/wp-json\/wp\/v2\/categories?post=5231"},{"taxonomy":"post_tag","embeddable":true,"href":"https:\/\/www.chaper.es\/es\/wp-json\/wp\/v2\/tags?post=5231"}],"curies":[{"name":"wp","href":"https:\/\/api.w.org\/{rel}","templated":true}]}}