{"id":5247,"date":"2024-12-12T20:33:17","date_gmt":"2024-12-12T19:33:17","guid":{"rendered":"https:\/\/www.chaper.es\/mecanizados-chimeneas-sombrillos\/"},"modified":"2025-05-06T13:39:11","modified_gmt":"2025-05-06T11:39:11","slug":"mecanizados-chimeneas-sombreros","status":"publish","type":"page","link":"https:\/\/www.chaper.es\/es\/mecanizados-chimeneas-sombreros\/","title":{"rendered":"MECANIZADOS CHIMENEAS SOMBREROS"},"content":{"rendered":"<div>\n<p>    <a class=\"uk-button uk-button-default\" href=\"javascript:history.back()\"><span uk-icon=arrow-left><\/span><\/a>\n<\/div>\n<h1>MECANIZADOS CHIMENEAS SOMBREROS<\/h1>\n<p><img decoding=\"async\" src=\"\/wp-content\/uploads\/2025\/05\/BARRET-LAMA-INOX.jpg\" alt=\"SOMBRERO LAMA INOX\"><br \/>\n<img decoding=\"async\" src=\"\/wp-content\/uploads\/2025\/04\/BARRET-CORBAT-scaled-d2c78b49.webp\" alt=\"SOMBRERO CURBADO\"><\/p>\n<div>\n<p>Nombre: MECANIZADOS CHIMENEAS SOMBREROS<\/p>\n<\/div>\n<div>\n<p>Categor\u00eda: MECANIZADOS Y PERFILES<\/p>\n<\/div>\n<div>\n<p>Descripci\u00f3n: Fabricamos sombreros para chimeneas de diferentes modelos y tama\u00f1os adaptados a cada cliente: sombreros de 2 y 4 vertientes, curvados, de lamas, con todo tipo de materiales: hierro, inoxidable, de acero corten, con acabados en bruto o pintados<\/p>\n<p>Tipos disponibles:<\/p>\n<ul>\n<li>SOMBRERO LAMA INOX<\/li>\n<li>SOMBRERO CURBADO<\/li>\n<\/ul>\n<\/div>\n<p><!--more--><br \/>\n<!-- {\"type\":\"layout\",\"children\":[{\"type\":\"section\",\"props\":{\"image_position\":\"center-center\",\"style\":\"default\",\"title_breakpoint\":\"xl\",\"title_position\":\"top-left\",\"title_rotation\":\"left\",\"vertical_align\":\"middle\",\"width\":\"default\"},\"children\":[{\"type\":\"row\",\"children\":[{\"type\":\"column\",\"props\":{\"image_position\":\"center-center\",\"position_sticky_breakpoint\":\"m\"},\"children\":[{\"type\":\"html\",\"props\":{\"content\":\"<a class=\\\"uk-button uk-button-default\\\" href=\\\"javascript:history.back()\\\"><span uk-icon=arrow-left><\\\/span><\\\/a>\"}},{\"type\":\"headline\",\"props\":{\"content\":\"MECANIZADOS CHIMENEAS SOMBREROS\",\"title_element\":\"h1\"}}]}]}]},{\"type\":\"section\",\"props\":{\"image_position\":\"center-center\",\"style\":\"default\",\"title_breakpoint\":\"xl\",\"title_position\":\"top-left\",\"title_rotation\":\"left\",\"vertical_align\":\"middle\",\"width\":\"default\"},\"children\":[{\"type\":\"row\",\"children\":[{\"type\":\"column\",\"props\":{\"image_position\":\"center-center\",\"position_sticky_breakpoint\":\"m\",\"width_medium\":\"1-2\"},\"children\":[{\"type\":\"image\",\"props\":{\"image\":\"wp-content\\\/uploads\\\/2025\\\/05\\\/BARRET-LAMA-INOX.jpg\",\"image_alt\":\"SOMBRERO LAMA INOX\",\"image_svg_color\":\"emphasis\",\"image_width\":600,\"margin\":\"default\"}},{\"type\":\"image\",\"props\":{\"image\":\"wp-content\\\/uploads\\\/2025\\\/04\\\/BARRET-CORBAT-scaled-d2c78b49.webp\",\"image_alt\":\"SOMBRERO CURBADO\",\"image_svg_color\":\"emphasis\",\"image_width\":600,\"margin\":\"default\"}}]},{\"type\":\"column\",\"props\":{\"image_position\":\"center-center\",\"position_sticky_breakpoint\":\"m\",\"width_medium\":\"1-2\"},\"children\":[{\"type\":\"text\",\"props\":{\"column_breakpoint\":\"m\",\"content\":\"\n\n<p>Nombre: MECANIZADOS CHIMENEAS SOMBREROS<\\\/p>\",\"margin\":\"default\"}},{\"type\":\"text\",\"props\":{\"column_breakpoint\":\"m\",\"content\":\"\n\n<p>Categor\\u00eda: MECANIZADOS Y PERFILES<\\\/p>\",\"margin\":\"default\"}},{\"type\":\"text\",\"props\":{\"column_breakpoint\":\"m\",\"content\":\"\n\n<p>Descripci\\u00f3n: Fabricamos sombreros para chimeneas de diferentes modelos y tama\\u00f1os adaptados a cada cliente: sombreros de 2 y 4 vertientes, curvados, de lamas, con todo tipo de materiales: hierro, inoxidable, de acero corten, con acabados en bruto o pintados<\\\/p>\\n\n\n<p>Tipos disponibles:<\\\/p>\\n\n\n<ul>\\n\n\n<li>SOMBRERO LAMA INOX<\\\/li>\\n\n\n<li>SOMBRERO CURBADO<\\\/li>\\n<\\\/ul>\",\"margin\":\"default\"}}]}],\"props\":{\"layout\":\"1-2,1-2\"}}]}],\"version\":\"4.5.11\"} --><\/p>\n","protected":false},"excerpt":{"rendered":"<p>MECANIZADOS CHIMENEAS SOMBREROS Nombre: MECANIZADOS CHIMENEAS SOMBREROS Categor\u00eda: MECANIZADOS Y PERFILES Descripci\u00f3n: Fabricamos sombreros para chimeneas de diferentes modelos y tama\u00f1os adaptados a cada cliente: sombreros de 2 y 4 vertientes, curvados, de lamas, con todo tipo de materiales: hierro, inoxidable, de acero corten, con acabados en bruto o pintados Tipos disponibles: SOMBRERO LAMA INOX [&hellip;]<\/p>\n","protected":false},"author":3,"featured_media":0,"parent":0,"menu_order":0,"comment_status":"closed","ping_status":"closed","template":"","meta":{"footnotes":""},"categories":[],"tags":[],"class_list":["post-5247","page","type-page","status-publish","hentry"],"_links":{"self":[{"href":"https:\/\/www.chaper.es\/es\/wp-json\/wp\/v2\/pages\/5247","targetHints":{"allow":["GET"]}}],"collection":[{"href":"https:\/\/www.chaper.es\/es\/wp-json\/wp\/v2\/pages"}],"about":[{"href":"https:\/\/www.chaper.es\/es\/wp-json\/wp\/v2\/types\/page"}],"author":[{"embeddable":true,"href":"https:\/\/www.chaper.es\/es\/wp-json\/wp\/v2\/users\/3"}],"replies":[{"embeddable":true,"href":"https:\/\/www.chaper.es\/es\/wp-json\/wp\/v2\/comments?post=5247"}],"version-history":[{"count":5,"href":"https:\/\/www.chaper.es\/es\/wp-json\/wp\/v2\/pages\/5247\/revisions"}],"predecessor-version":[{"id":5874,"href":"https:\/\/www.chaper.es\/es\/wp-json\/wp\/v2\/pages\/5247\/revisions\/5874"}],"wp:attachment":[{"href":"https:\/\/www.chaper.es\/es\/wp-json\/wp\/v2\/media?parent=5247"}],"wp:term":[{"taxonomy":"category","embeddable":true,"href":"https:\/\/www.chaper.es\/es\/wp-json\/wp\/v2\/categories?post=5247"},{"taxonomy":"post_tag","embeddable":true,"href":"https:\/\/www.chaper.es\/es\/wp-json\/wp\/v2\/tags?post=5247"}],"curies":[{"name":"wp","href":"https:\/\/api.w.org\/{rel}","templated":true}]}}