{"id":5267,"date":"2024-11-29T18:44:06","date_gmt":"2024-11-29T17:44:06","guid":{"rendered":"https:\/\/www.chaper.es\/mobiliario-urbano-vitrinas\/"},"modified":"2025-04-30T18:13:51","modified_gmt":"2025-04-30T16:13:51","slug":"mobiliario-urbano-vitrinas","status":"publish","type":"page","link":"https:\/\/www.chaper.es\/es\/mobiliario-urbano-vitrinas\/","title":{"rendered":"MOBILIARIO URBANO VITRINAS"},"content":{"rendered":"<h1>\n<h1 style=\"text-align: center; color: red;\">VITRINAS<\/h1>\n<\/h1>\n<div>\n<p>    <a class=\"uk-button uk-button-default\" href=\"javascript:history.back()\"><span uk-icon=arrow-left><\/span><\/a>\n<\/div>\n<h1>CATEGOR\u00cdAS<\/h1>\n<ul>\n<li>\n<p>        <img decoding=\"async\" src=\"\/wp-content\/uploads\/2025\/04\/VITRINA-TRADICIO-A-PARET.bmp\" alt=\"\"><\/p>\n<div>VITRINA TRADICI\u00d3N A PARED<\/div>\n<div>\n<p><a href=\"https:\/\/www.chaper.es\/es\/vitrina-tradicio-a-paret\/\" aria-label=\"+ INFO\" class=\"el-link uk-button uk-button-default uk-width-1-1\" role=\"button\">+ INFO<\/a><\/p>\n<\/div>\n<\/li>\n<li>\n<p>        <img decoding=\"async\" src=\"\/wp-content\/uploads\/2025\/04\/VITRINA-CLASSICA-PORTA-FRONTAL.bmp\" alt=\"\"><\/p>\n<div>VITRINA CL\u00c1SICA PUERTA FRONTAL<\/div>\n<div>\n<p><a href=\"https:\/\/www.chaper.es\/es\/vitrina-classica-porta-frontal\/\" aria-label=\"+ INFO\" class=\"el-link uk-button uk-button-default uk-width-1-1\" role=\"button\">+ INFO<\/a><\/p>\n<\/div>\n<\/li>\n<li>\n<p>        <img decoding=\"async\" src=\"\/wp-content\/uploads\/2025\/04\/VITRINA-CLASSICA-PORTA-LATERAL.bmp\" alt=\"\"><\/p>\n<div>VITRINA CL\u00c1SICA PUERTA LATERAL<\/div>\n<div>\n<p><a href=\"https:\/\/www.chaper.es\/es\/vitrina-classica-porta-lateral\/\" aria-label=\"+ INFO\" class=\"el-link uk-button uk-button-default uk-width-1-1\" role=\"button\">+ INFO<\/a><\/p>\n<\/div>\n<\/li>\n<li>\n<p>        <img decoding=\"async\" src=\"\/wp-content\/uploads\/2025\/04\/VITRINA-EDGE-SIMPLE-FRONTAL.bmp\" alt=\"\"><\/p>\n<div>VITRINA EDGE SIMPLE FRONTAL<\/div>\n<div>\n<p><a href=\"https:\/\/www.chaper.es\/es\/vitrina-edge-simple-frontal\/\" aria-label=\"+ INFO\" class=\"el-link uk-button uk-button-default uk-width-1-1\" role=\"button\">+ INFO<\/a><\/p>\n<\/div>\n<\/li>\n<li>\n<p>        <img decoding=\"async\" src=\"\/wp-content\/uploads\/2025\/04\/VITRINA-EDGE-SIMPLE-LATERAL.bmp\" alt=\"\"><\/p>\n<div>VITRINA EDGE SIMPLE LATERAL<\/div>\n<div>\n<p><a href=\"https:\/\/www.chaper.es\/es\/vitrina-edge-simple-lateral\/\" aria-label=\"+ INFO\" class=\"el-link uk-button uk-button-default uk-width-1-1\" role=\"button\">+ INFO<\/a><\/p>\n<\/div>\n<\/li>\n<li>\n<p>        <img decoding=\"async\" src=\"\/wp-content\/uploads\/2025\/04\/VITRINA-PROVINCIA-CAPCALERA-1.bmp\" alt=\"\"><\/p>\n<div>VITRINA PROVINCIA CABECERA<\/div>\n<div>\n<p><a href=\"https:\/\/www.chaper.es\/es\/vitrina-provincia-capcalera-2\/\" aria-label=\"+ INFO\" class=\"el-link uk-button uk-button-default uk-width-1-1\" role=\"button\">+ INFO<\/a><\/p>\n<\/div>\n<p><a href=\"https:\/\/www.chaper.es\/es\/vitrina-provincia-capcalera-2\/\"><\/a><\/p>\n<\/li>\n<li>\n<p>        <img decoding=\"async\" src=\"\/wp-content\/uploads\/2025\/04\/VITRINA-PROVINCIA-SENSE-CAPCALERA.bmp\" alt=\"\"><\/p>\n<div>VITRINA PROVINCIA SIN CABECERA<\/div>\n<div>\n<p><a href=\"https:\/\/www.chaper.es\/es\/vitrina-provincia-sense-capcalera\/\" aria-label=\"+ INFO\" class=\"el-link uk-button uk-button-default uk-width-1-1\" role=\"button\">+ INFO<\/a><\/p>\n<\/div>\n<\/li>\n<\/ul>\n<p><!--more--><br \/>\n<!-- {\"type\":\"layout\",\"children\":[{\"type\":\"section\",\"props\":{\"height\":\"viewport\",\"height_viewport\":60,\"image\":\"wp-content\\\/uploads\\\/2024\\\/11\\\/VITRINA-PROVINCIA-CAPCALERA.png\",\"image_height\":800,\"image_position\":\"center-center\",\"image_size\":\"cover\",\"image_width\":600,\"media_background\":\"rgba(255, 255, 255, 0.69)\",\"media_overlay\":\"rgba(255, 255, 255, 0.32)\",\"style\":\"default\",\"title_breakpoint\":\"xl\",\"title_position\":\"top-left\",\"title_rotation\":\"left\",\"vertical_align\":\"middle\",\"width\":\"xlarge\"},\"children\":[{\"type\":\"row\",\"children\":[{\"type\":\"column\",\"props\":{\"image_position\":\"center-center\",\"position_sticky_breakpoint\":\"m\"},\"children\":[{\"type\":\"headline\",\"props\":{\"block_align\":\"center\",\"content\":\"\n\n<h1 style=\\\"text-align: center; color: red;\\\">VITRINAS<\\\/h1>\",\"maxwidth\":\"2xlarge\",\"text_align\":\"center\",\"title_element\":\"h1\",\"title_style\":\"heading-3xlarge\"}}]}]}]},{\"type\":\"section\",\"props\":{\"image_position\":\"center-center\",\"style\":\"default\",\"title_breakpoint\":\"xl\",\"title_position\":\"top-left\",\"title_rotation\":\"left\",\"vertical_align\":\"middle\",\"width\":\"default\"},\"children\":[{\"type\":\"row\",\"children\":[{\"type\":\"column\",\"props\":{\"image_position\":\"center-center\",\"position_sticky_breakpoint\":\"m\"},\"children\":[{\"type\":\"html\",\"props\":{\"content\":\"<a class=\\\"uk-button uk-button-default\\\" href=\\\"javascript:history.back()\\\"><span uk-icon=arrow-left><\\\/span><\\\/a>\"}},{\"type\":\"headline\",\"props\":{\"content\":\"CATEGOR\\u00cdAS\",\"title_element\":\"h1\"}},{\"type\":\"search\",\"props\":{\"search_size\":\"small\"}},{\"name\":\"Gallery Filter\",\"type\":\"gallery\",\"children\":[{\"type\":\"gallery_item\",\"props\":{\"content\":\"\n\n<p><a href=\\\"vitrina-tradicio-a-paret\\\/\\\" aria-label=\\\"+ INFO\\\" class=\\\"el-link uk-button uk-button-default uk-width-1-1\\\" role=\\\"button\\\">+ INFO<\\\/a><\\\/p>\\n\\n\\n\\n\\n\",\"image\":\"wp-content\\\/uploads\\\/2025\\\/04\\\/VITRINA-TRADICIO-A-PARET.bmp\",\"tags\":\"VITRINAS\",\"title\":\"VITRINA TRADICI\\u00d3N A PARED\"}},{\"type\":\"gallery_item\",\"props\":{\"content\":\"\n\n<p><a href=\\\"vitrina-classica-porta-frontal\\\/\\\" aria-label=\\\"+ INFO\\\" class=\\\"el-link uk-button uk-button-default uk-width-1-1\\\" role=\\\"button\\\">+ INFO<\\\/a><\\\/p>\\n\\n\\n\\n\\n\",\"image\":\"wp-content\\\/uploads\\\/2025\\\/04\\\/VITRINA-CLASSICA-PORTA-FRONTAL.bmp\",\"tags\":\"VITRINAS\",\"title\":\"VITRINA CL\\u00c1SICA PUERTA FRONTAL\"}},{\"type\":\"gallery_item\",\"props\":{\"content\":\"\n\n<p><a href=\\\"vitrina-classica-porta-lateral\\\/\\\" aria-label=\\\"+ INFO\\\" class=\\\"el-link uk-button uk-button-default uk-width-1-1\\\" role=\\\"button\\\">+ INFO<\\\/a><\\\/p>\\n\\n\\n\\n\\n\",\"image\":\"wp-content\\\/uploads\\\/2025\\\/04\\\/VITRINA-CLASSICA-PORTA-LATERAL.bmp\",\"tags\":\"VITRINAS\",\"title\":\"VITRINA CL\\u00c1SICA PUERTA LATERAL\"}},{\"type\":\"gallery_item\",\"props\":{\"content\":\"\n\n<p><a href=\\\"vitrina-edge-simple-frontal\\\/\\\" aria-label=\\\"+ INFO\\\" class=\\\"el-link uk-button uk-button-default uk-width-1-1\\\" role=\\\"button\\\">+ INFO<\\\/a><\\\/p>\\n\\n\\n\\n\\n\",\"image\":\"wp-content\\\/uploads\\\/2025\\\/04\\\/VITRINA-EDGE-SIMPLE-FRONTAL.bmp\",\"tags\":\"VITRINAS\",\"title\":\"VITRINA EDGE SIMPLE FRONTAL\"}},{\"type\":\"gallery_item\",\"props\":{\"content\":\"\n\n<p><a href=\\\"vitrina-edge-simple-lateral\\\/\\\" aria-label=\\\"+ INFO\\\" class=\\\"el-link uk-button uk-button-default uk-width-1-1\\\" role=\\\"button\\\">+ INFO<\\\/a><\\\/p>\\n\\n\\n\\n\\n\",\"image\":\"wp-content\\\/uploads\\\/2025\\\/04\\\/VITRINA-EDGE-SIMPLE-LATERAL.bmp\",\"tags\":\"VITRINAS\",\"title\":\"VITRINA EDGE SIMPLE LATERAL\"}},{\"type\":\"gallery_item\",\"props\":{\"content\":\"\n\n<p><a href=\\\"vitrina-provincia-capcalera-2\\\/\\\" aria-label=\\\"+ INFO\\\" class=\\\"el-link uk-button uk-button-default uk-width-1-1\\\" role=\\\"button\\\">+ INFO<\\\/a><\\\/p>\\n\\n\\n\\n\\n\",\"image\":\"wp-content\\\/uploads\\\/2025\\\/04\\\/VITRINA-PROVINCIA-CAPCALERA-1.bmp\",\"link\":\"vitrina-provincia-capcalera-2\\\/\",\"tags\":\"VITRINAS\",\"title\":\"VITRINA PROVINCIA CABECERA\"}},{\"type\":\"gallery_item\",\"props\":{\"content\":\"\n\n<p><a href=\\\"vitrina-provincia-sense-capcalera\\\/\\\" aria-label=\\\"+ INFO\\\" class=\\\"el-link uk-button uk-button-default uk-width-1-1\\\" role=\\\"button\\\">+ INFO<\\\/a><\\\/p>\\n\\n\\n\\n\\n\",\"image\":\"wp-content\\\/uploads\\\/2025\\\/04\\\/VITRINA-PROVINCIA-SENSE-CAPCALERA.bmp\",\"tags\":\"VITRINAS\",\"title\":\"VITRINA PROVINCIA SIN CABECERA\"}}],\"props\":{\"block_align\":\"center\",\"filter\":true,\"filter_align\":\"left\",\"filter_all\":false,\"filter_all_label\":\"Tots\",\"filter_grid_breakpoint\":\"m\",\"filter_grid_width\":\"auto\",\"filter_margin\":\"medium\",\"filter_position\":\"left\",\"filter_style\":\"subnav-pill\",\"grid_column_gap\":\"small\",\"grid_default\":\"1\",\"grid_medium\":\"3\",\"grid_row_gap\":\"small\",\"grid_small\":\"2\",\"grid_xlarge\":\"5\",\"image_height\":800,\"image_transition\":\"scale-up\",\"image_transition_border\":true,\"image_width\":600,\"item_animation\":true,\"lightbox\":true,\"lightbox_bg_close\":true,\"link_style\":\"default\",\"link_text\":\"\",\"margin\":\"default\",\"meta_align\":\"below-title\",\"meta_element\":\"div\",\"meta_style\":\"text-meta\",\"overlay_hover\":true,\"overlay_link\":false,\"overlay_mode\":\"cover\",\"overlay_position\":\"center\",\"overlay_style\":\"overlay-primary\",\"overlay_transition\":\"fade\",\"parallax_easing\":\"1\",\"show_content\":true,\"show_hover_image\":true,\"show_hover_video\":true,\"show_link\":true,\"show_meta\":true,\"show_title\":true,\"text_align\":\"center\",\"text_color\":\"light\",\"title_color\":\"primary\",\"title_element\":\"div\",\"title_hover_style\":\"reset\",\"title_style\":\"h5\"}}]}]}]},{\"type\":\"section\",\"props\":{\"image_position\":\"center-center\",\"style\":\"default\",\"title_breakpoint\":\"xl\",\"title_position\":\"top-left\",\"title_rotation\":\"left\",\"vertical_align\":\"middle\",\"width\":\"default\"},\"children\":[{\"type\":\"row\",\"children\":[{\"type\":\"column\",\"props\":{\"image_position\":\"center-center\",\"position_sticky_breakpoint\":\"m\"},\"children\":[{\"type\":\"totop\",\"props\":{\"margin\":\"default\",\"text_align\":\"right\",\"title\":\"Subir arriba\",\"title_grid_column_gap\":\"small\",\"title_grid_row_gap\":\"small\"}}]}]}]}],\"version\":\"4.5.11\"} --><\/p>\n","protected":false},"excerpt":{"rendered":"<p>VITRINAS CATEGOR\u00cdAS VITRINA TRADICI\u00d3N A PARED + INFO VITRINA CL\u00c1SICA PUERTA FRONTAL + INFO VITRINA CL\u00c1SICA PUERTA LATERAL + INFO VITRINA EDGE SIMPLE FRONTAL + INFO VITRINA EDGE SIMPLE LATERAL + INFO VITRINA PROVINCIA CABECERA + INFO VITRINA PROVINCIA SIN CABECERA + INFO<\/p>","protected":false},"author":3,"featured_media":0,"parent":0,"menu_order":0,"comment_status":"closed","ping_status":"closed","template":"","meta":{"footnotes":""},"categories":[],"tags":[],"class_list":["post-5267","page","type-page","status-publish","hentry"],"_links":{"self":[{"href":"https:\/\/www.chaper.es\/es\/wp-json\/wp\/v2\/pages\/5267","targetHints":{"allow":["GET"]}}],"collection":[{"href":"https:\/\/www.chaper.es\/es\/wp-json\/wp\/v2\/pages"}],"about":[{"href":"https:\/\/www.chaper.es\/es\/wp-json\/wp\/v2\/types\/page"}],"author":[{"embeddable":true,"href":"https:\/\/www.chaper.es\/es\/wp-json\/wp\/v2\/users\/3"}],"replies":[{"embeddable":true,"href":"https:\/\/www.chaper.es\/es\/wp-json\/wp\/v2\/comments?post=5267"}],"version-history":[{"count":5,"href":"https:\/\/www.chaper.es\/es\/wp-json\/wp\/v2\/pages\/5267\/revisions"}],"predecessor-version":[{"id":5854,"href":"https:\/\/www.chaper.es\/es\/wp-json\/wp\/v2\/pages\/5267\/revisions\/5854"}],"wp:attachment":[{"href":"https:\/\/www.chaper.es\/es\/wp-json\/wp\/v2\/media?parent=5267"}],"wp:term":[{"taxonomy":"category","embeddable":true,"href":"https:\/\/www.chaper.es\/es\/wp-json\/wp\/v2\/categories?post=5267"},{"taxonomy":"post_tag","embeddable":true,"href":"https:\/\/www.chaper.es\/es\/wp-json\/wp\/v2\/tags?post=5267"}],"curies":[{"name":"wp","href":"https:\/\/api.w.org\/{rel}","templated":true}]}}