{"id":5287,"date":"2024-11-29T19:46:57","date_gmt":"2024-11-29T18:46:57","guid":{"rendered":"https:\/\/www.chaper.es\/orientativa-medioambiental\/"},"modified":"2025-03-21T15:00:03","modified_gmt":"2025-03-21T14:00:03","slug":"orientativa-medioambiental","status":"publish","type":"page","link":"https:\/\/www.chaper.es\/es\/orientativa-medioambiental\/","title":{"rendered":"ORIENTATIVA MEDIOAMBIENTAL"},"content":{"rendered":"<h1>\n<h1 style=\"text-align: center; color: red;\">ORIENTATIVA MEDIOAMBIENTAL<\/h1>\n<\/h1>\n<div>\n<p>    <a class=\"uk-button uk-button-default\" href=\"javascript:history.back()\"><span uk-icon=arrow-left><\/span><\/a>\n<\/div>\n<h1>CATEGOR\u00cdAS<\/h1>\n<ul>\n<li>\n<p>        <img decoding=\"async\" src=\"\/wp-content\/uploads\/2024\/11\/ALUCOM-MASIES-scaled.jpg\" alt=\"\"><\/p>\n<div>ALUCOM MAS\u00cdAS<\/div>\n<div>\n<p><a href=\"https:\/\/www.chaper.es\/es\/orientativa-alucom-masias\/\" aria-label=\"+ INFO\" class=\"el-link uk-button uk-button-default uk-width-1-1\" role=\"button\">+ INFO<\/a><\/p>\n<\/div>\n<\/li>\n<li>\n<p>        <img decoding=\"async\" src=\"\/wp-content\/uploads\/2024\/11\/MASIES.jpg\" alt=\"\"><\/p>\n<div>MAS\u00cdAS<\/div>\n<div>\n<p><a href=\"https:\/\/www.chaper.es\/es\/orientativa-masias\/\" aria-label=\"+ INFO\" class=\"el-link uk-button uk-button-default uk-width-1-1\" role=\"button\">+ INFO<\/a><\/p>\n<\/div>\n<\/li>\n<li>\n<p>        <img decoding=\"async\" src=\"\/wp-content\/uploads\/2024\/12\/ORIENTATIVA-FUSTA-GRAVADA-scaled.jpg\" alt=\"\"><\/p>\n<div>MADERA GRABADA<\/div>\n<div>\n<p><a href=\"https:\/\/www.chaper.es\/orientativa-mediambiental-fusta-gravada\/\" aria-label=\"+ INFO\" class=\"el-link uk-button uk-button-default uk-width-1-1\" role=\"button\">+ INFO<\/a><\/p>\n<\/div>\n<\/li>\n<li>\n<p>        <img decoding=\"async\" src=\"\/wp-content\/uploads\/2024\/12\/PORTS-DE-MUNTANYA.jpg\" alt=\"\"><\/p>\n<div>PUERTOS DE MONTA\u00d1A<\/div>\n<div>\n<p><a href=\"https:\/\/www.chaper.es\/orientativa-mediambiental-ports-de-muntanya\/\" aria-label=\"+ INFO\" class=\"el-link uk-button uk-button-default uk-width-1-1\" role=\"button\">+ INFO<\/a><\/p>\n<\/div>\n<\/li>\n<\/ul>\n<p><!--more--><br \/>\n<!-- {\"type\":\"layout\",\"children\":[{\"type\":\"section\",\"props\":{\"height\":\"viewport\",\"height_viewport\":60,\"image\":\"wp-content\\\/uploads\\\/2024\\\/11\\\/ALUCOM-MASIES-scaled.jpg\",\"image_height\":800,\"image_position\":\"center-center\",\"image_size\":\"cover\",\"image_width\":600,\"media_background\":\"rgba(255, 255, 255, 0.69)\",\"media_overlay\":\"rgba(255, 255, 255, 0.32)\",\"style\":\"default\",\"title_breakpoint\":\"xl\",\"title_position\":\"top-left\",\"title_rotation\":\"left\",\"vertical_align\":\"middle\",\"width\":\"xlarge\"},\"children\":[{\"type\":\"row\",\"children\":[{\"type\":\"column\",\"props\":{\"image_position\":\"center-center\",\"position_sticky_breakpoint\":\"m\"},\"children\":[{\"type\":\"headline\",\"props\":{\"block_align\":\"center\",\"content\":\"\n\n<h1 style=\\\"text-align: center; color: red;\\\">ORIENTATIVA MEDIOAMBIENTAL<\\\/h1>\",\"maxwidth\":\"2xlarge\",\"text_align\":\"center\",\"title_element\":\"h1\",\"title_style\":\"heading-3xlarge\"}}]}]}]},{\"type\":\"section\",\"props\":{\"image_position\":\"center-center\",\"style\":\"default\",\"title_breakpoint\":\"xl\",\"title_position\":\"top-left\",\"title_rotation\":\"left\",\"vertical_align\":\"middle\",\"width\":\"default\"},\"children\":[{\"type\":\"row\",\"children\":[{\"type\":\"column\",\"props\":{\"image_position\":\"center-center\",\"position_sticky_breakpoint\":\"m\"},\"children\":[{\"type\":\"html\",\"props\":{\"content\":\"<a class=\\\"uk-button uk-button-default\\\" href=\\\"javascript:history.back()\\\"><span uk-icon=arrow-left><\\\/span><\\\/a>\"}},{\"type\":\"headline\",\"props\":{\"content\":\"CATEGOR\\u00cdAS\",\"title_element\":\"h1\"}},{\"type\":\"search\",\"props\":{\"search_size\":\"small\"}},{\"name\":\"Gallery Filter\",\"type\":\"gallery\",\"children\":[{\"type\":\"gallery_item\",\"props\":{\"content\":\"\n\n<p><a href=\\\"orientativa-alucom-masies\\\/\\\" aria-label=\\\"+ INFO\\\" class=\\\"el-link uk-button uk-button-default uk-width-1-1\\\" role=\\\"button\\\">+ INFO<\\\/a><\\\/p>\\n\\n\\n\\n\\n\",\"image\":\"wp-content\\\/uploads\\\/2024\\\/11\\\/ALUCOM-MASIES-scaled.jpg\",\"tags\":\"ORIENTATIVA MEDIOAMBIENTAL\",\"title\":\"ALUCOM MAS\\u00cdAS\"}},{\"type\":\"gallery_item\",\"props\":{\"content\":\"\n\n<p><a href=\\\"orientativa-masies\\\/\\\" aria-label=\\\"+ INFO\\\" class=\\\"el-link uk-button uk-button-default uk-width-1-1\\\" role=\\\"button\\\">+ INFO<\\\/a><\\\/p>\\n\\n\\n\\n\\n\",\"image\":\"wp-content\\\/uploads\\\/2024\\\/11\\\/MASIES.jpg\",\"tags\":\"ORIENTATIVA MEDIOAMBIENTAL\",\"title\":\"MAS\\u00cdAS\"}},{\"type\":\"gallery_item\",\"props\":{\"content\":\"\n\n<p><a href=\\\"orientativa-mediambiental-fusta-gravada\\\/\\\" aria-label=\\\"+ INFO\\\" class=\\\"el-link uk-button uk-button-default uk-width-1-1\\\" role=\\\"button\\\">+ INFO<\\\/a><\\\/p>\\n\\n\\n\\n\\n\",\"image\":\"wp-content\\\/uploads\\\/2024\\\/12\\\/ORIENTATIVA-FUSTA-GRAVADA-scaled.jpg\",\"tags\":\"ORIENTATIVA MEDIOAMBIENTAL\",\"title\":\"MADERA GRABADA\"}},{\"type\":\"gallery_item\",\"props\":{\"content\":\"\n\n<p><a href=\\\"orientativa-mediambiental-ports-de-muntanya\\\/\\\" aria-label=\\\"+ INFO\\\" class=\\\"el-link uk-button uk-button-default uk-width-1-1\\\" role=\\\"button\\\">+ INFO<\\\/a><\\\/p>\\n\\n\\n\\n\\n\",\"image\":\"wp-content\\\/uploads\\\/2024\\\/12\\\/PORTS-DE-MUNTANYA.jpg\",\"tags\":\"ORIENTATIVA MEDIOAMBIENTAL\",\"title\":\"PUERTOS DE MONTA\\u00d1A\"}}],\"props\":{\"block_align\":\"center\",\"filter\":true,\"filter_align\":\"left\",\"filter_all\":false,\"filter_all_label\":\"Tots\",\"filter_grid_breakpoint\":\"m\",\"filter_grid_width\":\"auto\",\"filter_margin\":\"medium\",\"filter_position\":\"left\",\"filter_style\":\"subnav-pill\",\"grid_column_gap\":\"small\",\"grid_default\":\"1\",\"grid_medium\":\"3\",\"grid_row_gap\":\"small\",\"grid_small\":\"2\",\"grid_xlarge\":\"5\",\"image_height\":\"800\",\"image_transition\":\"scale-up\",\"image_transition_border\":true,\"image_width\":\"600\",\"item_animation\":true,\"lightbox\":true,\"lightbox_bg_close\":true,\"link_style\":\"default\",\"link_text\":\"\",\"margin\":\"default\",\"meta_align\":\"below-title\",\"meta_element\":\"div\",\"meta_style\":\"text-meta\",\"overlay_hover\":true,\"overlay_link\":false,\"overlay_mode\":\"cover\",\"overlay_position\":\"center\",\"overlay_style\":\"overlay-primary\",\"overlay_transition\":\"fade\",\"parallax_easing\":\"1\",\"show_content\":true,\"show_hover_image\":true,\"show_hover_video\":true,\"show_link\":true,\"show_meta\":true,\"show_title\":true,\"text_align\":\"center\",\"text_color\":\"light\",\"title_color\":\"primary\",\"title_element\":\"div\",\"title_hover_style\":\"reset\",\"title_style\":\"h5\"}}]}]}]},{\"type\":\"section\",\"props\":{\"image_position\":\"center-center\",\"style\":\"default\",\"title_breakpoint\":\"xl\",\"title_position\":\"top-left\",\"title_rotation\":\"left\",\"vertical_align\":\"middle\",\"width\":\"default\"},\"children\":[{\"type\":\"row\",\"children\":[{\"type\":\"column\",\"props\":{\"image_position\":\"center-center\",\"position_sticky_breakpoint\":\"m\"},\"children\":[{\"type\":\"totop\",\"props\":{\"margin\":\"default\",\"text_align\":\"right\",\"title\":\"Subir arriba\",\"title_grid_column_gap\":\"small\",\"title_grid_row_gap\":\"small\"}}]}]}]}],\"version\":\"4.5.10\"} --><\/p>\n","protected":false},"excerpt":{"rendered":"<p>ORIENTATIVA MEDIOAMBIENTAL CATEGOR\u00cdAS ALUCOM MAS\u00cdAS + INFO MAS\u00cdAS + INFO MADERA GRABADA + INFO PUERTOS DE MONTA\u00d1A + INFO<\/p>","protected":false},"author":3,"featured_media":0,"parent":0,"menu_order":0,"comment_status":"closed","ping_status":"closed","template":"","meta":{"footnotes":""},"categories":[],"tags":[],"class_list":["post-5287","page","type-page","status-publish","hentry"],"_links":{"self":[{"href":"https:\/\/www.chaper.es\/es\/wp-json\/wp\/v2\/pages\/5287","targetHints":{"allow":["GET"]}}],"collection":[{"href":"https:\/\/www.chaper.es\/es\/wp-json\/wp\/v2\/pages"}],"about":[{"href":"https:\/\/www.chaper.es\/es\/wp-json\/wp\/v2\/types\/page"}],"author":[{"embeddable":true,"href":"https:\/\/www.chaper.es\/es\/wp-json\/wp\/v2\/users\/3"}],"replies":[{"embeddable":true,"href":"https:\/\/www.chaper.es\/es\/wp-json\/wp\/v2\/comments?post=5287"}],"version-history":[{"count":3,"href":"https:\/\/www.chaper.es\/es\/wp-json\/wp\/v2\/pages\/5287\/revisions"}],"predecessor-version":[{"id":5292,"href":"https:\/\/www.chaper.es\/es\/wp-json\/wp\/v2\/pages\/5287\/revisions\/5292"}],"wp:attachment":[{"href":"https:\/\/www.chaper.es\/es\/wp-json\/wp\/v2\/media?parent=5287"}],"wp:term":[{"taxonomy":"category","embeddable":true,"href":"https:\/\/www.chaper.es\/es\/wp-json\/wp\/v2\/categories?post=5287"},{"taxonomy":"post_tag","embeddable":true,"href":"https:\/\/www.chaper.es\/es\/wp-json\/wp\/v2\/tags?post=5287"}],"curies":[{"name":"wp","href":"https:\/\/api.w.org\/{rel}","templated":true}]}}