{"id":5335,"date":"2024-11-29T14:06:22","date_gmt":"2024-11-29T13:06:22","guid":{"rendered":"https:\/\/www.chaper.es\/proyectos-mejora-de-la-senalizacion-turistica-de-estamariu\/"},"modified":"2025-03-21T15:42:12","modified_gmt":"2025-03-21T14:42:12","slug":"proyectos-mejora-de-la-senalizacion-turistica-de-estamariu","status":"publish","type":"page","link":"https:\/\/www.chaper.es\/es\/proyectos-mejora-de-la-senalizacion-turistica-de-estamariu\/","title":{"rendered":"PROYECTOS &#8211; MEJORA DE LA SE\u00d1ALIZACI\u00d3N TUR\u00cdSTICA DE ESTAMARIU"},"content":{"rendered":"<h1>PROYECTOS &#8211; MEJORA DE LA SE\u00d1ALIZACI\u00d3N TUR\u00cdSTICA DE ESTAMARIU<\/h1>\n<p>\n    <a href=\"https:\/\/www.chaper.es\/es\/proyectos\/\"><VOLVER A PROYECTOS<\/a>\n<\/p>\n<ul>\n<li>\n<p>        <img decoding=\"async\" src=\"\/wp-content\/uploads\/2024\/11\/CARTELL-OBRES-scaled.jpg\" alt=\"\"><\/p>\n<h3>CARTEL OBRAS<\/h3>\n<\/li>\n<li>\n<p>        <img decoding=\"async\" src=\"\/wp-content\/uploads\/2024\/11\/CARTELLERA-2.jpg\" alt=\"\"><\/p>\n<h3>CARTELERA<\/h3>\n<\/li>\n<li>\n<p>        <img decoding=\"async\" src=\"\/wp-content\/uploads\/2024\/11\/ESTAMARIU_BANC-scaled.jpg\" alt=\"\"><\/p>\n<h3>ESTAMARIU BANCO<\/h3>\n<\/li>\n<li>\n<p>        <img decoding=\"async\" src=\"\/wp-content\/uploads\/2024\/11\/ESTAMARIU_INSITU-METACRILAT-scaled.jpg\" alt=\"\"><\/p>\n<h3>ESTAMARIU INSITU METACRILADO<\/h3>\n<\/li>\n<li>\n<p>        <img decoding=\"async\" src=\"\/wp-content\/uploads\/2024\/11\/ESTAMARIU_ORIENTATIVA-ALUSPAN-scaled.jpg\" alt=\"\"><\/p>\n<h3>ESTAMARIU ORIENTATIVA ALUSPAN<\/h3>\n<\/li>\n<li>\n<p>        <img decoding=\"async\" src=\"\/wp-content\/uploads\/2024\/11\/ESTAMARIU_POBLE.jpg\" alt=\"\"><\/p>\n<h3>ESTAMARIU PUEBLO<\/h3>\n<\/li>\n<li>\n<p>        <img decoding=\"async\" src=\"\/wp-content\/uploads\/2024\/11\/ESTAMARIU_RETOL-MUNICIPI.jpg\" alt=\"\"><\/p>\n<h3>ESTAMARIU R\u00d3TULO MUNICIPIO<\/h3>\n<\/li>\n<\/ul>\n<p><!--more--><br \/>\n<!-- {\"type\":\"layout\",\"children\":[{\"type\":\"section\",\"props\":{\"image_position\":\"center-center\",\"style\":\"default\",\"title_breakpoint\":\"xl\",\"title_position\":\"top-left\",\"title_rotation\":\"left\",\"vertical_align\":\"middle\",\"width\":\"default\"},\"children\":[{\"type\":\"row\",\"children\":[{\"type\":\"column\",\"props\":{\"image_position\":\"center-center\",\"position_sticky_breakpoint\":\"m\"},\"children\":[{\"type\":\"headline\",\"props\":{\"content\":\"PROYECTOS - MEJORA DE LA SE\\u00d1ALIZACI\\u00d3N TUR\\u00cdSTICA DE ESTAMARIU\",\"title_element\":\"h1\"}},{\"type\":\"subnav\",\"children\":[{\"type\":\"subnav_item\",\"props\":{\"content\":\"<VOLVER A PROYECTOS\",\"link\":\"https:\\\/\\\/www.chaper.es\\\/es\\\/proyectos\\\/\"}}]}]}]}]},{\"type\":\"section\",\"props\":{\"image_position\":\"center-center\",\"style\":\"default\",\"title_breakpoint\":\"xl\",\"title_position\":\"top-left\",\"title_rotation\":\"left\",\"vertical_align\":\"middle\",\"width\":\"default\"},\"children\":[{\"type\":\"row\",\"children\":[{\"type\":\"column\",\"props\":{\"image_position\":\"center-center\",\"position_sticky_breakpoint\":\"m\"},\"children\":[{\"type\":\"gallery\",\"props\":{\"filter_align\":\"left\",\"filter_all\":true,\"filter_grid_breakpoint\":\"m\",\"filter_grid_width\":\"auto\",\"filter_position\":\"top\",\"filter_style\":\"tab\",\"grid_default\":\"1\",\"grid_medium\":\"3\",\"image_height\":\"400\",\"image_width\":\"300\",\"item_animation\":true,\"lightbox_bg_close\":true,\"link_style\":\"default\",\"link_text\":\"Read more\",\"margin\":\"default\",\"meta_align\":\"below-title\",\"meta_element\":\"div\",\"meta_style\":\"text-meta\",\"overlay_hover\":true,\"overlay_mode\":\"cover\",\"overlay_position\":\"center\",\"overlay_style\":\"overlay-primary\",\"overlay_transition\":\"fade\",\"show_content\":true,\"show_hover_image\":true,\"show_hover_video\":true,\"show_link\":true,\"show_meta\":true,\"show_title\":true,\"text_align\":\"center\",\"text_color\":\"light\",\"title_element\":\"h3\",\"title_hover_style\":\"reset\"},\"children\":[{\"type\":\"gallery_item\",\"props\":{\"image\":\"wp-content\\\/uploads\\\/2024\\\/11\\\/CARTELL-OBRES-scaled.jpg\",\"title\":\"CARTEL OBRAS\"}},{\"type\":\"gallery_item\",\"props\":{\"image\":\"wp-content\\\/uploads\\\/2024\\\/11\\\/CARTELLERA-2.jpg\",\"title\":\"CARTELERA\"}},{\"type\":\"gallery_item\",\"props\":{\"image\":\"wp-content\\\/uploads\\\/2024\\\/11\\\/ESTAMARIU_BANC-scaled.jpg\",\"title\":\"ESTAMARIU BANCO\"}},{\"type\":\"gallery_item\",\"props\":{\"image\":\"wp-content\\\/uploads\\\/2024\\\/11\\\/ESTAMARIU_INSITU-METACRILAT-scaled.jpg\",\"title\":\"ESTAMARIU INSITU METACRILADO\"}},{\"type\":\"gallery_item\",\"props\":{\"image\":\"wp-content\\\/uploads\\\/2024\\\/11\\\/ESTAMARIU_ORIENTATIVA-ALUSPAN-scaled.jpg\",\"title\":\"ESTAMARIU ORIENTATIVA ALUSPAN\"}},{\"type\":\"gallery_item\",\"props\":{\"image\":\"wp-content\\\/uploads\\\/2024\\\/11\\\/ESTAMARIU_POBLE.jpg\",\"title\":\"ESTAMARIU PUEBLO\"}},{\"type\":\"gallery_item\",\"props\":{\"image\":\"wp-content\\\/uploads\\\/2024\\\/11\\\/ESTAMARIU_RETOL-MUNICIPI.jpg\",\"title\":\"ESTAMARIU R\\u00d3TULO MUNICIPIO\"}}]},{\"type\":\"pagination\",\"props\":{\"pagination_type\":\"previous\\\/next\",\"text_align\":\"center\"}}]}]}]}],\"version\":\"4.5.10\"} --><\/p>\n","protected":false},"excerpt":{"rendered":"<p>PROYECTOS &#8211; MEJORA DE LA SE\u00d1ALIZACI\u00d3N TUR\u00cdSTICA DE ESTAMARIU<\/p>","protected":false},"author":3,"featured_media":0,"parent":0,"menu_order":0,"comment_status":"closed","ping_status":"closed","template":"","meta":{"footnotes":""},"categories":[],"tags":[],"class_list":["post-5335","page","type-page","status-publish","hentry"],"_links":{"self":[{"href":"https:\/\/www.chaper.es\/es\/wp-json\/wp\/v2\/pages\/5335","targetHints":{"allow":["GET"]}}],"collection":[{"href":"https:\/\/www.chaper.es\/es\/wp-json\/wp\/v2\/pages"}],"about":[{"href":"https:\/\/www.chaper.es\/es\/wp-json\/wp\/v2\/types\/page"}],"author":[{"embeddable":true,"href":"https:\/\/www.chaper.es\/es\/wp-json\/wp\/v2\/users\/3"}],"replies":[{"embeddable":true,"href":"https:\/\/www.chaper.es\/es\/wp-json\/wp\/v2\/comments?post=5335"}],"version-history":[{"count":2,"href":"https:\/\/www.chaper.es\/es\/wp-json\/wp\/v2\/pages\/5335\/revisions"}],"predecessor-version":[{"id":5337,"href":"https:\/\/www.chaper.es\/es\/wp-json\/wp\/v2\/pages\/5335\/revisions\/5337"}],"wp:attachment":[{"href":"https:\/\/www.chaper.es\/es\/wp-json\/wp\/v2\/media?parent=5335"}],"wp:term":[{"taxonomy":"category","embeddable":true,"href":"https:\/\/www.chaper.es\/es\/wp-json\/wp\/v2\/categories?post=5335"},{"taxonomy":"post_tag","embeddable":true,"href":"https:\/\/www.chaper.es\/es\/wp-json\/wp\/v2\/tags?post=5335"}],"curies":[{"name":"wp","href":"https:\/\/api.w.org\/{rel}","templated":true}]}}