{"id":5340,"date":"2024-11-29T14:09:44","date_gmt":"2024-11-29T13:09:44","guid":{"rendered":"https:\/\/www.chaper.es\/proyectos-senalizacion-camino-de-st-jaume\/"},"modified":"2025-04-26T14:04:41","modified_gmt":"2025-04-26T12:04:41","slug":"proyectos-senalizacion-camino-de-santiago","status":"publish","type":"page","link":"https:\/\/www.chaper.es\/es\/proyectos-senalizacion-camino-de-santiago\/","title":{"rendered":"PROYECTOS &#8211; SE\u00d1ALIZACI\u00d3N CAMINO DE SANTIAGO"},"content":{"rendered":"<h1>Proyectos &#8211; Se\u00f1alizaci\u00f3n camino de Santiago (T\u00e0rrega y Alfarr\u00e0s)<\/h1>\n<p>\n    <a href=\"https:\/\/www.chaper.es\/es\/proyectos\/\"><VOLVER A PROYECTOS<\/a>\n<\/p>\n<ul>\n<li>\n<p>        <img decoding=\"async\" src=\"\/wp-content\/uploads\/2024\/11\/19B-1-scaled.jpg\" alt=\"\"><\/p>\n<h3>19B<\/h3>\n<\/li>\n<li>\n<p>        <img decoding=\"async\" src=\"\/wp-content\/uploads\/2024\/11\/23.jpg\" alt=\"\"><\/p>\n<h3>23<\/h3>\n<\/li>\n<li>\n<p>        <img decoding=\"async\" src=\"\/wp-content\/uploads\/2024\/11\/40A.jpg\" alt=\"\"><\/p>\n<h3>40A<\/h3>\n<\/li>\n<li>\n<p>        <img decoding=\"async\" src=\"\/wp-content\/uploads\/2024\/11\/102B.jpeg\" alt=\"\"><\/p>\n<h3>102B<\/h3>\n<\/li>\n<li>\n<p>        <img decoding=\"async\" src=\"\/wp-content\/uploads\/2024\/11\/145-scaled.jpg\" alt=\"\"><\/p>\n<h3>145<\/h3>\n<\/li>\n<\/ul>\n<p><!--more--><br \/>\n<!-- {\"type\":\"layout\",\"children\":[{\"type\":\"section\",\"props\":{\"image_position\":\"center-center\",\"style\":\"default\",\"title_breakpoint\":\"xl\",\"title_position\":\"top-left\",\"title_rotation\":\"left\",\"vertical_align\":\"middle\",\"width\":\"default\"},\"children\":[{\"type\":\"row\",\"children\":[{\"type\":\"column\",\"props\":{\"image_position\":\"center-center\",\"position_sticky_breakpoint\":\"m\"},\"children\":[{\"type\":\"headline\",\"props\":{\"content\":\"Proyectos - Se\\u00f1alizaci\\u00f3n camino de Santiago (T\\u00e0rrega y Alfarr\\u00e0s)\",\"title_element\":\"h1\"}},{\"type\":\"subnav\",\"children\":[{\"type\":\"subnav_item\",\"props\":{\"content\":\"<VOLVER A PROYECTOS\",\"link\":\"https:\\\/\\\/www.chaper.es\\\/es\\\/proyectos\\\/\"}}]}]}]}]},{\"type\":\"section\",\"props\":{\"image_position\":\"center-center\",\"style\":\"default\",\"title_breakpoint\":\"xl\",\"title_position\":\"top-left\",\"title_rotation\":\"left\",\"vertical_align\":\"middle\",\"width\":\"default\"},\"children\":[{\"type\":\"row\",\"children\":[{\"type\":\"column\",\"props\":{\"image_position\":\"center-center\",\"position_sticky_breakpoint\":\"m\"},\"children\":[{\"type\":\"gallery\",\"props\":{\"filter_align\":\"left\",\"filter_all\":true,\"filter_grid_breakpoint\":\"m\",\"filter_grid_width\":\"auto\",\"filter_position\":\"top\",\"filter_style\":\"tab\",\"grid_default\":\"1\",\"grid_medium\":\"3\",\"image_height\":\"400\",\"image_width\":\"300\",\"item_animation\":true,\"lightbox_bg_close\":true,\"link_style\":\"default\",\"link_text\":\"Read more\",\"margin\":\"default\",\"meta_align\":\"below-title\",\"meta_element\":\"div\",\"meta_style\":\"text-meta\",\"overlay_hover\":true,\"overlay_mode\":\"cover\",\"overlay_position\":\"center\",\"overlay_style\":\"overlay-primary\",\"overlay_transition\":\"fade\",\"show_content\":true,\"show_hover_image\":true,\"show_hover_video\":true,\"show_link\":true,\"show_meta\":true,\"show_title\":true,\"text_align\":\"center\",\"text_color\":\"light\",\"title_element\":\"h3\",\"title_hover_style\":\"reset\"},\"children\":[{\"type\":\"gallery_item\",\"props\":{\"image\":\"wp-content\\\/uploads\\\/2024\\\/11\\\/19B-1-scaled.jpg\",\"title\":\"19B\"}},{\"type\":\"gallery_item\",\"props\":{\"image\":\"wp-content\\\/uploads\\\/2024\\\/11\\\/23.jpg\",\"title\":\"23\"}},{\"type\":\"gallery_item\",\"props\":{\"image\":\"wp-content\\\/uploads\\\/2024\\\/11\\\/40A.jpg\",\"title\":\"40A\"}},{\"type\":\"gallery_item\",\"props\":{\"image\":\"wp-content\\\/uploads\\\/2024\\\/11\\\/102B.jpeg\",\"title\":\"102B\"}},{\"type\":\"gallery_item\",\"props\":{\"image\":\"wp-content\\\/uploads\\\/2024\\\/11\\\/145-scaled.jpg\",\"title\":\"145\"}}]},{\"type\":\"pagination\",\"props\":{\"pagination_type\":\"previous\\\/next\",\"text_align\":\"center\"}}]}]}]}],\"version\":\"4.5.11\"} --><\/p>\n","protected":false},"excerpt":{"rendered":"<p>Proyectos &#8211; Se\u00f1alizaci\u00f3n camino de Santiago (T\u00e0rrega y Alfarr\u00e0s)<\/p>","protected":false},"author":3,"featured_media":0,"parent":0,"menu_order":0,"comment_status":"closed","ping_status":"closed","template":"","meta":{"footnotes":""},"categories":[],"tags":[],"class_list":["post-5340","page","type-page","status-publish","hentry"],"_links":{"self":[{"href":"https:\/\/www.chaper.es\/es\/wp-json\/wp\/v2\/pages\/5340","targetHints":{"allow":["GET"]}}],"collection":[{"href":"https:\/\/www.chaper.es\/es\/wp-json\/wp\/v2\/pages"}],"about":[{"href":"https:\/\/www.chaper.es\/es\/wp-json\/wp\/v2\/types\/page"}],"author":[{"embeddable":true,"href":"https:\/\/www.chaper.es\/es\/wp-json\/wp\/v2\/users\/3"}],"replies":[{"embeddable":true,"href":"https:\/\/www.chaper.es\/es\/wp-json\/wp\/v2\/comments?post=5340"}],"version-history":[{"count":3,"href":"https:\/\/www.chaper.es\/es\/wp-json\/wp\/v2\/pages\/5340\/revisions"}],"predecessor-version":[{"id":5750,"href":"https:\/\/www.chaper.es\/es\/wp-json\/wp\/v2\/pages\/5340\/revisions\/5750"}],"wp:attachment":[{"href":"https:\/\/www.chaper.es\/es\/wp-json\/wp\/v2\/media?parent=5340"}],"wp:term":[{"taxonomy":"category","embeddable":true,"href":"https:\/\/www.chaper.es\/es\/wp-json\/wp\/v2\/categories?post=5340"},{"taxonomy":"post_tag","embeddable":true,"href":"https:\/\/www.chaper.es\/es\/wp-json\/wp\/v2\/tags?post=5340"}],"curies":[{"name":"wp","href":"https:\/\/api.w.org\/{rel}","templated":true}]}}