{"id":5465,"date":"2024-11-29T22:15:54","date_gmt":"2024-11-29T21:15:54","guid":{"rendered":"https:\/\/www.chaper.es\/totemos-rectangulares-simulacion-oxido-navata-2\/"},"modified":"2025-03-21T18:13:21","modified_gmt":"2025-03-21T17:13:21","slug":"totems-rectangulares-simulacion-oxido-navata-2","status":"publish","type":"page","link":"https:\/\/www.chaper.es\/es\/totems-rectangulares-simulacion-oxido-navata-2\/","title":{"rendered":"T\u00d3TEMS RECTANGULARES SIMULACI\u00d3N \u00d3XIDO NAVATA"},"content":{"rendered":"","protected":false},"excerpt":{"rendered":"","protected":false},"author":3,"featured_media":0,"parent":0,"menu_order":0,"comment_status":"closed","ping_status":"closed","template":"","meta":{"footnotes":""},"categories":[],"tags":[],"class_list":["post-5465","page","type-page","status-publish","hentry"],"_links":{"self":[{"href":"https:\/\/www.chaper.es\/es\/wp-json\/wp\/v2\/pages\/5465","targetHints":{"allow":["GET"]}}],"collection":[{"href":"https:\/\/www.chaper.es\/es\/wp-json\/wp\/v2\/pages"}],"about":[{"href":"https:\/\/www.chaper.es\/es\/wp-json\/wp\/v2\/types\/page"}],"author":[{"embeddable":true,"href":"https:\/\/www.chaper.es\/es\/wp-json\/wp\/v2\/users\/3"}],"replies":[{"embeddable":true,"href":"https:\/\/www.chaper.es\/es\/wp-json\/wp\/v2\/comments?post=5465"}],"version-history":[{"count":1,"href":"https:\/\/www.chaper.es\/es\/wp-json\/wp\/v2\/pages\/5465\/revisions"}],"predecessor-version":[{"id":5466,"href":"https:\/\/www.chaper.es\/es\/wp-json\/wp\/v2\/pages\/5465\/revisions\/5466"}],"wp:attachment":[{"href":"https:\/\/www.chaper.es\/es\/wp-json\/wp\/v2\/media?parent=5465"}],"wp:term":[{"taxonomy":"category","embeddable":true,"href":"https:\/\/www.chaper.es\/es\/wp-json\/wp\/v2\/categories?post=5465"},{"taxonomy":"post_tag","embeddable":true,"href":"https:\/\/www.chaper.es\/es\/wp-json\/wp\/v2\/tags?post=5465"}],"curies":[{"name":"wp","href":"https:\/\/api.w.org\/{rel}","templated":true}]}}