{"id":5482,"date":"2024-11-29T22:14:07","date_gmt":"2024-11-29T21:14:07","guid":{"rendered":"https:\/\/www.chaper.es\/totemos-rectangulares-simulacion-oxido-st-juan-2\/"},"modified":"2025-03-21T18:21:33","modified_gmt":"2025-03-21T17:21:33","slug":"totems-rectangulares-simulacion-oxido-st-joan-2","status":"publish","type":"page","link":"https:\/\/www.chaper.es\/es\/totems-rectangulares-simulacion-oxido-st-joan-2\/","title":{"rendered":"T\u00d3TEMS RECTANGULARES SIMULACI\u00d3N \u00d3XIDO ST. JOAN"},"content":{"rendered":"","protected":false},"excerpt":{"rendered":"","protected":false},"author":3,"featured_media":0,"parent":0,"menu_order":0,"comment_status":"closed","ping_status":"closed","template":"","meta":{"footnotes":""},"categories":[],"tags":[],"class_list":["post-5482","page","type-page","status-publish","hentry"],"_links":{"self":[{"href":"https:\/\/www.chaper.es\/es\/wp-json\/wp\/v2\/pages\/5482","targetHints":{"allow":["GET"]}}],"collection":[{"href":"https:\/\/www.chaper.es\/es\/wp-json\/wp\/v2\/pages"}],"about":[{"href":"https:\/\/www.chaper.es\/es\/wp-json\/wp\/v2\/types\/page"}],"author":[{"embeddable":true,"href":"https:\/\/www.chaper.es\/es\/wp-json\/wp\/v2\/users\/3"}],"replies":[{"embeddable":true,"href":"https:\/\/www.chaper.es\/es\/wp-json\/wp\/v2\/comments?post=5482"}],"version-history":[{"count":1,"href":"https:\/\/www.chaper.es\/es\/wp-json\/wp\/v2\/pages\/5482\/revisions"}],"predecessor-version":[{"id":5483,"href":"https:\/\/www.chaper.es\/es\/wp-json\/wp\/v2\/pages\/5482\/revisions\/5483"}],"wp:attachment":[{"href":"https:\/\/www.chaper.es\/es\/wp-json\/wp\/v2\/media?parent=5482"}],"wp:term":[{"taxonomy":"category","embeddable":true,"href":"https:\/\/www.chaper.es\/es\/wp-json\/wp\/v2\/categories?post=5482"},{"taxonomy":"post_tag","embeddable":true,"href":"https:\/\/www.chaper.es\/es\/wp-json\/wp\/v2\/tags?post=5482"}],"curies":[{"name":"wp","href":"https:\/\/api.w.org\/{rel}","templated":true}]}}