{"id":5500,"date":"2024-12-04T20:56:59","date_gmt":"2024-12-04T19:56:59","guid":{"rendered":"https:\/\/www.chaper.es\/trafico-y-complementos-espejos\/"},"modified":"2025-05-06T13:42:41","modified_gmt":"2025-05-06T11:42:41","slug":"trafico-y-complementos-espejos","status":"publish","type":"page","link":"https:\/\/www.chaper.es\/es\/trafico-y-complementos-espejos\/","title":{"rendered":"TR\u00c1FICO Y COMPLEMENTOS ESPEJOS"},"content":{"rendered":"<div>\n<p>    <a class=\"uk-button uk-button-default\" href=\"javascript:history.back()\"><span uk-icon=arrow-left><\/span><\/a>\n<\/div>\n<h1>ESPEJOS<\/h1>\n<p><img decoding=\"async\" src=\"\/wp-content\/uploads\/2025\/05\/MIRALL-ACRILIC.jpg\" alt=\"\"><\/p>\n<div>\n<p>Nombre: ESPEJOS<\/p>\n<\/div>\n<div>\n<p>Categor\u00eda: SE\u00d1ALIZACI\u00d3N, TR\u00c1FICO Y COMPLEMENTOS<\/p>\n<\/div>\n<div>\n<p>Descripci\u00f3n: Espejos de tr\u00e1fico, tanto por interior como por exterior, con diferentes tama\u00f1os y acabados.<\/p>\n<p>Opciones disponibles:<\/p>\n<ul>\n<li>Espejo Acr\u00edlico disponible en dos tama\u00f1os, \u00d860cm y \u00d880cm<\/li>\n<li>Espejo polimir blanco disponible en dos tama\u00f1os, \u00d860cm y \u00d880cm<\/li>\n<li>Espejo de visi\u00f3n 180\u00ba de \u00d860cm<\/li>\n<li>Espejo exterior de acero inoxidable de \u00d860cm y de \u00d880cm<\/li>\n<li>Espejo interior de \u00d860<\/li>\n<li>Espejo rectangular de 800x600mm Polymir con marco blanco<\/li>\n<li>Espejo de tr\u00e1fico con marco rojo\/blanco \u00f3ptica polymir de \u00d8600 o \u00d8800cm<\/li>\n<\/ul>\n<\/div>\n<p><!--more--><br \/>\n<!-- {\"type\":\"layout\",\"children\":[{\"type\":\"section\",\"props\":{\"image_position\":\"center-center\",\"style\":\"default\",\"title_breakpoint\":\"xl\",\"title_position\":\"top-left\",\"title_rotation\":\"left\",\"vertical_align\":\"middle\",\"width\":\"default\"},\"children\":[{\"type\":\"row\",\"children\":[{\"type\":\"column\",\"props\":{\"image_position\":\"center-center\",\"position_sticky_breakpoint\":\"m\"},\"children\":[{\"type\":\"html\",\"props\":{\"content\":\"<a class=\\\"uk-button uk-button-default\\\" href=\\\"javascript:history.back()\\\"><span uk-icon=arrow-left><\\\/span><\\\/a>\"}},{\"type\":\"headline\",\"props\":{\"content\":\"ESPEJOS\",\"title_element\":\"h1\"}}]}]}]},{\"type\":\"section\",\"props\":{\"image_position\":\"center-center\",\"style\":\"default\",\"title_breakpoint\":\"xl\",\"title_position\":\"top-left\",\"title_rotation\":\"left\",\"vertical_align\":\"middle\",\"width\":\"default\"},\"children\":[{\"type\":\"row\",\"children\":[{\"type\":\"column\",\"props\":{\"image_position\":\"center-center\",\"position_sticky_breakpoint\":\"m\",\"width_medium\":\"1-2\"},\"children\":[{\"type\":\"image\",\"props\":{\"image\":\"wp-content\\\/uploads\\\/2025\\\/05\\\/MIRALL-ACRILIC.jpg\",\"image_svg_color\":\"emphasis\",\"margin\":\"default\"}}]},{\"type\":\"column\",\"props\":{\"image_position\":\"center-center\",\"position_sticky_breakpoint\":\"m\",\"width_medium\":\"1-2\"},\"children\":[{\"type\":\"text\",\"props\":{\"column_breakpoint\":\"m\",\"content\":\"\n\n<p>Nombre: ESPEJOS<\\\/p>\",\"margin\":\"default\"}},{\"type\":\"text\",\"props\":{\"column_breakpoint\":\"m\",\"content\":\"\n\n<p>Categor\\u00eda: SE\\u00d1ALIZACI\\u00d3N, TR\\u00c1FICO Y COMPLEMENTOS<\\\/p>\",\"margin\":\"default\"}},{\"type\":\"text\",\"props\":{\"column_breakpoint\":\"m\",\"content\":\"\n\n<p>Descripci\\u00f3n: Espejos de tr\\u00e1fico, tanto por interior como por exterior, con diferentes tama\\u00f1os y acabados.<\\\/p>\\n\n\n<p>Opciones disponibles:<\\\/p>\\n\n\n<ul>\\n\n\n<li>Espejo Acr\\u00edlico disponible en dos tama\\u00f1os, \\u00d860cm y \\u00d880cm<\\\/li>\\n\n\n<li>Espejo polimir blanco disponible en dos tama\\u00f1os, \\u00d860cm y \\u00d880cm<\\\/li>\\n\n\n<li>Espejo de visi\\u00f3n 180\\u00ba de \\u00d860cm<\\\/li>\\n\n\n<li>Espejo exterior de acero inoxidable de \\u00d860cm y de \\u00d880cm<\\\/li>\\n\n\n<li>Espejo interior de \\u00d860<\\\/li>\\n\n\n<li>Espejo rectangular de 800x600mm Polymir con marco blanco<\\\/li>\\n\n\n<li>Espejo de tr\\u00e1fico con marco rojo\\\/blanco \\u00f3ptica polymir de \\u00d8600 o \\u00d8800cm<\\\/li>\\n<\\\/ul>\",\"margin\":\"default\"}}]}],\"props\":{\"layout\":\"1-2,1-2\"}}]},{\"type\":\"section\",\"props\":{\"image_position\":\"center-center\",\"status\":\"disabled\",\"style\":\"default\",\"title_breakpoint\":\"xl\",\"title_position\":\"top-left\",\"title_rotation\":\"left\",\"vertical_align\":\"middle\",\"width\":\"default\"},\"children\":[{\"type\":\"row\",\"children\":[{\"type\":\"column\",\"props\":{\"image_position\":\"center-center\",\"position_sticky_breakpoint\":\"m\"},\"children\":[{\"type\":\"text\",\"props\":{\"column_breakpoint\":\"m\",\"content\":\"\n\n<p>PRODUCTOS RELACIONADOS<\\\/p>\",\"margin\":\"default\"}},{\"type\":\"panel-slider\",\"props\":{\"content_column_breakpoint\":\"m\",\"icon_width\":80,\"image_align\":\"top\",\"image_grid_breakpoint\":\"m\",\"image_grid_width\":\"1-2\",\"image_svg_color\":\"emphasis\",\"link_style\":\"default\",\"link_text\":\"Read more\",\"margin\":\"default\",\"meta_align\":\"below-title\",\"meta_element\":\"div\",\"meta_style\":\"text-meta\",\"nav\":\"dotnav\",\"nav_align\":\"center\",\"nav_breakpoint\":\"s\",\"panel_match\":true,\"show_content\":true,\"show_hover_image\":true,\"show_hover_video\":true,\"show_image\":true,\"show_link\":true,\"show_meta\":true,\"show_title\":true,\"show_video\":true,\"slidenav\":\"outside\",\"slidenav_breakpoint\":\"xl\",\"slidenav_margin\":\"medium\",\"slidenav_outside_breakpoint\":\"xl\",\"slider_autoplay_pause\":true,\"slider_gap\":\"default\",\"slider_width\":\"fixed\",\"slider_width_default\":\"1-1\",\"slider_width_medium\":\"1-3\",\"title_align\":\"top\",\"title_element\":\"h3\",\"title_grid_breakpoint\":\"m\",\"title_grid_width\":\"1-2\",\"title_hover_style\":\"reset\"},\"children\":[{\"type\":\"panel-slider_item\",\"props\":{\"image\":\"wp-content\\\/uploads\\\/2024\\\/07\\\/17935_w.png\",\"title\":\"17935_w\"}},{\"type\":\"panel-slider_item\",\"props\":{\"image\":\"wp-content\\\/uploads\\\/2024\\\/07\\\/17935_w.png\",\"title\":\"17935_w\"}},{\"type\":\"panel-slider_item\",\"props\":{\"image\":\"wp-content\\\/uploads\\\/2024\\\/07\\\/17935_w.png\",\"title\":\"17935_w\"}}]}]}]}]}],\"version\":\"4.5.11\"} --><\/p>\n","protected":false},"excerpt":{"rendered":"<p>ESPEJOS Nombre: ESPEJOS Categor\u00eda: SE\u00d1ALIZACI\u00d3N, TR\u00c1FICO Y COMPLEMENTOS Descripci\u00f3n: Espejos de tr\u00e1fico, tanto por interior como por exterior, con diferentes tama\u00f1os y acabados. Opciones disponibles: Espejo Acr\u00edlico disponible en dos tama\u00f1os, \u00d860cm y \u00d880cm Espejo polimir blanco disponible en dos tama\u00f1os, \u00d860cm y \u00d880cm Espejo de visi\u00f3n 180\u00ba de \u00d860cm Espejo exterior de acero inoxidable [&hellip;]<\/p>\n","protected":false},"author":3,"featured_media":0,"parent":0,"menu_order":0,"comment_status":"closed","ping_status":"closed","template":"","meta":{"footnotes":""},"categories":[],"tags":[],"class_list":["post-5500","page","type-page","status-publish","hentry"],"_links":{"self":[{"href":"https:\/\/www.chaper.es\/es\/wp-json\/wp\/v2\/pages\/5500","targetHints":{"allow":["GET"]}}],"collection":[{"href":"https:\/\/www.chaper.es\/es\/wp-json\/wp\/v2\/pages"}],"about":[{"href":"https:\/\/www.chaper.es\/es\/wp-json\/wp\/v2\/types\/page"}],"author":[{"embeddable":true,"href":"https:\/\/www.chaper.es\/es\/wp-json\/wp\/v2\/users\/3"}],"replies":[{"embeddable":true,"href":"https:\/\/www.chaper.es\/es\/wp-json\/wp\/v2\/comments?post=5500"}],"version-history":[{"count":4,"href":"https:\/\/www.chaper.es\/es\/wp-json\/wp\/v2\/pages\/5500\/revisions"}],"predecessor-version":[{"id":5878,"href":"https:\/\/www.chaper.es\/es\/wp-json\/wp\/v2\/pages\/5500\/revisions\/5878"}],"wp:attachment":[{"href":"https:\/\/www.chaper.es\/es\/wp-json\/wp\/v2\/media?parent=5500"}],"wp:term":[{"taxonomy":"category","embeddable":true,"href":"https:\/\/www.chaper.es\/es\/wp-json\/wp\/v2\/categories?post=5500"},{"taxonomy":"post_tag","embeddable":true,"href":"https:\/\/www.chaper.es\/es\/wp-json\/wp\/v2\/tags?post=5500"}],"curies":[{"name":"wp","href":"https:\/\/api.w.org\/{rel}","templated":true}]}}